{"id":78065,"date":"2021-02-21T19:55:53","date_gmt":"2021-02-21T19:55:53","guid":{"rendered":"https:\/\/www.autonvaraosahaku.fi\/?product=metelli-15-1728-vetonivel"},"modified":"2021-02-21T19:55:58","modified_gmt":"2021-02-21T19:55:58","slug":"metelli-15-1728-vetonivel","status":"publish","type":"product","link":"https:\/\/www.autonvaraosahaku.fi\/?product=metelli-15-1728-vetonivel","title":{"rendered":"METELLI 15-1728 Vetonivel"},"content":{"rendered":"<p>Kierremitta: M20 x 1,5, M20x1,5; Mekaanisesti ty\u00f6stetty: Sokkauralla sis\u00e4osassa; Sis\u00e4hammastus, py\u00f6r\u00e4npuoli: 23; Ulkohammastus, py\u00f6r\u00e4npuoli: 25; Tiivisteen l\u00e4pimitta [mm]: 52,5; Ulkol\u00e4pimitta [mm]: 82; Materiaali: Kumi; Asennuspuoli: radseitig; DACIA: LODGY,DOKKER,DOKKER Express; RENAULT: MEGANE III Grandtour KZ0\/1,SC\u00c9NIC III JZ0\/1_,MEGANE III Schr\u00e4gheck BZ0_,GRAND SC\u00c9NIC III JZ0\/1_,MEGANE III Coupe DZ0\/1_,MEGANE CC EZ0\/1_,MEGANE IV B9A\/M_,MEGANE IV Grandtour K9A\/M_,MEGANE IV Stufenheck; 391001063R, 391004751R, 391006276R, 391010195R, 391011406R, 391013387R, 391014021R, 391019110R, 391010195R, 8200788672, 8200788674; Nivelsarja, Vetoakseli<\/p>\n","protected":false},"excerpt":{"rendered":"<p>METELLI Vetonivel 15-1728 Nivelsarja, Vetoakseli DACIA,RENAULT,LODGY,DOKKER,DOKKER Express,MEGANE III Grandtour KZ0\/1,SC\u00c9NIC III JZ0\/1_<\/p>\n","protected":false},"featured_media":0,"template":"","meta":{"site-sidebar-layout":"default","site-content-layout":"default","ast-global-header-display":"","ast-main-header-display":"","ast-hfb-above-header-display":"","ast-hfb-below-header-display":"","ast-hfb-mobile-header-display":"","site-post-title":"","ast-breadcrumbs-content":"","ast-featured-img":"","footer-sml-layout":"","theme-transparent-header-meta":"","adv-header-id-meta":"","stick-header-meta":"","header-above-stick-meta":"","header-main-stick-meta":"","header-below-stick-meta":""},"pwb-brand":[251],"product_cat":[175],"product_tag":[],"class_list":{"0":"post-78065","1":"product","2":"type-product","3":"status-publish","5":"pwb-brand-metelli","6":"product_cat-vetonivel","7":"desktop-align-left","8":"tablet-align-left","9":"mobile-align-left","11":"first","12":"instock","13":"product-type-external"},"brands":[{"id":251,"name":"METELLI","slug":"metelli"}],"_links":{"self":[{"href":"https:\/\/www.autonvaraosahaku.fi\/index.php?rest_route=\/wp\/v2\/product\/78065","targetHints":{"allow":["GET"]}}],"collection":[{"href":"https:\/\/www.autonvaraosahaku.fi\/index.php?rest_route=\/wp\/v2\/product"}],"about":[{"href":"https:\/\/www.autonvaraosahaku.fi\/index.php?rest_route=\/wp\/v2\/types\/product"}],"wp:attachment":[{"href":"https:\/\/www.autonvaraosahaku.fi\/index.php?rest_route=%2Fwp%2Fv2%2Fmedia&parent=78065"}],"wp:term":[{"taxonomy":"pwb-brand","embeddable":true,"href":"https:\/\/www.autonvaraosahaku.fi\/index.php?rest_route=%2Fwp%2Fv2%2Fpwb-brand&post=78065"},{"taxonomy":"product_cat","embeddable":true,"href":"https:\/\/www.autonvaraosahaku.fi\/index.php?rest_route=%2Fwp%2Fv2%2Fproduct_cat&post=78065"},{"taxonomy":"product_tag","embeddable":true,"href":"https:\/\/www.autonvaraosahaku.fi\/index.php?rest_route=%2Fwp%2Fv2%2Fproduct_tag&post=78065"}],"curies":[{"name":"wp","href":"https:\/\/api.w.org\/{rel}","templated":true}]}}