{"id":78070,"date":"2021-02-21T19:56:00","date_gmt":"2021-02-21T19:56:00","guid":{"rendered":"https:\/\/www.autonvaraosahaku.fi\/?product=autofren-seinsa-d7068c-jarrusatula-korjaussarja"},"modified":"2021-02-21T19:56:01","modified_gmt":"2021-02-21T19:56:01","slug":"autofren-seinsa-d7068c-jarrusatula-korjaussarja","status":"publish","type":"product","link":"https:\/\/www.autonvaraosahaku.fi\/?product=autofren-seinsa-d7068c-jarrusatula-korjaussarja","title":{"rendered":"AUTOFREN SEINSA D7068C Jarrusatula korjaussarja"},"content":{"rendered":"<p>Asennuspuoli: Etuakseli; T\u00e4yssarja: ; Erittely: WITH GUIDE PINS; Jarruj\u00e4rjestelm\u00e4: LUCAS; L\u00e4pimitta [mm]: 10; Alustanumero: VA; NISSAN: ALMERA II Hatchback N16,PRIMERA P11,PRIMERA Traveller WP11,PRIMERA Hatchback P11,ALMERA Mk II N16; HONDA: CIVIC VII Hatchback EU, EP, EV,ACCORD VI CG, CK,CIVIC VI Fastback MA, MB,CIVIC VI Aerodeck MB, MC,CIVIC VII Coupe EM2,ACCORD VI Hatchback CH,CIVIC VII Stufenheck ES,CONCERTO HW,CONCERTO Stufenheck HWW; LAND ROVER: FREELANDER LN,DISCOVERY II LJ, LT,RANGE ROVER II LP; ROVER: 25 RF,200 RF,45 Stufenheck RT,45 RT,400 RT,CABRIOLET XW,400 Hatchback RT,STREETWISE,800 XS,200 Hatchback XW,200 Coupe XW,800 Hatchback XS,400 Tourer XW,800 Coupe,CITYROVER,400 XW,COUPE; MG: MG ZR,MG ZS,MG ZS Hatchback,EXPRESS Kasten; STC1917, EJP1441, GBC152, SEH000010, 4113971J25, EJP1441, GBC152, SEH000010; Ohjainhylsysarja, Jarrusatula<\/p>\n","protected":false},"excerpt":{"rendered":"<p>AUTOFREN SEINSA Ohjaustappi D7068C Ohjainhylsysarja, Jarrusatula NISSAN,HONDA,LAND ROVER,ALMERA II Hatchback N16,PRIMERA P11,PRIMERA Traveller WP11<\/p>\n","protected":false},"featured_media":0,"template":"","meta":{"site-sidebar-layout":"default","site-content-layout":"default","ast-global-header-display":"","ast-main-header-display":"","ast-hfb-above-header-display":"","ast-hfb-below-header-display":"","ast-hfb-mobile-header-display":"","site-post-title":"","ast-breadcrumbs-content":"","ast-featured-img":"","footer-sml-layout":"","theme-transparent-header-meta":"","adv-header-id-meta":"","stick-header-meta":"","header-above-stick-meta":"","header-main-stick-meta":"","header-below-stick-meta":""},"pwb-brand":[243],"product_cat":[57],"product_tag":[],"class_list":{"0":"post-78070","1":"product","2":"type-product","3":"status-publish","5":"pwb-brand-autofren-seinsa","6":"product_cat-jarrusatula-korjaussarja","7":"desktop-align-left","8":"tablet-align-left","9":"mobile-align-left","11":"first","12":"instock","13":"product-type-external"},"brands":[{"id":243,"name":"AUTOFREN SEINSA","slug":"autofren-seinsa"}],"_links":{"self":[{"href":"https:\/\/www.autonvaraosahaku.fi\/index.php?rest_route=\/wp\/v2\/product\/78070","targetHints":{"allow":["GET"]}}],"collection":[{"href":"https:\/\/www.autonvaraosahaku.fi\/index.php?rest_route=\/wp\/v2\/product"}],"about":[{"href":"https:\/\/www.autonvaraosahaku.fi\/index.php?rest_route=\/wp\/v2\/types\/product"}],"wp:attachment":[{"href":"https:\/\/www.autonvaraosahaku.fi\/index.php?rest_route=%2Fwp%2Fv2%2Fmedia&parent=78070"}],"wp:term":[{"taxonomy":"pwb-brand","embeddable":true,"href":"https:\/\/www.autonvaraosahaku.fi\/index.php?rest_route=%2Fwp%2Fv2%2Fpwb-brand&post=78070"},{"taxonomy":"product_cat","embeddable":true,"href":"https:\/\/www.autonvaraosahaku.fi\/index.php?rest_route=%2Fwp%2Fv2%2Fproduct_cat&post=78070"},{"taxonomy":"product_tag","embeddable":true,"href":"https:\/\/www.autonvaraosahaku.fi\/index.php?rest_route=%2Fwp%2Fv2%2Fproduct_tag&post=78070"}],"curies":[{"name":"wp","href":"https:\/\/api.w.org\/{rel}","templated":true}]}}