{"id":78122,"date":"2021-02-21T19:56:15","date_gmt":"2021-02-21T19:56:15","guid":{"rendered":"https:\/\/www.autonvaraosahaku.fi\/?product=mahle-original-oc-540-oljynsuodatin"},"modified":"2021-02-21T19:56:19","modified_gmt":"2021-02-21T19:56:19","slug":"mahle-original-oc-540-oljynsuodatin","status":"publish","type":"product","link":"https:\/\/www.autonvaraosahaku.fi\/?product=mahle-original-oc-540-oljynsuodatin","title":{"rendered":"MAHLE ORIGINAL OC 540 \u00d6ljynsuodatin"},"content":{"rendered":"<p>Suodatintyyppi: Ruuvattava suodatin; L\u00e4pimitta [mm]: 94,0; Korkeus (mm): 117,4; Ulkol\u00e4pimitta 2 [mm]: 72,0; Sis\u00e4l\u00e4pimitta 2 [mm]: 62,0; Liitinkierre: M26x1,5; Kiristysmomentti: 20; Suositellun erikoisty\u00f6kalun tuotenumero: OCS 2, OCS 2; Valmistusvuosi alkaen: 07\/2000; KIA: SORENTO I JC,CARNIVAL II GQ,CARNIVAL \/ GRAND CARNIVAL III VQ,PREGIO Kasten TB,K2700 SD,PREGIO Bus,K2500 SD,K2900,K2700,BONGO Pritsche\/Fahrgestell; HYUNDAI: TERRACAN HP,H-1 Travel TQ,H-1 Kasten,H-1 Cargo TQ,H-1 \/ STAREX,H100 Kasten,H-1 Pritsche\/Fahrgestell,PORTER Pritsche\/Fahrgestell,H100 Pritsche\/Fahrgestell,H350 Bus,H350 Kasten,PORTER Pick-up,H350 Pritsche\/Fahrgestell; 2630042020, 2630042030, 2630042040, 2630042060, 263104A000, 263104A010, 263304A000, 263304A001, 263304X000, S2630042040, S263104A000, S263104A010, S263304X000, 0K55114302, 0VS0114302, 2630042040, 2630042060, 263104A000, 263104A010, 263304A000, 263304A001, 263304X000, K55114302, OK55114302, S2630042040, S263104A000, S263104A010, S263304X000<\/p>\n","protected":false},"excerpt":{"rendered":"<p>MAHLE ORIGINAL \u00d6ljynsuodatin OC 540  KIA,HYUNDAI,SORENTO I JC,CARNIVAL II GQ,CARNIVAL \/ GRAND CARNIVAL III VQ,PREGIO Kasten TB,K2700 SD,PREGIO Bus<\/p>\n","protected":false},"featured_media":0,"template":"","meta":{"site-sidebar-layout":"default","site-content-layout":"default","ast-global-header-display":"","ast-main-header-display":"","ast-hfb-above-header-display":"","ast-hfb-below-header-display":"","ast-hfb-mobile-header-display":"","site-post-title":"","ast-breadcrumbs-content":"","ast-featured-img":"","footer-sml-layout":"","theme-transparent-header-meta":"","adv-header-id-meta":"","stick-header-meta":"","header-above-stick-meta":"","header-main-stick-meta":"","header-below-stick-meta":""},"pwb-brand":[153],"product_cat":[30],"product_tag":[],"class_list":{"0":"post-78122","1":"product","2":"type-product","3":"status-publish","5":"pwb-brand-mahle-original","6":"product_cat-oljynsuodatin","7":"desktop-align-left","8":"tablet-align-left","9":"mobile-align-left","11":"first","12":"instock","13":"product-type-external"},"brands":[{"id":153,"name":"MAHLE ORIGINAL","slug":"mahle-original"}],"_links":{"self":[{"href":"https:\/\/www.autonvaraosahaku.fi\/index.php?rest_route=\/wp\/v2\/product\/78122","targetHints":{"allow":["GET"]}}],"collection":[{"href":"https:\/\/www.autonvaraosahaku.fi\/index.php?rest_route=\/wp\/v2\/product"}],"about":[{"href":"https:\/\/www.autonvaraosahaku.fi\/index.php?rest_route=\/wp\/v2\/types\/product"}],"wp:attachment":[{"href":"https:\/\/www.autonvaraosahaku.fi\/index.php?rest_route=%2Fwp%2Fv2%2Fmedia&parent=78122"}],"wp:term":[{"taxonomy":"pwb-brand","embeddable":true,"href":"https:\/\/www.autonvaraosahaku.fi\/index.php?rest_route=%2Fwp%2Fv2%2Fpwb-brand&post=78122"},{"taxonomy":"product_cat","embeddable":true,"href":"https:\/\/www.autonvaraosahaku.fi\/index.php?rest_route=%2Fwp%2Fv2%2Fproduct_cat&post=78122"},{"taxonomy":"product_tag","embeddable":true,"href":"https:\/\/www.autonvaraosahaku.fi\/index.php?rest_route=%2Fwp%2Fv2%2Fproduct_tag&post=78122"}],"curies":[{"name":"wp","href":"https:\/\/api.w.org\/{rel}","templated":true}]}}