{"id":78124,"date":"2021-02-21T19:56:15","date_gmt":"2021-02-21T19:56:15","guid":{"rendered":"https:\/\/www.autonvaraosahaku.fi\/?product=monroe-mk206-jousijalan-tukilaakeri"},"modified":"2021-02-21T19:56:19","modified_gmt":"2021-02-21T19:56:19","slug":"monroe-mk206-jousijalan-tukilaakeri","status":"publish","type":"product","link":"https:\/\/www.autonvaraosahaku.fi\/?product=monroe-mk206-jousijalan-tukilaakeri","title":{"rendered":"MONROE MK206 Jousijalan tukilaakeri"},"content":{"rendered":"<p>Paino [kg]: 0,300; Korvaava tuote\/korvaava tiedote 2: ilman laakeria; Pakkauspituus [cm]: 9,6; Pakkausleveys [cm]: 8,3; Pakkauskorkeus [mm]: 8,2; Asennuspuoli: Hinterachse; BMW: X3 E83; 33503401685, 33503413925, 33503450542; Iskarin Yl\u00e4p\u00e4\u00e4,Iskunvaimentimen Yl\u00e4p\u00e4\u00e4<\/p>\n","protected":false},"excerpt":{"rendered":"<p>MONROE Jousijalan Tukilaakeri MOUNTING KIT MK206 Iskarin Yl\u00e4p\u00e4\u00e4,Iskunvaimentimen Yl\u00e4p\u00e4\u00e4 BMW,X3 E83<\/p>\n","protected":false},"featured_media":0,"template":"","meta":{"site-sidebar-layout":"default","site-content-layout":"default","ast-global-header-display":"","ast-main-header-display":"","ast-hfb-above-header-display":"","ast-hfb-below-header-display":"","ast-hfb-mobile-header-display":"","site-post-title":"","ast-breadcrumbs-content":"","ast-featured-img":"","footer-sml-layout":"","theme-transparent-header-meta":"","adv-header-id-meta":"","stick-header-meta":"","header-above-stick-meta":"","header-main-stick-meta":"","header-below-stick-meta":""},"pwb-brand":[79],"product_cat":[45],"product_tag":[],"class_list":{"0":"post-78124","1":"product","2":"type-product","3":"status-publish","5":"pwb-brand-monroe","6":"product_cat-jousijalan-tukilaakeri","7":"desktop-align-left","8":"tablet-align-left","9":"mobile-align-left","11":"first","12":"instock","13":"product-type-external"},"brands":[{"id":79,"name":"MONROE","slug":"monroe"}],"_links":{"self":[{"href":"https:\/\/www.autonvaraosahaku.fi\/index.php?rest_route=\/wp\/v2\/product\/78124","targetHints":{"allow":["GET"]}}],"collection":[{"href":"https:\/\/www.autonvaraosahaku.fi\/index.php?rest_route=\/wp\/v2\/product"}],"about":[{"href":"https:\/\/www.autonvaraosahaku.fi\/index.php?rest_route=\/wp\/v2\/types\/product"}],"wp:attachment":[{"href":"https:\/\/www.autonvaraosahaku.fi\/index.php?rest_route=%2Fwp%2Fv2%2Fmedia&parent=78124"}],"wp:term":[{"taxonomy":"pwb-brand","embeddable":true,"href":"https:\/\/www.autonvaraosahaku.fi\/index.php?rest_route=%2Fwp%2Fv2%2Fpwb-brand&post=78124"},{"taxonomy":"product_cat","embeddable":true,"href":"https:\/\/www.autonvaraosahaku.fi\/index.php?rest_route=%2Fwp%2Fv2%2Fproduct_cat&post=78124"},{"taxonomy":"product_tag","embeddable":true,"href":"https:\/\/www.autonvaraosahaku.fi\/index.php?rest_route=%2Fwp%2Fv2%2Fproduct_tag&post=78124"}],"curies":[{"name":"wp","href":"https:\/\/api.w.org\/{rel}","templated":true}]}}