{"id":78140,"date":"2021-02-21T19:56:22","date_gmt":"2021-02-21T19:56:22","guid":{"rendered":"https:\/\/www.autonvaraosahaku.fi\/?product=ate-13-0460-3854-2-jarrupalat"},"modified":"2021-02-21T19:56:26","modified_gmt":"2021-02-21T19:56:26","slug":"ate-13-0460-3854-2-jarrupalat","status":"publish","type":"product","link":"https:\/\/www.autonvaraosahaku.fi\/?product=ate-13-0460-3854-2-jarrupalat","title":{"rendered":"ATE 13.0460-3854.2 Jarrupalat"},"content":{"rendered":"<p>Leveys (mm): 101,8; Korkeus (mm): 48,7; Paksuus 1 [mm]: 16,5; Paksuus 2 [mm]: 17,1; Kulumisenilmaisimen liitos: akustisella kulumavaroittimella; Lis\u00e4tarvike\/lis\u00e4tieto: Tarvikkeilla; Jarruj\u00e4rjestelm\u00e4: Bosch; Tarkistuskilpi: E1 90R-011115\/1491; MAPP-koodi saatavilla: ; M\u00e4\u00e4r\u00e4yksikk\u00f6: Akselisarja; Asennuspuoli: Hinterachse; TOYOTA: VERSO _AUR2_, _ZGR2_; 044660F010; Jarrupalasarja,Jarrupala, Levyjarru<\/p>\n","protected":false},"excerpt":{"rendered":"<p>ATE Jarrupalat 13.0460-3854.2 Jarrupalasarja,Jarrupala, Levyjarru TOYOTA,VERSO _AUR2_, _ZGR2_<\/p>\n","protected":false},"featured_media":0,"template":"","meta":{"site-sidebar-layout":"default","site-content-layout":"default","ast-global-header-display":"","ast-main-header-display":"","ast-hfb-above-header-display":"","ast-hfb-below-header-display":"","ast-hfb-mobile-header-display":"","site-post-title":"","ast-breadcrumbs-content":"","ast-featured-img":"","footer-sml-layout":"","theme-transparent-header-meta":"","adv-header-id-meta":"","stick-header-meta":"","header-above-stick-meta":"","header-main-stick-meta":"","header-below-stick-meta":""},"pwb-brand":[108],"product_cat":[100],"product_tag":[],"class_list":{"0":"post-78140","1":"product","2":"type-product","3":"status-publish","5":"pwb-brand-ate","6":"product_cat-jarrupalat","7":"desktop-align-left","8":"tablet-align-left","9":"mobile-align-left","11":"first","12":"instock","13":"product-type-external"},"brands":[{"id":108,"name":"ATE","slug":"ate"}],"_links":{"self":[{"href":"https:\/\/www.autonvaraosahaku.fi\/index.php?rest_route=\/wp\/v2\/product\/78140","targetHints":{"allow":["GET"]}}],"collection":[{"href":"https:\/\/www.autonvaraosahaku.fi\/index.php?rest_route=\/wp\/v2\/product"}],"about":[{"href":"https:\/\/www.autonvaraosahaku.fi\/index.php?rest_route=\/wp\/v2\/types\/product"}],"wp:attachment":[{"href":"https:\/\/www.autonvaraosahaku.fi\/index.php?rest_route=%2Fwp%2Fv2%2Fmedia&parent=78140"}],"wp:term":[{"taxonomy":"pwb-brand","embeddable":true,"href":"https:\/\/www.autonvaraosahaku.fi\/index.php?rest_route=%2Fwp%2Fv2%2Fpwb-brand&post=78140"},{"taxonomy":"product_cat","embeddable":true,"href":"https:\/\/www.autonvaraosahaku.fi\/index.php?rest_route=%2Fwp%2Fv2%2Fproduct_cat&post=78140"},{"taxonomy":"product_tag","embeddable":true,"href":"https:\/\/www.autonvaraosahaku.fi\/index.php?rest_route=%2Fwp%2Fv2%2Fproduct_tag&post=78140"}],"curies":[{"name":"wp","href":"https:\/\/api.w.org\/{rel}","templated":true}]}}