{"id":78148,"date":"2021-02-21T19:56:22","date_gmt":"2021-02-21T19:56:22","guid":{"rendered":"https:\/\/www.autonvaraosahaku.fi\/?product=gates-rc127-jaahdyttimen-korkki"},"modified":"2021-02-21T19:56:28","modified_gmt":"2021-02-21T19:56:28","slug":"gates-rc127-jaahdyttimen-korkki","status":"publish","type":"product","link":"https:\/\/www.autonvaraosahaku.fi\/?product=gates-rc127-jaahdyttimen-korkki","title":{"rendered":"GATES RC127 J\u00e4\u00e4hdyttimen korkki"},"content":{"rendered":"<p>Paine (bar): 0,9; Ulkol\u00e4pimitta [mm]: 44; Korkeus (mm): 15; Paine (psi): 13; Valmistusvuosi alkaen: 12\/1993; TOYOTA: AVENSIS Kombi T25,COROLLA Verso ZER_, ZZE12_, R1_,COROLLA ZZE12_, NDE12_, ZDE12_,AVENSIS T25_,STARLET EP91,COROLLA Kombi _E12J_, _E12T_,PRIUS Liftback NHW20_,AVENSIS Stufenheck T25,AVENSIS _T22_,COROLLA Liftback _E11_,COROLLA Compact _E11_,AVENSIS Station Wagon _T22_,RAV 4 I SXA1_,COROLLA Verso ZDE12_, CDE12_,COROLLA Stufenheck _E12J_, _E12T_,AVENSIS Liftback _T22_,PICNIC _XM10,LAND CRUISER 90 _J9_,STARLET _P8_,PASEO Coupe EL54,COROLLA Compact _E10_,CARINA E _T19_,CELICA ST20_, AT20_,COROLLA _E11_,CARINA E Stufenheck _T19_,CELICA Coupe AT18_, ST18_,COROLLA Wagon __E11_,CARINA E Sportswagon _T19_,CAMRY _CV2_, _XV2_,COROLLA Liftback _E10_,COROLLA Liftback _E9_,PASEO Cabriolet EL54,COROLLA _E10_,PRIUS Stufenheck NHW11_,COROLLA Stufenheck E15_,CAMRY _CV1_, _XV1_, _V1_,4 RUNNER KZN18_, VZN18_, RZN18_,TUNDRA Pick-up _K5_,CAMRY Station Wagon _XV1_, _CV1_, _V10,COROLLA Wagon _E10_,CAMRY _V2_,CELICA Cabriolet AT18_, ST18_,CAMRY Station Wagon _V2_,CROWN Stufenheck JZS13_, YS13; MAZDA: DEMIO DW,FAMILIA V BA,323 P V BA,B-SERIE UN,121 III JASM, JBSM,FAMILIA V BG8,121 II DB,E-SERIE Kasten SR2,B-SERIE UF,B-SERIE Pritsche\/Fahrgestell UF; MITSUBISHI: COLT V CJ_, CP_,PAJERO PININ H6_W, H7_W,CARISMA Stufenheck DA_,GALANT VI Station Wagon EA_,GALANT VI EA_,SPACE WAGON N9_W, N8_W,L 200 K7_T, K6_T,PAJERO II V3_W, V2_W, V4_W,PAJERO SPORT K90,COLT IV CA_A,SPACE RUNNER N6_W,SPACE RUNNER N1_W, N2_W,GALLOPER JK-01,LANCER VI CJ-CP_,SIGMA F2_A, F1_A,LANCER V Station Wagon CB_W, CD_W,LANCER V CB\/D_A,SPACE WAGON N3_W, N4_W,PAJERO SPORT VAN K90,LANCER IV C6_A, C7_A,GALANT V Stufenheck E5_A, E7_A, E8_A,GALANT V E5_A, E7_A, E8_A,GRANDIS N9_, N8_,PAJERO JUNIOR H57A; DAEWOO: CIELO Stufenheck; LEXUS: RX MHU3_, GSU3_, MCU3_,GS JZS147,ES F1, F2,SC Coupe UZZ3_, JZZ3_; MR481216, MR481267, MB660667, 1640120353, 1640172090, B3C715205, F2P515205, FF5215205, MB660667, MR481216, MR481267, MR481267, 1640115520, 1640120310, 1640120353, 1640121250, 1640172090, 164017A020; Korkki, J\u00e4\u00e4hdytin<\/p>\n","protected":false},"excerpt":{"rendered":"<p>GATES J\u00e4\u00e4hdyttimen Korkki RC127 Korkki, J\u00e4\u00e4hdytin TOYOTA,MAZDA,MITSUBISHI,AVENSIS Kombi T25,COROLLA Verso ZER_, ZZE12_, R1_<\/p>\n","protected":false},"featured_media":0,"template":"","meta":{"site-sidebar-layout":"default","site-content-layout":"default","ast-global-header-display":"","ast-main-header-display":"","ast-hfb-above-header-display":"","ast-hfb-below-header-display":"","ast-hfb-mobile-header-display":"","site-post-title":"","ast-breadcrumbs-content":"","ast-featured-img":"","footer-sml-layout":"","theme-transparent-header-meta":"","adv-header-id-meta":"","stick-header-meta":"","header-above-stick-meta":"","header-main-stick-meta":"","header-below-stick-meta":""},"pwb-brand":[22],"product_cat":[173],"product_tag":[],"class_list":{"0":"post-78148","1":"product","2":"type-product","3":"status-publish","5":"pwb-brand-gates","6":"product_cat-jaahdyttimen-korkki","7":"desktop-align-left","8":"tablet-align-left","9":"mobile-align-left","11":"first","12":"instock","13":"product-type-external"},"brands":[{"id":22,"name":"GATES","slug":"gates"}],"_links":{"self":[{"href":"https:\/\/www.autonvaraosahaku.fi\/index.php?rest_route=\/wp\/v2\/product\/78148","targetHints":{"allow":["GET"]}}],"collection":[{"href":"https:\/\/www.autonvaraosahaku.fi\/index.php?rest_route=\/wp\/v2\/product"}],"about":[{"href":"https:\/\/www.autonvaraosahaku.fi\/index.php?rest_route=\/wp\/v2\/types\/product"}],"wp:attachment":[{"href":"https:\/\/www.autonvaraosahaku.fi\/index.php?rest_route=%2Fwp%2Fv2%2Fmedia&parent=78148"}],"wp:term":[{"taxonomy":"pwb-brand","embeddable":true,"href":"https:\/\/www.autonvaraosahaku.fi\/index.php?rest_route=%2Fwp%2Fv2%2Fpwb-brand&post=78148"},{"taxonomy":"product_cat","embeddable":true,"href":"https:\/\/www.autonvaraosahaku.fi\/index.php?rest_route=%2Fwp%2Fv2%2Fproduct_cat&post=78148"},{"taxonomy":"product_tag","embeddable":true,"href":"https:\/\/www.autonvaraosahaku.fi\/index.php?rest_route=%2Fwp%2Fv2%2Fproduct_tag&post=78148"}],"curies":[{"name":"wp","href":"https:\/\/api.w.org\/{rel}","templated":true}]}}