{"id":78171,"date":"2021-02-21T19:56:37","date_gmt":"2021-02-21T19:56:37","guid":{"rendered":"https:\/\/www.autonvaraosahaku.fi\/?product=monroe-g8168-iskunvaimennin"},"modified":"2021-02-21T19:56:38","modified_gmt":"2021-02-21T19:56:38","slug":"monroe-g8168-iskunvaimennin","status":"publish","type":"product","link":"https:\/\/www.autonvaraosahaku.fi\/?product=monroe-g8168-iskunvaimennin","title":{"rendered":"MONROE G8168 Iskunvaimennin"},"content":{"rendered":"<p>Iskunvaimennin tyyppi: Kaasupaine; Iskunvaimennin malli: Joustintuki; Iskunvaimennusj\u00e4rjestelm\u00e4: Kaksiputki; Paino [kg]: 5,800; Reik\u00e4-\u00d8 [mm]: 32; parilliset tuotenumerot: G8167; Pakkauspituus [cm]: 71,2; Pakkausleveys [cm]: 21,5; Pakkauskorkeus [mm]: 21,7; Tullitariffinumero: 87088035; Tappil\u00e4pimitta [mm]: 22; Asennuspuoli: Vorderachse; FIAT: SCUDO 270_,SCUDO Kasten 270_,SCUDO Pritsche\/Fahrgestell 270_; PEUGEOT: EXPERT Tepee VF3V_,EXPERT Kasten VF3A_, VF3U_, VF3X_,EXPERT Pritsche\/Fahrgestell; CITRO\u00cbN: JUMPY,JUMPY Kasten,JUMPY Pritsche\/Fahrgestell; 5202WR, 5202WW, 5208Q2, 5208Q4, 1400567280, 1400567680, 5202Q2, 5202WP, 5202WT, 5208Q2, 5208Q4; Iskarit,Iskunvaimennin<\/p>\n","protected":false},"excerpt":{"rendered":"<p>MONROE Iskunvaimentimet MONROE ORIGINAL (Gas Technology) G8168 Iskarit,Iskunvaimennin FIAT,PEUGEOT,CITRO\u00cbN,SCUDO 270_,SCUDO Kasten 270_<\/p>\n","protected":false},"featured_media":0,"template":"","meta":{"site-sidebar-layout":"default","site-content-layout":"default","ast-global-header-display":"","ast-main-header-display":"","ast-hfb-above-header-display":"","ast-hfb-below-header-display":"","ast-hfb-mobile-header-display":"","site-post-title":"","ast-breadcrumbs-content":"","ast-featured-img":"","footer-sml-layout":"","theme-transparent-header-meta":"","adv-header-id-meta":"","stick-header-meta":"","header-above-stick-meta":"","header-main-stick-meta":"","header-below-stick-meta":""},"pwb-brand":[79],"product_cat":[80],"product_tag":[],"class_list":{"0":"post-78171","1":"product","2":"type-product","3":"status-publish","5":"pwb-brand-monroe","6":"product_cat-iskunvaimennin","7":"desktop-align-left","8":"tablet-align-left","9":"mobile-align-left","11":"first","12":"instock","13":"product-type-external"},"brands":[{"id":79,"name":"MONROE","slug":"monroe"}],"_links":{"self":[{"href":"https:\/\/www.autonvaraosahaku.fi\/index.php?rest_route=\/wp\/v2\/product\/78171","targetHints":{"allow":["GET"]}}],"collection":[{"href":"https:\/\/www.autonvaraosahaku.fi\/index.php?rest_route=\/wp\/v2\/product"}],"about":[{"href":"https:\/\/www.autonvaraosahaku.fi\/index.php?rest_route=\/wp\/v2\/types\/product"}],"wp:attachment":[{"href":"https:\/\/www.autonvaraosahaku.fi\/index.php?rest_route=%2Fwp%2Fv2%2Fmedia&parent=78171"}],"wp:term":[{"taxonomy":"pwb-brand","embeddable":true,"href":"https:\/\/www.autonvaraosahaku.fi\/index.php?rest_route=%2Fwp%2Fv2%2Fpwb-brand&post=78171"},{"taxonomy":"product_cat","embeddable":true,"href":"https:\/\/www.autonvaraosahaku.fi\/index.php?rest_route=%2Fwp%2Fv2%2Fproduct_cat&post=78171"},{"taxonomy":"product_tag","embeddable":true,"href":"https:\/\/www.autonvaraosahaku.fi\/index.php?rest_route=%2Fwp%2Fv2%2Fproduct_tag&post=78171"}],"curies":[{"name":"wp","href":"https:\/\/api.w.org\/{rel}","templated":true}]}}