{"id":78188,"date":"2021-02-21T19:56:37","date_gmt":"2021-02-21T19:56:37","guid":{"rendered":"https:\/\/www.autonvaraosahaku.fi\/?product=swf-116126-pyyhkijansulat"},"modified":"2021-02-21T19:56:43","modified_gmt":"2021-02-21T19:56:43","slug":"swf-116126-pyyhkijansulat","status":"publish","type":"product","link":"https:\/\/www.autonvaraosahaku.fi\/?product=swf-116126-pyyhkijansulat","title":{"rendered":"SWF 116126 Pyyhkij\u00e4nsulat"},"content":{"rendered":"<p>M\u00e4\u00e4r\u00e4: 1; Pituus (mm): 475; Pituus (tuumaa): 19; Sopiva adapteri: U; Kulumisenilmaisimen liitos: kulumisvaroitinkoskettimella; Paino [kg]: 0,17; Tuotelinja: Original, DAS ORIGINAL SINGLE; Pyyhkij\u00e4nsulkatyyppi: Tavallinen; Oviluku: 5; VW: GOLF IV 1J1,GOLF III 1H1,POLO 6N2,GOLF III Cabriolet 1E7,GOLF Mk III Cabriolet 1E7,GOLF III Variant 1H5,CORRADO 53I,SCIROCCO 53B,VENTO 1H2,LT 28-35 I Kasten 281-363,LT 28-35 I Bus 281-363,POLO Kasten 6NF,LT 28-35 I Pritsche\/Fahrgestell 281-363,LT 40-55 I Pritsche\/Fahrgestell 293-909,LT 40-55 I Kasten 291-512; AUDI: A3 8L1,A4 8D2, B5,A6 Avant 4B5, C5,A4 Avant 8D5, B5,A6 4B2, C5,100 4A, C4,A8 4D2, 4D8,A6 Avant 4A, C4,A6 4A, C4,100 Avant 4A, C4,ALLROAD 4BH, C5,V8 44_, 4C_; MAZDA: 6 Station Wagon GY,323 F VI BJ,6 Hatchback GG,6 GG,TRIBUTE EP,626 V Hatchback GF,FAMILIA V BA,626 V GF,626 V Station Wagon GW,323 P V BA,FAMILIA VI BJ,121 III JASM, JBSM,626 III GD,626 III Hatchback GD,626 III Coupe GD,626 III Station Wagon GV,929 III HC,929 II HB; BMW: X3 E83,3 Coupe E46,3 Cabriolet E46,3 Cabriolet E36; SEAT: IBIZA IV 6L1,CORDOBA 6L2,IBIZA I 021A; CHEVROLET: NUBIRA Kombi,KALOS,EPICA KL1_,LACETTI J200,REZZO,KALOS Stufenheck,NUBIRA Stufenheck,LACETTI Kombi J200,LACETTI Stufenheck; JEEP: COMMANDER XK,CHEROKEE KK; DAEWOO: KALOS KLAS,REZZO KLAU,LANOS KLAT,LACETTI Schr\u00e4gheck KLAN,NUBIRA Stufenheck KLAN,KALOS Stufenheck KLAS,NUBIRA Wagon KLAN,LANOS Stufenheck KLAT,LEGANZA KLAV,ESPERO KLEJ,TICO KLY3; NISSAN: NAVARA D40,PATHFINDER R51,PRIMERA Kombi WP12,PRIMERA P12,NAVARA Pritsche\/Fahrgestell D40,PRIMERA Hatchback P12,PATROL GR II Wagon Y61,ALMERA I Hatchback N15,PICK UP D22,NAVARA D22,ALMERA Mk II N16,ALMERA I N15,PICK UP D21,100 NX B13,PRIMERA P10,MAXIMA QX A33,TERRANO I WD21,300 ZX Z32,MAXIMA QX A32,300 ZX Z31,SUNNY II Coupe B12,SUNNY III N14,VANETTE Bus C22,PULSAR V Schr\u00e4gheck N14,SUNNY III Liftback N14,PRIMERA Hatchback P10,NAVARA Pritsche\/Fahrgestell D22,SILVIA S12,BLUEBIRD T72 , T12,LAUREL JC32,PICK UP 720,BLUEBIRD Hatchback T72, T12,MAXIMA II J30,SUNNY II N13,BLUEBIRD Station Wagon WU11,BLUEBIRD U11,PRAIRIE M10, NM10,VANETTE Kasten C22,CHERRY III N12,URVAN Kasten E24,MAXIMA Station Wagon; KIA: PICANTO BA,PICANTO TA,MAGENTIS GD,SHUMA II FB,CARENS I FC,SHUMA FB,SHUMA II Stufenheck FB,CLARUS K9A,CLARUS Kombi GC,SEPHIA Stufenheck FA,SEPHIA FA,SEPHIA FB; 60600028137, 60608229192, 60608229202, 05066972AA, 05066973AA, 05066974AA, 5066972AA, 5066973AA, 5066974AA, 6426AT, 1332351, 1714323, 766306S1AE01, 766306S1AG01, MZ690099, 288955X11B, 7711172776, 1H0955427, 1H0998003, 1H0998003A; Tuulilasinpyyhkimet,Pyyhkij\u00e4t,Pyyhkij\u00e4nsulka<\/p>\n","protected":false},"excerpt":{"rendered":"<p>SWF Pyyhkij\u00e4nsulat 116126 Tuulilasinpyyhkimet,Pyyhkij\u00e4t VW,AUDI,MAZDA,GOLF IV 1J1,GOLF III 1H1,POLO 6N2,GOLF III Cabriolet 1E7<\/p>\n","protected":false},"featured_media":0,"template":"","meta":{"site-sidebar-layout":"default","site-content-layout":"default","ast-global-header-display":"","ast-main-header-display":"","ast-hfb-above-header-display":"","ast-hfb-below-header-display":"","ast-hfb-mobile-header-display":"","site-post-title":"","ast-breadcrumbs-content":"","ast-featured-img":"","footer-sml-layout":"","theme-transparent-header-meta":"","adv-header-id-meta":"","stick-header-meta":"","header-above-stick-meta":"","header-main-stick-meta":"","header-below-stick-meta":""},"pwb-brand":[204],"product_cat":[33],"product_tag":[],"class_list":{"0":"post-78188","1":"product","2":"type-product","3":"status-publish","5":"pwb-brand-swf","6":"product_cat-pyyhkijansulat","7":"desktop-align-left","8":"tablet-align-left","9":"mobile-align-left","11":"first","12":"instock","13":"product-type-external"},"brands":[{"id":204,"name":"SWF","slug":"swf"}],"_links":{"self":[{"href":"https:\/\/www.autonvaraosahaku.fi\/index.php?rest_route=\/wp\/v2\/product\/78188","targetHints":{"allow":["GET"]}}],"collection":[{"href":"https:\/\/www.autonvaraosahaku.fi\/index.php?rest_route=\/wp\/v2\/product"}],"about":[{"href":"https:\/\/www.autonvaraosahaku.fi\/index.php?rest_route=\/wp\/v2\/types\/product"}],"wp:attachment":[{"href":"https:\/\/www.autonvaraosahaku.fi\/index.php?rest_route=%2Fwp%2Fv2%2Fmedia&parent=78188"}],"wp:term":[{"taxonomy":"pwb-brand","embeddable":true,"href":"https:\/\/www.autonvaraosahaku.fi\/index.php?rest_route=%2Fwp%2Fv2%2Fpwb-brand&post=78188"},{"taxonomy":"product_cat","embeddable":true,"href":"https:\/\/www.autonvaraosahaku.fi\/index.php?rest_route=%2Fwp%2Fv2%2Fproduct_cat&post=78188"},{"taxonomy":"product_tag","embeddable":true,"href":"https:\/\/www.autonvaraosahaku.fi\/index.php?rest_route=%2Fwp%2Fv2%2Fproduct_tag&post=78188"}],"curies":[{"name":"wp","href":"https:\/\/api.w.org\/{rel}","templated":true}]}}