{"id":78236,"date":"2021-02-21T19:56:59","date_gmt":"2021-02-21T19:56:59","guid":{"rendered":"https:\/\/www.autonvaraosahaku.fi\/?product=valeo-837320-kytkinpaketti"},"modified":"2021-02-21T19:57:01","modified_gmt":"2021-02-21T19:57:01","slug":"valeo-837320-kytkinpaketti","status":"publish","type":"product","link":"https:\/\/www.autonvaraosahaku.fi\/?product=valeo-837320-kytkinpaketti","title":{"rendered":"VALEO 837320 Kytkinpaketti"},"content":{"rendered":"<p>Uusi osa: ; Korvaava tuote\/korvaava tiedote 2: Vauhtipy\u00f6r\u00e4ll\u00e4, Ruuvisarjalla, Kytkinlevyll\u00e4; Moottorimalli: Moottoreihin, joissa kaksoismassa vauhtipy\u00f6r\u00e4; Vauhtipy\u00f6r\u00e4valmistajalle: LUK; Lis\u00e4tarvike\/lis\u00e4tieto: Painelevyll\u00e4, Irroitusmekanismilla; Hammasluku: 23; Paino [kg]: 20,66; Tuotelinja: FULLPACK DMF (CSC); Valmistusvuosi alkaen: 10\/2005; VOLVO: V50 MW,V70 III BW,S40 II MS,C70 II Cabriolet,S80 II AS; FORD: FOCUS II Kombi DA_,MONDEO IV Turnier BA7,FOCUS II DA_,S-MAX WA6,FOCUS C-MAX,GALAXY WA6,KUGA I,C-MAX DM2,MONDEO IV BA7,FOCUS II Stufenheck DA_,FOCUS II Cabriolet,MONDEO IV Stufenheck BA7; 1468703, 1508663, 1563367, 6G916477CB, 6G916477CC, 8V416477DA, 8V416477DB, 30725309; Kytkinsarja<\/p>\n","protected":false},"excerpt":{"rendered":"<p>VALEO Kytkinpaketti 837320 Kytkinsarja VOLVO,FORD,V50 MW,V70 III BW,S40 II MS,C70 II Cabriolet,S80 II AS,FOCUS II Kombi DA_,MONDEO IV Turnier BA7<\/p>\n","protected":false},"featured_media":0,"template":"","meta":{"site-sidebar-layout":"default","site-content-layout":"default","ast-global-header-display":"","ast-main-header-display":"","ast-hfb-above-header-display":"","ast-hfb-below-header-display":"","ast-hfb-mobile-header-display":"","site-post-title":"","ast-breadcrumbs-content":"","ast-featured-img":"","footer-sml-layout":"","theme-transparent-header-meta":"","adv-header-id-meta":"","stick-header-meta":"","header-above-stick-meta":"","header-main-stick-meta":"","header-below-stick-meta":""},"pwb-brand":[28],"product_cat":[21],"product_tag":[],"class_list":{"0":"post-78236","1":"product","2":"type-product","3":"status-publish","5":"pwb-brand-valeo","6":"product_cat-kytkinpaketti","7":"desktop-align-left","8":"tablet-align-left","9":"mobile-align-left","11":"first","12":"instock","13":"product-type-external"},"brands":[{"id":28,"name":"VALEO","slug":"valeo"}],"_links":{"self":[{"href":"https:\/\/www.autonvaraosahaku.fi\/index.php?rest_route=\/wp\/v2\/product\/78236","targetHints":{"allow":["GET"]}}],"collection":[{"href":"https:\/\/www.autonvaraosahaku.fi\/index.php?rest_route=\/wp\/v2\/product"}],"about":[{"href":"https:\/\/www.autonvaraosahaku.fi\/index.php?rest_route=\/wp\/v2\/types\/product"}],"wp:attachment":[{"href":"https:\/\/www.autonvaraosahaku.fi\/index.php?rest_route=%2Fwp%2Fv2%2Fmedia&parent=78236"}],"wp:term":[{"taxonomy":"pwb-brand","embeddable":true,"href":"https:\/\/www.autonvaraosahaku.fi\/index.php?rest_route=%2Fwp%2Fv2%2Fpwb-brand&post=78236"},{"taxonomy":"product_cat","embeddable":true,"href":"https:\/\/www.autonvaraosahaku.fi\/index.php?rest_route=%2Fwp%2Fv2%2Fproduct_cat&post=78236"},{"taxonomy":"product_tag","embeddable":true,"href":"https:\/\/www.autonvaraosahaku.fi\/index.php?rest_route=%2Fwp%2Fv2%2Fproduct_tag&post=78236"}],"curies":[{"name":"wp","href":"https:\/\/api.w.org\/{rel}","templated":true}]}}