{"id":78238,"date":"2021-02-21T19:56:59","date_gmt":"2021-02-21T19:56:59","guid":{"rendered":"https:\/\/www.autonvaraosahaku.fi\/?product=magneti-marelli-363916060473-jarrupalat"},"modified":"2021-02-21T19:57:01","modified_gmt":"2021-02-21T19:57:01","slug":"magneti-marelli-363916060473-jarrupalat","status":"publish","type":"product","link":"https:\/\/www.autonvaraosahaku.fi\/?product=magneti-marelli-363916060473-jarrupalat","title":{"rendered":"MAGNETI MARELLI 363916060473 Jarrupalat"},"content":{"rendered":"<p>Jarruj\u00e4rjestelm\u00e4: AKEBONO; WVA-numero: 23871; Pituus 1 (mm): 105,5; Korkeus 1 (mm): 38,2; Paksuus 1 [mm]: 13,7; Kulumisenilmaisimen liitos: akustisella kulumavaroittimella; Kulumisvaroittimia [pro Achse]: 1; M\u00e4\u00e4r\u00e4yksikk\u00f6: Akselisarja; Asennuspuoli: Hinterachse; NISSAN: QASHQAI \/ QASHQAI +2 J10, JJ10,X-TRAIL T30,JUKE F15,MURANO Z50,TIIDA Schr\u00e4gheck,MURANO Z51,PATHFINDER R50,CUBE Z12,TIIDA Stufenheck SC11X,TEANA II J32,SENTRA B17; SUZUKI: GRAND VITARA II JT; INFINITI: Q50,FX,EX,M Y51,G Stufenheck,M35,Q70 Y51,QX50; RENAULT: KOLEOS HY_; 44060CB10J, 44060EG085, D40601BN0A, D40601MB0A, D4060CY025, D4M60EG50C, 5580077K00; Jarrupalasarja,Jarrupala, Levyjarru<\/p>\n","protected":false},"excerpt":{"rendered":"<p>MAGNETI MARELLI Jarrupalat 363916060473 Jarrupalasarja,Jarrupala, Levyjarru NISSAN,SUZUKI,INFINITI,QASHQAI \/ QASHQAI +2 J10, JJ10,X-TRAIL T30,JUKE F15<\/p>\n","protected":false},"featured_media":0,"template":"","meta":{"site-sidebar-layout":"default","site-content-layout":"default","ast-global-header-display":"","ast-main-header-display":"","ast-hfb-above-header-display":"","ast-hfb-below-header-display":"","ast-hfb-mobile-header-display":"","site-post-title":"","ast-breadcrumbs-content":"","ast-featured-img":"","footer-sml-layout":"","theme-transparent-header-meta":"","adv-header-id-meta":"","stick-header-meta":"","header-above-stick-meta":"","header-main-stick-meta":"","header-below-stick-meta":""},"pwb-brand":[34],"product_cat":[100],"product_tag":[],"class_list":{"0":"post-78238","1":"product","2":"type-product","3":"status-publish","5":"pwb-brand-magneti-marelli","6":"product_cat-jarrupalat","7":"desktop-align-left","8":"tablet-align-left","9":"mobile-align-left","11":"first","12":"instock","13":"product-type-external"},"brands":[{"id":34,"name":"MAGNETI MARELLI","slug":"magneti-marelli"}],"_links":{"self":[{"href":"https:\/\/www.autonvaraosahaku.fi\/index.php?rest_route=\/wp\/v2\/product\/78238","targetHints":{"allow":["GET"]}}],"collection":[{"href":"https:\/\/www.autonvaraosahaku.fi\/index.php?rest_route=\/wp\/v2\/product"}],"about":[{"href":"https:\/\/www.autonvaraosahaku.fi\/index.php?rest_route=\/wp\/v2\/types\/product"}],"wp:attachment":[{"href":"https:\/\/www.autonvaraosahaku.fi\/index.php?rest_route=%2Fwp%2Fv2%2Fmedia&parent=78238"}],"wp:term":[{"taxonomy":"pwb-brand","embeddable":true,"href":"https:\/\/www.autonvaraosahaku.fi\/index.php?rest_route=%2Fwp%2Fv2%2Fpwb-brand&post=78238"},{"taxonomy":"product_cat","embeddable":true,"href":"https:\/\/www.autonvaraosahaku.fi\/index.php?rest_route=%2Fwp%2Fv2%2Fproduct_cat&post=78238"},{"taxonomy":"product_tag","embeddable":true,"href":"https:\/\/www.autonvaraosahaku.fi\/index.php?rest_route=%2Fwp%2Fv2%2Fproduct_tag&post=78238"}],"curies":[{"name":"wp","href":"https:\/\/api.w.org\/{rel}","templated":true}]}}