{"id":78271,"date":"2021-02-21T19:57:13","date_gmt":"2021-02-21T19:57:13","guid":{"rendered":"https:\/\/www.autonvaraosahaku.fi\/?product=jp-group-1118500200-oljynsuodatin"},"modified":"2021-02-21T19:57:13","modified_gmt":"2021-02-21T19:57:13","slug":"jp-group-1118500200-oljynsuodatin","status":"publish","type":"product","link":"https:\/\/www.autonvaraosahaku.fi\/?product=jp-group-1118500200-oljynsuodatin","title":{"rendered":"JP GROUP 1118500200 \u00d6ljynsuodatin"},"content":{"rendered":"<p>Suodatintyyppi: Suodatinpanos; Korkeus (mm): 106; Ulkol\u00e4pimitta [mm]: 84; Sis\u00e4l\u00e4pimitta 1 [mm]: 23; Sis\u00e4l\u00e4pimitta 2 [mm]: 30; Valmistusvuosi alkaen: 10\/1991; VW: GOLF III 1H1,SHARAN 7M8, 7M9, 7M6,PASSAT Variant 3A5, 35I,GOLF III Variant 1H5,PASSAT 3A2, 35I,CORRADO 53I,VENTO 1H2; FORD: GALAXY WGR; 1669779, 95VW6714AA, 021115561A, 021115562<\/p>\n","protected":false},"excerpt":{"rendered":"<p>JP GROUP \u00d6ljynsuodatin JP Group 1118500200  VW,FORD,GOLF III 1H1,SHARAN 7M8, 7M9, 7M6,PASSAT Variant 3A5, 35I,GOLF III Variant 1H5,PASSAT 3A2, 35I<\/p>\n","protected":false},"featured_media":0,"template":"","meta":{"site-sidebar-layout":"default","site-content-layout":"default","ast-global-header-display":"","ast-main-header-display":"","ast-hfb-above-header-display":"","ast-hfb-below-header-display":"","ast-hfb-mobile-header-display":"","site-post-title":"","ast-breadcrumbs-content":"","ast-featured-img":"","footer-sml-layout":"","theme-transparent-header-meta":"","adv-header-id-meta":"","stick-header-meta":"","header-above-stick-meta":"","header-main-stick-meta":"","header-below-stick-meta":""},"pwb-brand":[131],"product_cat":[30],"product_tag":[],"class_list":{"0":"post-78271","1":"product","2":"type-product","3":"status-publish","5":"pwb-brand-jp-group","6":"product_cat-oljynsuodatin","7":"desktop-align-left","8":"tablet-align-left","9":"mobile-align-left","11":"first","12":"instock","13":"product-type-external"},"brands":[{"id":131,"name":"JP GROUP","slug":"jp-group"}],"_links":{"self":[{"href":"https:\/\/www.autonvaraosahaku.fi\/index.php?rest_route=\/wp\/v2\/product\/78271","targetHints":{"allow":["GET"]}}],"collection":[{"href":"https:\/\/www.autonvaraosahaku.fi\/index.php?rest_route=\/wp\/v2\/product"}],"about":[{"href":"https:\/\/www.autonvaraosahaku.fi\/index.php?rest_route=\/wp\/v2\/types\/product"}],"wp:attachment":[{"href":"https:\/\/www.autonvaraosahaku.fi\/index.php?rest_route=%2Fwp%2Fv2%2Fmedia&parent=78271"}],"wp:term":[{"taxonomy":"pwb-brand","embeddable":true,"href":"https:\/\/www.autonvaraosahaku.fi\/index.php?rest_route=%2Fwp%2Fv2%2Fpwb-brand&post=78271"},{"taxonomy":"product_cat","embeddable":true,"href":"https:\/\/www.autonvaraosahaku.fi\/index.php?rest_route=%2Fwp%2Fv2%2Fproduct_cat&post=78271"},{"taxonomy":"product_tag","embeddable":true,"href":"https:\/\/www.autonvaraosahaku.fi\/index.php?rest_route=%2Fwp%2Fv2%2Fproduct_tag&post=78271"}],"curies":[{"name":"wp","href":"https:\/\/api.w.org\/{rel}","templated":true}]}}