{"id":78279,"date":"2021-02-21T19:57:13","date_gmt":"2021-02-21T19:57:13","guid":{"rendered":"https:\/\/www.autonvaraosahaku.fi\/?product=era-465014-pissapojan-pumppu"},"modified":"2021-02-21T19:57:16","modified_gmt":"2021-02-21T19:57:16","slug":"era-465014-pissapojan-pumppu","status":"publish","type":"product","link":"https:\/\/www.autonvaraosahaku.fi\/?product=era-465014-pissapojan-pumppu","title":{"rendered":"ERA 465014 Pissapojan pumppu"},"content":{"rendered":"<p>J\u00e4nnite (V): 12; Liittimi\u00e4: 2; Pumpputyyppi: Pumppu, (monopumppu); FIAT: SCUDO Kasten 220L,SCUDO Combinato 220P; CITRO\u00cbN: BERLINGO MF,BERLINGO Kasten M_,XM Y4,XANTIA X1,AX ZA-_,ZX N2,JUMPY U6U,JUMPY Kasten BS_, BT_, BY_, BZ_,XM Y3,XM Break Y4,JUMPY Pritsche\/Fahrgestell BU_, BV_, BW_, BX_,XM Break Y3; PEUGEOT: 206 CC 2D,306 Cabriolet 7D, N3, N5,PARTNER Combispace 5F,106 I 1A, 1C,PARTNER Kasten 5,406 Coupe 8C,406 8B,306 7B, N3, N5,EXPERT Kasten 222,605 6B,EXPERT 224,EXPERT Pritsche\/Fahrgestell 223; 643458, 9601120180, 643458; Pesurin Pumppu,Lasinpesurin Pumppu,Pesunestepumppu, Lasinpesu<\/p>\n","protected":false},"excerpt":{"rendered":"<p>ERA Pissapojan Pumppu 465014 Pesurin Pumppu,Lasinpesurin Pumppu FIAT,CITRO\u00cbN,PEUGEOT,SCUDO Kasten 220L,SCUDO Combinato 220P,BERLINGO MF<\/p>\n","protected":false},"featured_media":0,"template":"","meta":{"site-sidebar-layout":"default","site-content-layout":"default","ast-global-header-display":"","ast-main-header-display":"","ast-hfb-above-header-display":"","ast-hfb-below-header-display":"","ast-hfb-mobile-header-display":"","site-post-title":"","ast-breadcrumbs-content":"","ast-featured-img":"","footer-sml-layout":"","theme-transparent-header-meta":"","adv-header-id-meta":"","stick-header-meta":"","header-above-stick-meta":"","header-main-stick-meta":"","header-below-stick-meta":""},"pwb-brand":[64],"product_cat":[182],"product_tag":[],"class_list":{"0":"post-78279","1":"product","2":"type-product","3":"status-publish","5":"pwb-brand-era","6":"product_cat-pissapojan-pumppu","7":"desktop-align-left","8":"tablet-align-left","9":"mobile-align-left","11":"first","12":"instock","13":"product-type-external"},"brands":[{"id":64,"name":"ERA","slug":"era"}],"_links":{"self":[{"href":"https:\/\/www.autonvaraosahaku.fi\/index.php?rest_route=\/wp\/v2\/product\/78279","targetHints":{"allow":["GET"]}}],"collection":[{"href":"https:\/\/www.autonvaraosahaku.fi\/index.php?rest_route=\/wp\/v2\/product"}],"about":[{"href":"https:\/\/www.autonvaraosahaku.fi\/index.php?rest_route=\/wp\/v2\/types\/product"}],"wp:attachment":[{"href":"https:\/\/www.autonvaraosahaku.fi\/index.php?rest_route=%2Fwp%2Fv2%2Fmedia&parent=78279"}],"wp:term":[{"taxonomy":"pwb-brand","embeddable":true,"href":"https:\/\/www.autonvaraosahaku.fi\/index.php?rest_route=%2Fwp%2Fv2%2Fpwb-brand&post=78279"},{"taxonomy":"product_cat","embeddable":true,"href":"https:\/\/www.autonvaraosahaku.fi\/index.php?rest_route=%2Fwp%2Fv2%2Fproduct_cat&post=78279"},{"taxonomy":"product_tag","embeddable":true,"href":"https:\/\/www.autonvaraosahaku.fi\/index.php?rest_route=%2Fwp%2Fv2%2Fproduct_tag&post=78279"}],"curies":[{"name":"wp","href":"https:\/\/api.w.org\/{rel}","templated":true}]}}