{"id":78284,"date":"2021-02-21T19:57:13","date_gmt":"2021-02-21T19:57:13","guid":{"rendered":"https:\/\/www.autonvaraosahaku.fi\/?product=ridex-458f0023-polttoainepumppu"},"modified":"2021-02-21T19:57:17","modified_gmt":"2021-02-21T19:57:17","slug":"ridex-458f0023-polttoainepumppu","status":"publish","type":"product","link":"https:\/\/www.autonvaraosahaku.fi\/?product=ridex-458f0023-polttoainepumppu","title":{"rendered":"RIDEX 458F0023 Polttoainepumppu"},"content":{"rendered":"<p>Asennuspuoli: Polttoainejohdin; K\u00e4ytt\u00f6: S\u00e4hk\u00f6inen; Napojen m\u00e4\u00e4r\u00e4: 2; K\u00e4ytt\u00f6paine (bar): 4,0; Alustanumerosta: C 227245; MERCEDES-BENZ: E-CLASS W211,C-CLASS W202,E-CLASS T-Model S211,SLK R170,E-CLASS W210,Stufenheck W124,E-CLASS Kombi S210,CLK C208,SL R129,C-CLASS Kombi S202,S-CLASS W220,E-CLASS W124,G-CLASS W463,CLK Cabriolet A208,COUPE C124,S-CLASS W140,E-CLASS Kombi S124,S-CLASS Coupe C215,E-CLASS Cabriolet A124,E-CLASS Coupe C124,S-CLASS Coupe C140,CABRIOLET A124,G-CLASS Cabrio W463; CHRYSLER: CROSSFIRE,CROSSFIRE Roadster; PUCH: G-MODELL W 463; 0004705994, 0004706094, 0004706794, 0004707894, 0004709594, 0004780001, 2024709994, A0004705994, A0004706094, A0004706794, A0004707894, A0004709594, A0004780001, A2024709994, 0004706094<\/p>\n","protected":false},"excerpt":{"rendered":"<p>RIDEX Polttoainepumppu 458F0023  MERCEDES-BENZ,CHRYSLER,PUCH,E-CLASS W211,C-CLASS W202,E-CLASS T-Model S211,SLK R170,E-CLASS W210,Stufenheck W124<\/p>\n","protected":false},"featured_media":0,"template":"","meta":{"site-sidebar-layout":"default","site-content-layout":"default","ast-global-header-display":"","ast-main-header-display":"","ast-hfb-above-header-display":"","ast-hfb-below-header-display":"","ast-hfb-mobile-header-display":"","site-post-title":"","ast-breadcrumbs-content":"","ast-featured-img":"","footer-sml-layout":"","theme-transparent-header-meta":"","adv-header-id-meta":"","stick-header-meta":"","header-above-stick-meta":"","header-main-stick-meta":"","header-below-stick-meta":""},"pwb-brand":[157],"product_cat":[73],"product_tag":[],"class_list":{"0":"post-78284","1":"product","2":"type-product","3":"status-publish","5":"pwb-brand-ridex","6":"product_cat-polttoainepumppu","7":"desktop-align-left","8":"tablet-align-left","9":"mobile-align-left","11":"first","12":"instock","13":"product-type-external"},"brands":[{"id":157,"name":"RIDEX","slug":"ridex"}],"_links":{"self":[{"href":"https:\/\/www.autonvaraosahaku.fi\/index.php?rest_route=\/wp\/v2\/product\/78284","targetHints":{"allow":["GET"]}}],"collection":[{"href":"https:\/\/www.autonvaraosahaku.fi\/index.php?rest_route=\/wp\/v2\/product"}],"about":[{"href":"https:\/\/www.autonvaraosahaku.fi\/index.php?rest_route=\/wp\/v2\/types\/product"}],"wp:attachment":[{"href":"https:\/\/www.autonvaraosahaku.fi\/index.php?rest_route=%2Fwp%2Fv2%2Fmedia&parent=78284"}],"wp:term":[{"taxonomy":"pwb-brand","embeddable":true,"href":"https:\/\/www.autonvaraosahaku.fi\/index.php?rest_route=%2Fwp%2Fv2%2Fpwb-brand&post=78284"},{"taxonomy":"product_cat","embeddable":true,"href":"https:\/\/www.autonvaraosahaku.fi\/index.php?rest_route=%2Fwp%2Fv2%2Fproduct_cat&post=78284"},{"taxonomy":"product_tag","embeddable":true,"href":"https:\/\/www.autonvaraosahaku.fi\/index.php?rest_route=%2Fwp%2Fv2%2Fproduct_tag&post=78284"}],"curies":[{"name":"wp","href":"https:\/\/api.w.org\/{rel}","templated":true}]}}