{"id":78309,"date":"2021-02-21T19:57:20","date_gmt":"2021-02-21T19:57:20","guid":{"rendered":"https:\/\/www.autonvaraosahaku.fi\/?product=autofren-seinsa-d42020c-jarrusatula-korjaussarja"},"modified":"2021-02-21T19:57:27","modified_gmt":"2021-02-21T19:57:27","slug":"autofren-seinsa-d42020c-jarrusatula-korjaussarja","status":"publish","type":"product","link":"https:\/\/www.autonvaraosahaku.fi\/?product=autofren-seinsa-d42020c-jarrusatula-korjaussarja","title":{"rendered":"AUTOFREN SEINSA D42020C Jarrusatula korjaussarja"},"content":{"rendered":"<p>Asennuspuoli: Etuakseli; L\u00e4pimitta [mm]: 45; Jarruj\u00e4rjestelm\u00e4: MANDO; T\u00e4yssarja: ; Jarrusatulatyyppi: Jarrusatula (2-m\u00e4nt\u00e4\u00e4); KIA: SORENTO II XM; SSANGYONG: REXTON GAB_,REXTON W,ACTYON SPORTS I QJ,ACTYON SPORTS II; HYUNDAI: SANTA F\u00c9 I SM,SANTA F\u00c9 II CM,SANTA F\u00c9 III DM,GRAND SANTA F\u00c9; 581102B700, 581102W700, 581302B700, 581302W700, 581802BA00, 581802BA10, 581802WA00, 581902BA00, 581902BA10, 581902WA00, 581102P700, 581302P700, 581802PA70, 581902PA70, 4811008B50, 4811008B51, 4811008B52; Korjaussarja, Jarrusatula<\/p>\n","protected":false},"excerpt":{"rendered":"<p>AUTOFREN SEINSA Jarrusatula Korjaussarja D42020C Korjaussarja, Jarrusatula KIA,SSANGYONG,HYUNDAI,SORENTO II XM,REXTON GAB_,REXTON W,ACTYON SPORTS I QJ<\/p>\n","protected":false},"featured_media":0,"template":"","meta":{"site-sidebar-layout":"default","site-content-layout":"default","ast-global-header-display":"","ast-main-header-display":"","ast-hfb-above-header-display":"","ast-hfb-below-header-display":"","ast-hfb-mobile-header-display":"","site-post-title":"","ast-breadcrumbs-content":"","ast-featured-img":"","footer-sml-layout":"","theme-transparent-header-meta":"","adv-header-id-meta":"","stick-header-meta":"","header-above-stick-meta":"","header-main-stick-meta":"","header-below-stick-meta":""},"pwb-brand":[243],"product_cat":[57],"product_tag":[],"class_list":{"0":"post-78309","1":"product","2":"type-product","3":"status-publish","5":"pwb-brand-autofren-seinsa","6":"product_cat-jarrusatula-korjaussarja","7":"desktop-align-left","8":"tablet-align-left","9":"mobile-align-left","11":"first","12":"instock","13":"product-type-external"},"brands":[{"id":243,"name":"AUTOFREN SEINSA","slug":"autofren-seinsa"}],"_links":{"self":[{"href":"https:\/\/www.autonvaraosahaku.fi\/index.php?rest_route=\/wp\/v2\/product\/78309","targetHints":{"allow":["GET"]}}],"collection":[{"href":"https:\/\/www.autonvaraosahaku.fi\/index.php?rest_route=\/wp\/v2\/product"}],"about":[{"href":"https:\/\/www.autonvaraosahaku.fi\/index.php?rest_route=\/wp\/v2\/types\/product"}],"wp:attachment":[{"href":"https:\/\/www.autonvaraosahaku.fi\/index.php?rest_route=%2Fwp%2Fv2%2Fmedia&parent=78309"}],"wp:term":[{"taxonomy":"pwb-brand","embeddable":true,"href":"https:\/\/www.autonvaraosahaku.fi\/index.php?rest_route=%2Fwp%2Fv2%2Fpwb-brand&post=78309"},{"taxonomy":"product_cat","embeddable":true,"href":"https:\/\/www.autonvaraosahaku.fi\/index.php?rest_route=%2Fwp%2Fv2%2Fproduct_cat&post=78309"},{"taxonomy":"product_tag","embeddable":true,"href":"https:\/\/www.autonvaraosahaku.fi\/index.php?rest_route=%2Fwp%2Fv2%2Fproduct_tag&post=78309"}],"curies":[{"name":"wp","href":"https:\/\/api.w.org\/{rel}","templated":true}]}}