{"id":78360,"date":"2021-02-21T19:57:42","date_gmt":"2021-02-21T19:57:42","guid":{"rendered":"https:\/\/www.autonvaraosahaku.fi\/?product=jp-group-1518700400-polttoainesuodatin"},"modified":"2021-02-21T19:57:46","modified_gmt":"2021-02-21T19:57:46","slug":"jp-group-1518700400-polttoainesuodatin","status":"publish","type":"product","link":"https:\/\/www.autonvaraosahaku.fi\/?product=jp-group-1518700400-polttoainesuodatin","title":{"rendered":"JP GROUP 1518700400 Polttoainesuodatin"},"content":{"rendered":"<p>Suodatintyyppi: Letkusuodatin; Korkeus (mm): 145; Ulkol\u00e4pimitta 1 [mm]: 77; Ulkol\u00e4pimitta 2 [mm]: 82; Sis\u00e4\u00e4ntulol\u00e4pimitta [mm]: 8; Ulostulon l\u00e4pimitta [mm]: 8; Valmistusvuosi alkaen: 07\/1992; FORD: FIESTA IV JA_, JB_,KA RB_,STREET KA RL2,MONDEO II Kombi BNP,FIESTA III GFJ,MONDEO II BAP,PUMA EC_,ESCORT VII GAL, AAL, ABL,MONDEO II Stufenheck BFP,MONDEO I Kombi BNP,MONDEO I GBP,ESCORT VII Kombi GAL, ANL,TRANSIT  MK-5 Bus E_ _,ESCORT VII Cabriolet ALL,ESCORT VI Cabriolet ALL,ESCORT VI GAL,SCORPIO II GFR, GGR,TRANSIT MK-5 Pritsche\/Fahrgestell E_ _,ESCORT V Cabriolet ALL,MONDEO I Stufenheck GBP,TRANSIT MK-5 Kasten E_ _,ESCORT &#8217;95 Express AVL,FIESTA Kasten J5_, J3_,SCORPIO II Kombi GNR, GGR,ESCORT V GAL,ESCORT VII Stufenheck GAL, AFL,KA Van RB,ESCORT VI Kombi GAL,ESCORT CLASSIC AAL, ABL,ESCORT CLASSIC Turnier ANL,ESCORT VI Stufenheck GAL,FIESTA Kasten F3L, F5L,ESCORT V Kombi GAL, AVL,ESCORT &#8217;91 Express AVL,ORION III GAL; MAZDA: 121 III JASM, JBSM; 1022150, 6594603, 92FB9155AA, 92FB9155AB, E7DE9155AA, XS619155AA, 1E0320490, 1E0513490, 1E0513490A<\/p>\n","protected":false},"excerpt":{"rendered":"<p>JP GROUP Polttoainesuodatin JP Group 1518700400  FORD,MAZDA,FIESTA IV JA_, JB_,KA RB_,STREET KA RL2,MONDEO II Kombi BNP,FIESTA III GFJ,MONDEO II BAP<\/p>\n","protected":false},"featured_media":0,"template":"","meta":{"site-sidebar-layout":"default","site-content-layout":"default","ast-global-header-display":"","ast-main-header-display":"","ast-hfb-above-header-display":"","ast-hfb-below-header-display":"","ast-hfb-mobile-header-display":"","site-post-title":"","ast-breadcrumbs-content":"","ast-featured-img":"","footer-sml-layout":"","theme-transparent-header-meta":"","adv-header-id-meta":"","stick-header-meta":"","header-above-stick-meta":"","header-main-stick-meta":"","header-below-stick-meta":""},"pwb-brand":[131],"product_cat":[29],"product_tag":[],"class_list":{"0":"post-78360","1":"product","2":"type-product","3":"status-publish","5":"pwb-brand-jp-group","6":"product_cat-polttoainesuodatin","7":"desktop-align-left","8":"tablet-align-left","9":"mobile-align-left","11":"first","12":"instock","13":"product-type-external"},"brands":[{"id":131,"name":"JP GROUP","slug":"jp-group"}],"_links":{"self":[{"href":"https:\/\/www.autonvaraosahaku.fi\/index.php?rest_route=\/wp\/v2\/product\/78360","targetHints":{"allow":["GET"]}}],"collection":[{"href":"https:\/\/www.autonvaraosahaku.fi\/index.php?rest_route=\/wp\/v2\/product"}],"about":[{"href":"https:\/\/www.autonvaraosahaku.fi\/index.php?rest_route=\/wp\/v2\/types\/product"}],"wp:attachment":[{"href":"https:\/\/www.autonvaraosahaku.fi\/index.php?rest_route=%2Fwp%2Fv2%2Fmedia&parent=78360"}],"wp:term":[{"taxonomy":"pwb-brand","embeddable":true,"href":"https:\/\/www.autonvaraosahaku.fi\/index.php?rest_route=%2Fwp%2Fv2%2Fpwb-brand&post=78360"},{"taxonomy":"product_cat","embeddable":true,"href":"https:\/\/www.autonvaraosahaku.fi\/index.php?rest_route=%2Fwp%2Fv2%2Fproduct_cat&post=78360"},{"taxonomy":"product_tag","embeddable":true,"href":"https:\/\/www.autonvaraosahaku.fi\/index.php?rest_route=%2Fwp%2Fv2%2Fproduct_tag&post=78360"}],"curies":[{"name":"wp","href":"https:\/\/api.w.org\/{rel}","templated":true}]}}