{"id":7837,"date":"2021-02-21T14:01:17","date_gmt":"2021-02-21T14:01:17","guid":{"rendered":"https:\/\/www.autonvaraosahaku.fi\/?product=topran-208-610-hydraulinen-venttiilinnostin"},"modified":"2021-02-21T14:01:19","modified_gmt":"2021-02-21T14:01:19","slug":"topran-208-610-hydraulinen-venttiilinnostin","status":"publish","type":"product","link":"https:\/\/www.autonvaraosahaku.fi\/?product=topran-208-610-hydraulinen-venttiilinnostin","title":{"rendered":"TOPRAN 208 610 Hydraulinen venttiilinnostin"},"content":{"rendered":"<p>Korvaava tuote\/korvaava tiedote 2: nokka-akselille; Moottorinumero: JE0K\/G9T 710; OPEL: VIVARO Kasten F7,VIVARO Combi J7,MOVANO Kasten F9,MOVANO Combi J9,VIVARO Pritsche\/Fahrgestell E7,MOVANO Pritsche\/Fahrgestell U9, E9; RENAULT: ESPACE IV JK0\/1_,LAGUNA II Grandtour KG0\/1_,ESPACE III JE0_,LAGUNA II BG0\/1_,TRAFIC II Bus JL,MASTER II Kasten FD,TRAFIC II Kasten FL,MASTER II Pritsche\/Fahrgestell ED\/HD\/UD,MASTER II Bus JD,TRAFIC II Pritsche\/Fahrgestell EL; VAUXHALL: VIVARO Kasten F7,MOVANO Mk I A Van FD,VIVARO Pritsche\/Fahrgestell E7,VIVARO Combi J7,MOVANO Mk I A Combi JD; 4452073, 4506079, 8200007915, 8200009982, 8201067796, 09201518, 93198807; Vipupainin, Moottorin S\u00e4\u00e4t\u00f6<\/p>\n","protected":false},"excerpt":{"rendered":"<p>TOPRAN Keinuvipu 208 610 Vipupainin, Moottorin S\u00e4\u00e4t\u00f6 OPEL,RENAULT,VAUXHALL,VIVARO Kasten F7,VIVARO Combi J7,MOVANO Kasten F9,MOVANO Combi J9<\/p>\n","protected":false},"featured_media":0,"template":"","meta":{"site-sidebar-layout":"default","site-content-layout":"default","ast-global-header-display":"","ast-main-header-display":"","ast-hfb-above-header-display":"","ast-hfb-below-header-display":"","ast-hfb-mobile-header-display":"","site-post-title":"","ast-breadcrumbs-content":"","ast-featured-img":"","footer-sml-layout":"","theme-transparent-header-meta":"","adv-header-id-meta":"","stick-header-meta":"","header-above-stick-meta":"","header-main-stick-meta":"","header-below-stick-meta":""},"pwb-brand":[18],"product_cat":[126],"product_tag":[],"class_list":{"0":"post-7837","1":"product","2":"type-product","3":"status-publish","5":"pwb-brand-topran","6":"product_cat-hydraulinen-venttiilinnostin","7":"desktop-align-left","8":"tablet-align-left","9":"mobile-align-left","11":"first","12":"instock","13":"product-type-external"},"brands":[{"id":18,"name":"TOPRAN","slug":"topran"}],"_links":{"self":[{"href":"https:\/\/www.autonvaraosahaku.fi\/index.php?rest_route=\/wp\/v2\/product\/7837","targetHints":{"allow":["GET"]}}],"collection":[{"href":"https:\/\/www.autonvaraosahaku.fi\/index.php?rest_route=\/wp\/v2\/product"}],"about":[{"href":"https:\/\/www.autonvaraosahaku.fi\/index.php?rest_route=\/wp\/v2\/types\/product"}],"wp:attachment":[{"href":"https:\/\/www.autonvaraosahaku.fi\/index.php?rest_route=%2Fwp%2Fv2%2Fmedia&parent=7837"}],"wp:term":[{"taxonomy":"pwb-brand","embeddable":true,"href":"https:\/\/www.autonvaraosahaku.fi\/index.php?rest_route=%2Fwp%2Fv2%2Fpwb-brand&post=7837"},{"taxonomy":"product_cat","embeddable":true,"href":"https:\/\/www.autonvaraosahaku.fi\/index.php?rest_route=%2Fwp%2Fv2%2Fproduct_cat&post=7837"},{"taxonomy":"product_tag","embeddable":true,"href":"https:\/\/www.autonvaraosahaku.fi\/index.php?rest_route=%2Fwp%2Fv2%2Fproduct_tag&post=7837"}],"curies":[{"name":"wp","href":"https:\/\/api.w.org\/{rel}","templated":true}]}}