{"id":78389,"date":"2021-02-21T19:57:49","date_gmt":"2021-02-21T19:57:49","guid":{"rendered":"https:\/\/www.autonvaraosahaku.fi\/?product=monroe-l29572-alatukivarsi"},"modified":"2021-02-21T19:57:55","modified_gmt":"2021-02-21T19:57:55","slug":"monroe-l29572-alatukivarsi","status":"publish","type":"product","link":"https:\/\/www.autonvaraosahaku.fi\/?product=monroe-l29572-alatukivarsi","title":{"rendered":"MONROE L29572 Alatukivarsi"},"content":{"rendered":"<p>Paino [kg]: 4,700; Tarvittava kappalem\u00e4\u00e4r\u00e4: 1; Materiaali: Ter\u00e4slevy; Ohjausmalli: Poikittaistukivarsi; Korvaava tuote\/korvaava tiedote 2: Alapallo-\/pallonivelell\u00e4, Kumilaakerilla; Pakkauspituus [cm]: 50; Pakkausleveys [cm]: 41; Pakkauskorkeus [mm]: 9; Asennuspuoli: Vorderachse; VW: GOLF V 1K1,TOURAN 1T1, 1T2,GOLF VI 5K1,GOLF PLUS 5M1, 521,CADDY III Kombi 2KB, 2KJ, 2CB, 2CJ,TOURAN 1T3,GOLF VI Variant AJ5,GOLF V Variant 1K5,CADDY III Kasten 2KA, 2KH, 2CA, 2CH,EOS 1F7, 1F8,SCIROCCO 137, 138,JETTA III 1K2,GOLF VI Cabriolet 517; AUDI: A3 8P1,A3 Sportback 8PA,A3 Cabriolet 8P7; SKODA: OCTAVIA Combi 1Z5,YETI 5L,SUPERB Kombi 3T5,OCTAVIA 1Z3,SUPERB 3T4; SEAT: LEON 1P1,ALTEA 5P1,ALTEA XL 5P5, 5P8,TOLEDO III 5P2; 1K0407151AA, 1K0407151AB, 1K0407151AE, 1K0407151AH, 1K0407151BC, 1K0407151BD, 1K0407151N, 1K0407151P, 1K0407151Q, 1K0407151AA, 1K0407151AB, 1K0407151AE, 1K0407151BC, 1K0407151BD, 1K0407151N, 1K0407151P, 1K0407151AA, 1K0407151AE, 1K0407151AH, 1K0407151BC, 1K0407151N, 1K0407151P, 1K0407151AA, 1K0407151AE, 1K0407151AH, 1K0407151BC, 1K0407151BD, 1K0407151N, 1K0407151P; Tukivarsi,Tukivarsi, Py\u00f6r\u00e4ntuenta<\/p>\n","protected":false},"excerpt":{"rendered":"<p>MONROE Alatukivarsi L29572 Tukivarsi,Tukivarsi, Py\u00f6r\u00e4ntuenta VW,AUDI,SKODA,GOLF V 1K1,TOURAN 1T1, 1T2,GOLF VI 5K1,GOLF PLUS 5M1, 521<\/p>\n","protected":false},"featured_media":0,"template":"","meta":{"site-sidebar-layout":"default","site-content-layout":"default","ast-global-header-display":"","ast-main-header-display":"","ast-hfb-above-header-display":"","ast-hfb-below-header-display":"","ast-hfb-mobile-header-display":"","site-post-title":"","ast-breadcrumbs-content":"","ast-featured-img":"","footer-sml-layout":"","theme-transparent-header-meta":"","adv-header-id-meta":"","stick-header-meta":"","header-above-stick-meta":"","header-main-stick-meta":"","header-below-stick-meta":""},"pwb-brand":[79],"product_cat":[62],"product_tag":[],"class_list":{"0":"post-78389","1":"product","2":"type-product","3":"status-publish","5":"pwb-brand-monroe","6":"product_cat-alatukivarsi","7":"desktop-align-left","8":"tablet-align-left","9":"mobile-align-left","11":"first","12":"instock","13":"product-type-external"},"brands":[{"id":79,"name":"MONROE","slug":"monroe"}],"_links":{"self":[{"href":"https:\/\/www.autonvaraosahaku.fi\/index.php?rest_route=\/wp\/v2\/product\/78389","targetHints":{"allow":["GET"]}}],"collection":[{"href":"https:\/\/www.autonvaraosahaku.fi\/index.php?rest_route=\/wp\/v2\/product"}],"about":[{"href":"https:\/\/www.autonvaraosahaku.fi\/index.php?rest_route=\/wp\/v2\/types\/product"}],"wp:attachment":[{"href":"https:\/\/www.autonvaraosahaku.fi\/index.php?rest_route=%2Fwp%2Fv2%2Fmedia&parent=78389"}],"wp:term":[{"taxonomy":"pwb-brand","embeddable":true,"href":"https:\/\/www.autonvaraosahaku.fi\/index.php?rest_route=%2Fwp%2Fv2%2Fpwb-brand&post=78389"},{"taxonomy":"product_cat","embeddable":true,"href":"https:\/\/www.autonvaraosahaku.fi\/index.php?rest_route=%2Fwp%2Fv2%2Fproduct_cat&post=78389"},{"taxonomy":"product_tag","embeddable":true,"href":"https:\/\/www.autonvaraosahaku.fi\/index.php?rest_route=%2Fwp%2Fv2%2Fproduct_tag&post=78389"}],"curies":[{"name":"wp","href":"https:\/\/api.w.org\/{rel}","templated":true}]}}