{"id":78407,"date":"2021-02-21T19:57:57","date_gmt":"2021-02-21T19:57:57","guid":{"rendered":"https:\/\/www.autonvaraosahaku.fi\/?product=jp-group-1196850400-lammityslaitteen-puhaltimen-vastus"},"modified":"2021-02-21T19:58:02","modified_gmt":"2021-02-21T19:58:02","slug":"jp-group-1196850400-lammityslaitteen-puhaltimen-vastus","status":"publish","type":"product","link":"https:\/\/www.autonvaraosahaku.fi\/?product=jp-group-1196850400-lammityslaitteen-puhaltimen-vastus","title":{"rendered":"JP GROUP 1196850400 L\u00e4mmityslaitteen puhaltimen vastus"},"content":{"rendered":"<p>J\u00e4nnite (V): 12; Vastus [Ohm]: 1; Varusteet: Autoihin, joissa ilmastointi; Napojen m\u00e4\u00e4r\u00e4: 4; VW: GOLF IV 1J1,POLO 9N_,LUPO 6X1, 6E1,GOLF IV Variant 1J5,POLO 6N2,BORA 1J2,NEW BEETLE 9C1, 1C1,BORA Kombi 1J6,NEW BEETLE Cabriolet 1Y7,POLO CLASSIC 6KV2,POLO Kasten 6NF,POLO Kasten 86CF; AUDI: A3 8L1,TT 8N3,TT Roadster 8N9; SKODA: OCTAVIA Combi 1Z5,OCTAVIA Combi 1U5,OCTAVIA 1Z3,OCTAVIA 1U2; SEAT: LEON 1M1,AROSA 6H,IBIZA II 6K1,TOLEDO II 1M2,CORDOBA 6K1, 6K2,CORDOBA Vario 6K1; 1J0819022, 1J0819022A, 6N1819022, 1J0819022, 1J0819022A, 6N1819022, 1J0819022, 1J0819022A, 6N1819022, 1J0819022, 1J0819022A, 6N1819022; Vastus, Sis\u00e4ilmantuuletin<\/p>\n","protected":false},"excerpt":{"rendered":"<p>JP GROUP L\u00e4mmityslaitteen Puhaltimen Vastus JP Group 1196850400 Vastus, Sis\u00e4ilmantuuletin VW,AUDI,SKODA,GOLF IV 1J1,POLO 9N_,LUPO 6X1, 6E1<\/p>\n","protected":false},"featured_media":0,"template":"","meta":{"site-sidebar-layout":"default","site-content-layout":"default","ast-global-header-display":"","ast-main-header-display":"","ast-hfb-above-header-display":"","ast-hfb-below-header-display":"","ast-hfb-mobile-header-display":"","site-post-title":"","ast-breadcrumbs-content":"","ast-featured-img":"","footer-sml-layout":"","theme-transparent-header-meta":"","adv-header-id-meta":"","stick-header-meta":"","header-above-stick-meta":"","header-main-stick-meta":"","header-below-stick-meta":""},"pwb-brand":[131],"product_cat":[134],"product_tag":[],"class_list":{"0":"post-78407","1":"product","2":"type-product","3":"status-publish","5":"pwb-brand-jp-group","6":"product_cat-lammityslaitteen-puhaltimen-vastus","7":"desktop-align-left","8":"tablet-align-left","9":"mobile-align-left","11":"first","12":"instock","13":"product-type-external"},"brands":[{"id":131,"name":"JP GROUP","slug":"jp-group"}],"_links":{"self":[{"href":"https:\/\/www.autonvaraosahaku.fi\/index.php?rest_route=\/wp\/v2\/product\/78407","targetHints":{"allow":["GET"]}}],"collection":[{"href":"https:\/\/www.autonvaraosahaku.fi\/index.php?rest_route=\/wp\/v2\/product"}],"about":[{"href":"https:\/\/www.autonvaraosahaku.fi\/index.php?rest_route=\/wp\/v2\/types\/product"}],"wp:attachment":[{"href":"https:\/\/www.autonvaraosahaku.fi\/index.php?rest_route=%2Fwp%2Fv2%2Fmedia&parent=78407"}],"wp:term":[{"taxonomy":"pwb-brand","embeddable":true,"href":"https:\/\/www.autonvaraosahaku.fi\/index.php?rest_route=%2Fwp%2Fv2%2Fpwb-brand&post=78407"},{"taxonomy":"product_cat","embeddable":true,"href":"https:\/\/www.autonvaraosahaku.fi\/index.php?rest_route=%2Fwp%2Fv2%2Fproduct_cat&post=78407"},{"taxonomy":"product_tag","embeddable":true,"href":"https:\/\/www.autonvaraosahaku.fi\/index.php?rest_route=%2Fwp%2Fv2%2Fproduct_tag&post=78407"}],"curies":[{"name":"wp","href":"https:\/\/api.w.org\/{rel}","templated":true}]}}