{"id":78420,"date":"2021-02-21T19:58:04","date_gmt":"2021-02-21T19:58:04","guid":{"rendered":"https:\/\/www.autonvaraosahaku.fi\/?product=hella-9xw-200-526-001-pyyhkijansulat"},"modified":"2021-02-21T19:58:07","modified_gmt":"2021-02-21T19:58:07","slug":"hella-9xw-200-526-001-pyyhkijansulat","status":"publish","type":"product","link":"https:\/\/www.autonvaraosahaku.fi\/?product=hella-9xw-200-526-001-pyyhkijansulat","title":{"rendered":"HELLA 9XW 200 526-001 Pyyhkij\u00e4nsulat"},"content":{"rendered":"<p>Asennuspuoli: Takana; Pituus (mm): 400; Pituus (tuumaa): 16; M\u00e4\u00e4r\u00e4: 1; Tuotelinja: Rear; Pyyhkij\u00e4nsulkatyyppi: Tavallinen; Valmistusvuosi alkaen: 09\/1994; NISSAN: MICRA III K12,MICRA II K11,PRIMERA Kombi WP12,PRIMASTAR Bus X83,PRIMASTAR Kasten X83,KUBISTAR Kasten X80; HONDA: ACCORD VI Hatchback CH; CHRYSLER: GRAND VOYAGER V RT; OPEL: CORSA C F08, F68,MERIVA,ZAFIRA A F75_,ASTRA G CC F48_, F08_,MERIVA B,VECTRA C GTS,VIVARO Kasten F7,ASTRA G Coupe F07_,COMBO Kasten\/Kombi,VIVARO Combi J7,COMBO Tour,CORSA CLASSIC Stufenheck,CORSA C Kasten F08, W5L,CORSA B Utility Pick-up,ASTRA G CLASSIC T98; DACIA: SANDERO; ROVER: 25 RF,STREETWISE; RENAULT: SC\u00c9NIC II JM0\/1_,KANGOO KC0\/1_,SC\u00c9NIC I JA0\/1_,ESPACE III JE0_,MEGANE Scenic JA0\/1_,TRAFIC II Bus JL,TRAFIC II Kasten FL,KANGOO Express FC0\/1_,CLIO I B\/C57_, 5\/357_,MEGANE I Coach DA0\/1_,VEL SATIS BJ0_,RAPID Kasten F40_, G40_,SANDERO\/STEPWAY I,CLIO I Kasten S57_; CITRO\u00cbN: XSARA PICASSO N68,C5 I DC_,XSARA Break N2; PEUGEOT: 306 Schr\u00e4gheck 7A, 7C, N3, N5,306 7B, N3, N5,306 Van N_, 7_; VAUXHALL: VECTRA Mk II C CC,ZAFIRA Mk I A F75,CORSA Mk II C W5L, F08,ASTRA Mk IV G CC,VIVARO Kasten F7,CORSAVAN Mk II C,MERIVA Mk I A,MERIVA Mk II B,COMBO TOUR Mk II C F25,VIVARO Combi J7,COMBO Mk II C Kasten\/Kombi F25; Tuulilasinpyyhkimet,Pyyhkij\u00e4t,Pyyhkij\u00e4nsulka<\/p>\n","protected":false},"excerpt":{"rendered":"<p>HELLA Pyyhkij\u00e4nsulat 9XW 200 526-001 Tuulilasinpyyhkimet,Pyyhkij\u00e4t NISSAN,HONDA,CHRYSLER,MICRA III K12,MICRA II K11,PRIMERA Kombi WP12<\/p>\n","protected":false},"featured_media":0,"template":"","meta":{"site-sidebar-layout":"default","site-content-layout":"default","ast-global-header-display":"","ast-main-header-display":"","ast-hfb-above-header-display":"","ast-hfb-below-header-display":"","ast-hfb-mobile-header-display":"","site-post-title":"","ast-breadcrumbs-content":"","ast-featured-img":"","footer-sml-layout":"","theme-transparent-header-meta":"","adv-header-id-meta":"","stick-header-meta":"","header-above-stick-meta":"","header-main-stick-meta":"","header-below-stick-meta":""},"pwb-brand":[24],"product_cat":[33],"product_tag":[],"class_list":{"0":"post-78420","1":"product","2":"type-product","3":"status-publish","5":"pwb-brand-hella","6":"product_cat-pyyhkijansulat","7":"desktop-align-left","8":"tablet-align-left","9":"mobile-align-left","11":"first","12":"instock","13":"product-type-external"},"brands":[{"id":24,"name":"HELLA","slug":"hella"}],"_links":{"self":[{"href":"https:\/\/www.autonvaraosahaku.fi\/index.php?rest_route=\/wp\/v2\/product\/78420","targetHints":{"allow":["GET"]}}],"collection":[{"href":"https:\/\/www.autonvaraosahaku.fi\/index.php?rest_route=\/wp\/v2\/product"}],"about":[{"href":"https:\/\/www.autonvaraosahaku.fi\/index.php?rest_route=\/wp\/v2\/types\/product"}],"wp:attachment":[{"href":"https:\/\/www.autonvaraosahaku.fi\/index.php?rest_route=%2Fwp%2Fv2%2Fmedia&parent=78420"}],"wp:term":[{"taxonomy":"pwb-brand","embeddable":true,"href":"https:\/\/www.autonvaraosahaku.fi\/index.php?rest_route=%2Fwp%2Fv2%2Fpwb-brand&post=78420"},{"taxonomy":"product_cat","embeddable":true,"href":"https:\/\/www.autonvaraosahaku.fi\/index.php?rest_route=%2Fwp%2Fv2%2Fproduct_cat&post=78420"},{"taxonomy":"product_tag","embeddable":true,"href":"https:\/\/www.autonvaraosahaku.fi\/index.php?rest_route=%2Fwp%2Fv2%2Fproduct_tag&post=78420"}],"curies":[{"name":"wp","href":"https:\/\/api.w.org\/{rel}","templated":true}]}}