{"id":78438,"date":"2021-02-21T19:58:11","date_gmt":"2021-02-21T19:58:11","guid":{"rendered":"https:\/\/www.autonvaraosahaku.fi\/?product=ridex-5j0131-vetonivel"},"modified":"2021-02-21T19:58:14","modified_gmt":"2021-02-21T19:58:14","slug":"ridex-5j0131-vetonivel","status":"publish","type":"product","link":"https:\/\/www.autonvaraosahaku.fi\/?product=ridex-5j0131-vetonivel","title":{"rendered":"RIDEX 5J0131 Vetonivel"},"content":{"rendered":"<p>Ulkohammastus, py\u00f6r\u00e4npuoli: 23; Sis\u00e4hammastus, py\u00f6r\u00e4npuoli: 18; Tiivisteen l\u00e4pimitta [mm]: 44; Mekaanisesti ty\u00f6stetty: Sokkauralla sis\u00e4osassa; Valmistusmaa: Intia; Nivelen l\u00e4pimitta [mm]: 71,5; Asennuspuoli: radseitig; SUZUKI: ALTO HA25, HA35,ALTO HA24,ALTO HA12, HA23,ALTO HA11,ALTO,ALTO SS80; 4410184012, 4410184150, 4410184331, 4410284012, 4410284150, 4410284331; Nivelsarja, Vetoakseli<\/p>\n","protected":false},"excerpt":{"rendered":"<p>RIDEX Vetonivel 5J0131 Nivelsarja, Vetoakseli SUZUKI,ALTO HA25, HA35,ALTO HA24,ALTO HA12, HA23,ALTO HA11,ALTO,ALTO SS80<\/p>\n","protected":false},"featured_media":0,"template":"","meta":{"site-sidebar-layout":"default","site-content-layout":"default","ast-global-header-display":"","ast-main-header-display":"","ast-hfb-above-header-display":"","ast-hfb-below-header-display":"","ast-hfb-mobile-header-display":"","site-post-title":"","ast-breadcrumbs-content":"","ast-featured-img":"","footer-sml-layout":"","theme-transparent-header-meta":"","adv-header-id-meta":"","stick-header-meta":"","header-above-stick-meta":"","header-main-stick-meta":"","header-below-stick-meta":""},"pwb-brand":[157],"product_cat":[175],"product_tag":[],"class_list":{"0":"post-78438","1":"product","2":"type-product","3":"status-publish","5":"pwb-brand-ridex","6":"product_cat-vetonivel","7":"desktop-align-left","8":"tablet-align-left","9":"mobile-align-left","11":"first","12":"instock","13":"product-type-external"},"brands":[{"id":157,"name":"RIDEX","slug":"ridex"}],"_links":{"self":[{"href":"https:\/\/www.autonvaraosahaku.fi\/index.php?rest_route=\/wp\/v2\/product\/78438","targetHints":{"allow":["GET"]}}],"collection":[{"href":"https:\/\/www.autonvaraosahaku.fi\/index.php?rest_route=\/wp\/v2\/product"}],"about":[{"href":"https:\/\/www.autonvaraosahaku.fi\/index.php?rest_route=\/wp\/v2\/types\/product"}],"wp:attachment":[{"href":"https:\/\/www.autonvaraosahaku.fi\/index.php?rest_route=%2Fwp%2Fv2%2Fmedia&parent=78438"}],"wp:term":[{"taxonomy":"pwb-brand","embeddable":true,"href":"https:\/\/www.autonvaraosahaku.fi\/index.php?rest_route=%2Fwp%2Fv2%2Fpwb-brand&post=78438"},{"taxonomy":"product_cat","embeddable":true,"href":"https:\/\/www.autonvaraosahaku.fi\/index.php?rest_route=%2Fwp%2Fv2%2Fproduct_cat&post=78438"},{"taxonomy":"product_tag","embeddable":true,"href":"https:\/\/www.autonvaraosahaku.fi\/index.php?rest_route=%2Fwp%2Fv2%2Fproduct_tag&post=78438"}],"curies":[{"name":"wp","href":"https:\/\/api.w.org\/{rel}","templated":true}]}}