{"id":78451,"date":"2021-02-21T19:58:19","date_gmt":"2021-02-21T19:58:19","guid":{"rendered":"https:\/\/www.autonvaraosahaku.fi\/?product=ridex-161b0019-ahtopaine-anturi"},"modified":"2021-02-21T19:58:20","modified_gmt":"2021-02-21T19:58:20","slug":"ridex-161b0019-ahtopaine-anturi","status":"publish","type":"product","link":"https:\/\/www.autonvaraosahaku.fi\/?product=ridex-161b0019-ahtopaine-anturi","title":{"rendered":"RIDEX 161B0019 Ahtopaine anturi"},"content":{"rendered":"<p>Napojen m\u00e4\u00e4r\u00e4: 3; Pistokkeen kotelon muoto: Soikea; Kiinnitysreikien lukum\u00e4\u00e4r\u00e4: 1; Paine alkaen [kPA]: 15; Paine korkeintaan [kPa]: 255; FIAT: PUNTO 188,MULTIPLA 186,PUNTO Van 188AX,BRAVO I 182,BRAVA 182,MAREA Weekend 185,MAREA 185; VOLVO: V40 Kombi VW,V70 II SW,V70 I LV,S60 I,S80 I TS, XY,XC70 CROSS COUNTRY,S40 I VS,C70 I Cabriolet,C70 I Coupe,S70 LS; ALFA ROMEO: 147 937,156 Sportwagon 932,156 932,166 936,145 930,146 930; LANCIA: LYBRA SW 839BX,KAPPA 838A,LYBRA 839AX,KAPPA SW 838B; 46468682, 46468682, 3R239U434AA, BAT6S701A, 46468682, 9125462, 91254620; Imusarjan Painetunnistin,Imusarjan Paineanturi,Tunnistin, Ahtopaine<\/p>\n","protected":false},"excerpt":{"rendered":"<p>RIDEX MAP Sensor 161B0019 Imusarjan Painetunnistin,Imusarjan Paineanturi FIAT,VOLVO,ALFA ROMEO,PUNTO 188,MULTIPLA 186,PUNTO Van 188AX,BRAVO I 182<\/p>\n","protected":false},"featured_media":0,"template":"","meta":{"site-sidebar-layout":"default","site-content-layout":"default","ast-global-header-display":"","ast-main-header-display":"","ast-hfb-above-header-display":"","ast-hfb-below-header-display":"","ast-hfb-mobile-header-display":"","site-post-title":"","ast-breadcrumbs-content":"","ast-featured-img":"","footer-sml-layout":"","theme-transparent-header-meta":"","adv-header-id-meta":"","stick-header-meta":"","header-above-stick-meta":"","header-main-stick-meta":"","header-below-stick-meta":""},"pwb-brand":[157],"product_cat":[197],"product_tag":[],"class_list":{"0":"post-78451","1":"product","2":"type-product","3":"status-publish","5":"pwb-brand-ridex","6":"product_cat-ahtopaine-anturi","7":"desktop-align-left","8":"tablet-align-left","9":"mobile-align-left","11":"first","12":"instock","13":"product-type-external"},"brands":[{"id":157,"name":"RIDEX","slug":"ridex"}],"_links":{"self":[{"href":"https:\/\/www.autonvaraosahaku.fi\/index.php?rest_route=\/wp\/v2\/product\/78451","targetHints":{"allow":["GET"]}}],"collection":[{"href":"https:\/\/www.autonvaraosahaku.fi\/index.php?rest_route=\/wp\/v2\/product"}],"about":[{"href":"https:\/\/www.autonvaraosahaku.fi\/index.php?rest_route=\/wp\/v2\/types\/product"}],"wp:attachment":[{"href":"https:\/\/www.autonvaraosahaku.fi\/index.php?rest_route=%2Fwp%2Fv2%2Fmedia&parent=78451"}],"wp:term":[{"taxonomy":"pwb-brand","embeddable":true,"href":"https:\/\/www.autonvaraosahaku.fi\/index.php?rest_route=%2Fwp%2Fv2%2Fpwb-brand&post=78451"},{"taxonomy":"product_cat","embeddable":true,"href":"https:\/\/www.autonvaraosahaku.fi\/index.php?rest_route=%2Fwp%2Fv2%2Fproduct_cat&post=78451"},{"taxonomy":"product_tag","embeddable":true,"href":"https:\/\/www.autonvaraosahaku.fi\/index.php?rest_route=%2Fwp%2Fv2%2Fproduct_tag&post=78451"}],"curies":[{"name":"wp","href":"https:\/\/api.w.org\/{rel}","templated":true}]}}