{"id":78477,"date":"2021-02-21T19:58:26","date_gmt":"2021-02-21T19:58:26","guid":{"rendered":"https:\/\/www.autonvaraosahaku.fi\/?product=calorstat-by-vernet-ws3041-jaahdytysnesteen-lampotila-anturi"},"modified":"2021-02-21T19:58:29","modified_gmt":"2021-02-21T19:58:29","slug":"calorstat-by-vernet-ws3041-jaahdytysnesteen-lampotila-anturi","status":"publish","type":"product","link":"https:\/\/www.autonvaraosahaku.fi\/?product=calorstat-by-vernet-ws3041-jaahdytysnesteen-lampotila-anturi","title":{"rendered":"CALORSTAT by Vernet WS3041 J\u00e4\u00e4hdytysnesteen l\u00e4mp\u00f6tila anturi"},"content":{"rendered":"<p>Kierremitta: 3\/8&#215;19 BSP; Valmistusvuosi alkaen: 06\/1994; HYUNDAI: SONATA IV EF,XG XG; DAIHATSU: CUORE IV L501,MOVE L6_,CHARADE IV G200, G202,APPLAUSE I A101, A111,CHARADE IV Stufenheck G203; SMART: FORTWO Coupe 451,FORFOUR 454,FORTWO Cabrio 451; CITRO\u00cbN: C-CROSSER EP_,C4 AIRCROSS,C-CROSSER ENTERPRISE; PEUGEOT: 4007 GP_,4008; MITSUBISHI: COLT VI Z3_A, Z2_A,SPACE STAR DG_A,ASX GA_W_,OUTLANDER XL II CW_W,CARISMA DA_,OUTLANDER III GG_W, GF_W, ZJ,GRANDIS NA_W,MIRAGE Schr\u00e4gheck,COLT V CJ_, CP_,OUTLANDER I CU_W,LANCER Kombi CS_W,LANCER SPORTBACK CX_A,PAJERO PININ H6_W, H7_W,COLT CZC Cabriolet RG,LANCER Stufenheck CY\/Z_A,CARISMA Stufenheck DA_,PAJERO III V7_W, V6_W,GALANT VI Station Wagon EA_,GALANT VI EA_,PAJERO IV V8_W, V9_W,SPACE WAGON N9_W, N8_W,L 200 K7_T, K6_T,L 200 KB_T, KA_T,PAJERO II V3_W, V2_W, V4_W,LANCER Stufenheck CS_A, CT0,PAJERO IV Van V90, V80,PAJERO SPORT K90,COLT IV CA_A,ECLIPSE II D3_A,SPACE RUNNER N6_W,SPACE RUNNER N1_W, N2_W,L 400 \/ SPACE GEAR Bus PD_W, PC_W, PA_V, PB_V,LANCER VI CJ-CP_,3000 GT Z16A,ASX Van GA_W_,SIGMA F2_A, F1_A,LANCER V Station Wagon CB_W, CD_W,LANCER V CB\/D_A,L 200 Pritsche\/Fahrgestell KA_T, KB_T,SPACE WAGON N3_W, N4_W,PAJERO SPORT VAN K90,LANCER IV C6_A, C7_A,PAJERO III Gel\u00e4ndewagen offen V6_W, V7_W,GALANT V Stufenheck E5_A, E7_A, E8_A,GALANT V E5_A, E7_A, E8_A,; 8942287101000, 8942287202000, 3922035710, MD177572, MD182467, MR985034, 0051536228, 1221530128, 1321530028, 30874182; J\u00e4\u00e4hdytysnestel\u00e4mp\u00f6tilan Sensori<\/p>\n","protected":false},"excerpt":{"rendered":"<p>CALORSTAT by Vernet J\u00e4\u00e4hdytysnesteen L\u00e4mp\u00f6tila Anturi WS3041 J\u00e4\u00e4hdytysnestel\u00e4mp\u00f6tilan Sensori HYUNDAI,DAIHATSU,SMART,SONATA IV EF,XG XG,CUORE IV L501<\/p>\n","protected":false},"featured_media":0,"template":"","meta":{"site-sidebar-layout":"default","site-content-layout":"default","ast-global-header-display":"","ast-main-header-display":"","ast-hfb-above-header-display":"","ast-hfb-below-header-display":"","ast-hfb-mobile-header-display":"","site-post-title":"","ast-breadcrumbs-content":"","ast-featured-img":"","footer-sml-layout":"","theme-transparent-header-meta":"","adv-header-id-meta":"","stick-header-meta":"","header-above-stick-meta":"","header-main-stick-meta":"","header-below-stick-meta":""},"pwb-brand":[343],"product_cat":[200],"product_tag":[],"class_list":{"0":"post-78477","1":"product","2":"type-product","3":"status-publish","5":"pwb-brand-calorstat-by-vernet","6":"product_cat-jaahdytysnesteen-lampotila-anturi","7":"desktop-align-left","8":"tablet-align-left","9":"mobile-align-left","11":"first","12":"instock","13":"product-type-external"},"brands":[{"id":343,"name":"CALORSTAT by Vernet","slug":"calorstat-by-vernet"}],"_links":{"self":[{"href":"https:\/\/www.autonvaraosahaku.fi\/index.php?rest_route=\/wp\/v2\/product\/78477","targetHints":{"allow":["GET"]}}],"collection":[{"href":"https:\/\/www.autonvaraosahaku.fi\/index.php?rest_route=\/wp\/v2\/product"}],"about":[{"href":"https:\/\/www.autonvaraosahaku.fi\/index.php?rest_route=\/wp\/v2\/types\/product"}],"wp:attachment":[{"href":"https:\/\/www.autonvaraosahaku.fi\/index.php?rest_route=%2Fwp%2Fv2%2Fmedia&parent=78477"}],"wp:term":[{"taxonomy":"pwb-brand","embeddable":true,"href":"https:\/\/www.autonvaraosahaku.fi\/index.php?rest_route=%2Fwp%2Fv2%2Fpwb-brand&post=78477"},{"taxonomy":"product_cat","embeddable":true,"href":"https:\/\/www.autonvaraosahaku.fi\/index.php?rest_route=%2Fwp%2Fv2%2Fproduct_cat&post=78477"},{"taxonomy":"product_tag","embeddable":true,"href":"https:\/\/www.autonvaraosahaku.fi\/index.php?rest_route=%2Fwp%2Fv2%2Fproduct_tag&post=78477"}],"curies":[{"name":"wp","href":"https:\/\/api.w.org\/{rel}","templated":true}]}}