{"id":78516,"date":"2021-02-21T19:58:40","date_gmt":"2021-02-21T19:58:40","guid":{"rendered":"https:\/\/www.autonvaraosahaku.fi\/?product=ridex-468i0009-valijaahdytin"},"modified":"2021-02-21T19:58:43","modified_gmt":"2021-02-21T19:58:43","slug":"ridex-468i0009-valijaahdytin","status":"publish","type":"product","link":"https:\/\/www.autonvaraosahaku.fi\/?product=ridex-468i0009-valijaahdytin","title":{"rendered":"RIDEX 468I0009 V\u00e4lij\u00e4\u00e4hdytin"},"content":{"rendered":"<p>Vaihteistomalli: K\u00e4sivaihteisto, K\u00e4si- \/ lis\u00e4varuste autom. vaihteisto; Kennon mitat: 230x203x62; Materiaali: Alumiini; VW: PASSAT Variant 3B6,PASSAT 3B3; SKODA: SUPERB 3U4; 3B0145805D, 8D0145805, 8D0145805C, 3B0145805D, 8D0145805, 8D0145805C<\/p>\n","protected":false},"excerpt":{"rendered":"<p>RIDEX V\u00e4lij\u00e4\u00e4hdytin 468I0009  VW,SKODA,PASSAT Variant 3B6,PASSAT 3B3,SUPERB 3U4<\/p>\n","protected":false},"featured_media":0,"template":"","meta":{"site-sidebar-layout":"default","site-content-layout":"default","ast-global-header-display":"","ast-main-header-display":"","ast-hfb-above-header-display":"","ast-hfb-below-header-display":"","ast-hfb-mobile-header-display":"","site-post-title":"","ast-breadcrumbs-content":"","ast-featured-img":"","footer-sml-layout":"","theme-transparent-header-meta":"","adv-header-id-meta":"","stick-header-meta":"","header-above-stick-meta":"","header-main-stick-meta":"","header-below-stick-meta":""},"pwb-brand":[157],"product_cat":[234],"product_tag":[],"class_list":{"0":"post-78516","1":"product","2":"type-product","3":"status-publish","5":"pwb-brand-ridex","6":"product_cat-valijaahdytin","7":"desktop-align-left","8":"tablet-align-left","9":"mobile-align-left","11":"first","12":"instock","13":"product-type-external"},"brands":[{"id":157,"name":"RIDEX","slug":"ridex"}],"_links":{"self":[{"href":"https:\/\/www.autonvaraosahaku.fi\/index.php?rest_route=\/wp\/v2\/product\/78516","targetHints":{"allow":["GET"]}}],"collection":[{"href":"https:\/\/www.autonvaraosahaku.fi\/index.php?rest_route=\/wp\/v2\/product"}],"about":[{"href":"https:\/\/www.autonvaraosahaku.fi\/index.php?rest_route=\/wp\/v2\/types\/product"}],"wp:attachment":[{"href":"https:\/\/www.autonvaraosahaku.fi\/index.php?rest_route=%2Fwp%2Fv2%2Fmedia&parent=78516"}],"wp:term":[{"taxonomy":"pwb-brand","embeddable":true,"href":"https:\/\/www.autonvaraosahaku.fi\/index.php?rest_route=%2Fwp%2Fv2%2Fpwb-brand&post=78516"},{"taxonomy":"product_cat","embeddable":true,"href":"https:\/\/www.autonvaraosahaku.fi\/index.php?rest_route=%2Fwp%2Fv2%2Fproduct_cat&post=78516"},{"taxonomy":"product_tag","embeddable":true,"href":"https:\/\/www.autonvaraosahaku.fi\/index.php?rest_route=%2Fwp%2Fv2%2Fproduct_tag&post=78516"}],"curies":[{"name":"wp","href":"https:\/\/api.w.org\/{rel}","templated":true}]}}