{"id":78538,"date":"2021-02-21T19:58:48","date_gmt":"2021-02-21T19:58:48","guid":{"rendered":"https:\/\/www.autonvaraosahaku.fi\/?product=hella-2vp-008-204-101-takavalot"},"modified":"2021-02-21T19:58:51","modified_gmt":"2021-02-21T19:58:51","slug":"hella-2vp-008-204-101-takavalot","status":"publish","type":"product","link":"https:\/\/www.autonvaraosahaku.fi\/?product=hella-2vp-008-204-101-takavalot","title":{"rendered":"HELLA 2VP 008 204-101 Takavalot"},"content":{"rendered":"<p>Asennuspuoli: Oikea; Leveys (mm): 465; Korkeus (mm): 134; Asennusmalli: Pinta-asennus; Korvaava tuote\/korvaava tiedote 2: ilman polttimoita; Lis\u00e4tarvike\/lis\u00e4tieto: Lampun kannalla; Lyhdyn muoto: Hehkulankatekniikka; Tarkistuskilpi: E4 3179, E4 4060, E4 9809, E4 9810, ECE; Nimellisj\u00e4nnite (V): 12, 24; Lyhtytoimintojen m\u00e4\u00e4r\u00e4: 7; Kiinnitysmalli: vaakasuoraan asennukseen; Kopan v\u00e4ri: Musta; Lamppumalli: P21W, R5W; Valotoiminto: vilkkuvalolla, jarruvalolla, peruutusvalolla, heijastimella, Takavalolla, \u00c4\u00e4rivalolla, \u00c4\u00e4rivalolla; parilliset tuotenumerot: 2VD 008 204-111; MERCEDES-BENZ: SPRINTER 3-t Pritsche\/Fahrgestell 903,SPRINTER 4-t Pritsche\/Fahrgestell 904,SPRINTER 2-t Pritsche\/Fahrgestell 901, 902,SPRINTER 4-t Kasten 904,SPRINTER 5-t Pritsche\/Fahrgestell 905,SPRINTER Kipper 905; 0868230, 0025445403, A0025445403; Takavalo<\/p>\n","protected":false},"excerpt":{"rendered":"<p>HELLA Takavalot 2VP 008 204-101 Takavalo MERCEDES-BENZ,SPRINTER 3-t Pritsche\/Fahrgestell 903,SPRINTER 4-t Pritsche\/Fahrgestell 904<\/p>\n","protected":false},"featured_media":0,"template":"","meta":{"site-sidebar-layout":"default","site-content-layout":"default","ast-global-header-display":"","ast-main-header-display":"","ast-hfb-above-header-display":"","ast-hfb-below-header-display":"","ast-hfb-mobile-header-display":"","site-post-title":"","ast-breadcrumbs-content":"","ast-featured-img":"","footer-sml-layout":"","theme-transparent-header-meta":"","adv-header-id-meta":"","stick-header-meta":"","header-above-stick-meta":"","header-main-stick-meta":"","header-below-stick-meta":""},"pwb-brand":[24],"product_cat":[159],"product_tag":[],"class_list":{"0":"post-78538","1":"product","2":"type-product","3":"status-publish","5":"pwb-brand-hella","6":"product_cat-takavalot","7":"desktop-align-left","8":"tablet-align-left","9":"mobile-align-left","11":"first","12":"instock","13":"product-type-external"},"brands":[{"id":24,"name":"HELLA","slug":"hella"}],"_links":{"self":[{"href":"https:\/\/www.autonvaraosahaku.fi\/index.php?rest_route=\/wp\/v2\/product\/78538","targetHints":{"allow":["GET"]}}],"collection":[{"href":"https:\/\/www.autonvaraosahaku.fi\/index.php?rest_route=\/wp\/v2\/product"}],"about":[{"href":"https:\/\/www.autonvaraosahaku.fi\/index.php?rest_route=\/wp\/v2\/types\/product"}],"wp:attachment":[{"href":"https:\/\/www.autonvaraosahaku.fi\/index.php?rest_route=%2Fwp%2Fv2%2Fmedia&parent=78538"}],"wp:term":[{"taxonomy":"pwb-brand","embeddable":true,"href":"https:\/\/www.autonvaraosahaku.fi\/index.php?rest_route=%2Fwp%2Fv2%2Fpwb-brand&post=78538"},{"taxonomy":"product_cat","embeddable":true,"href":"https:\/\/www.autonvaraosahaku.fi\/index.php?rest_route=%2Fwp%2Fv2%2Fproduct_cat&post=78538"},{"taxonomy":"product_tag","embeddable":true,"href":"https:\/\/www.autonvaraosahaku.fi\/index.php?rest_route=%2Fwp%2Fv2%2Fproduct_tag&post=78538"}],"curies":[{"name":"wp","href":"https:\/\/api.w.org\/{rel}","templated":true}]}}