{"id":78539,"date":"2021-02-21T19:58:48","date_gmt":"2021-02-21T19:58:48","guid":{"rendered":"https:\/\/www.autonvaraosahaku.fi\/?product=vaico-v46-0005-kampiakselin-hihnapyora"},"modified":"2021-02-21T19:58:51","modified_gmt":"2021-02-21T19:58:51","slug":"vaico-v46-0005-kampiakselin-hihnapyora","status":"publish","type":"product","link":"https:\/\/www.autonvaraosahaku.fi\/?product=vaico-v46-0005-kampiakselin-hihnapyora","title":{"rendered":"VAICO V46-0005 Kampiakselin hihnapy\u00f6r\u00e4"},"content":{"rendered":"<p>Korkeus (mm): 41,8; Tunnusluku: 7PK; Hihnapy\u00f6r\u00e4-\u00d8[mm]: 151; kiiloja: 6; Paino [kg]: 2,88; Pakkausleveys [cm]: 18,5; Pakkauskorkeus [mm]: 5,3; Pakkaussyvyys [cm]: 17,6; lis\u00e4tieto: CST99; NISSAN: PRIMERA Kombi WP12,PRIMERA P12,PRIMERA Hatchback P12; RENAULT: SC\u00c9NIC II JM0\/1_,MEGANE III Grandtour KZ0\/1,LAGUNA II Grandtour KG0\/1_,MEGANE II Kombi KM0\/1_,MEGANE II Coup\u00e9-Cabriolet EM0\/1_,SC\u00c9NIC III JZ0\/1_,MEGANE III Schr\u00e4gheck BZ0_,LAGUNA II BG0\/1_,MEGANE II BM0\/1_, CM0\/1_,GRAND SC\u00c9NIC III JZ0\/1_,GRAND SC\u00c9NIC II JM0\/1_,MEGANE II Stufenheck LM0\/1_,MEGANE CC EZ0\/1_; 8200268426, 8200297936, 8200457775, 8200523072, 8200188832, 8200268426, 8200297936, 8200376911, 8200457775, 8200523072; Hihnapy\u00f6r\u00e4, Kampiakseli<\/p>\n","protected":false},"excerpt":{"rendered":"<p>VAICO Kampiakselin Hihnapy\u00f6r\u00e4 V46-0005 Hihnapy\u00f6r\u00e4, Kampiakseli NISSAN,RENAULT,PRIMERA Kombi WP12,PRIMERA P12,PRIMERA Hatchback P12,SC\u00c9NIC II JM0\/1_<\/p>\n","protected":false},"featured_media":0,"template":"","meta":{"site-sidebar-layout":"default","site-content-layout":"default","ast-global-header-display":"","ast-main-header-display":"","ast-hfb-above-header-display":"","ast-hfb-below-header-display":"","ast-hfb-mobile-header-display":"","site-post-title":"","ast-breadcrumbs-content":"","ast-featured-img":"","footer-sml-layout":"","theme-transparent-header-meta":"","adv-header-id-meta":"","stick-header-meta":"","header-above-stick-meta":"","header-main-stick-meta":"","header-below-stick-meta":""},"pwb-brand":[330],"product_cat":[219],"product_tag":[],"class_list":{"0":"post-78539","1":"product","2":"type-product","3":"status-publish","5":"pwb-brand-vaico","6":"product_cat-kampiakselin-hihnapyora","7":"desktop-align-left","8":"tablet-align-left","9":"mobile-align-left","11":"first","12":"instock","13":"product-type-external"},"brands":[{"id":330,"name":"VAICO","slug":"vaico"}],"_links":{"self":[{"href":"https:\/\/www.autonvaraosahaku.fi\/index.php?rest_route=\/wp\/v2\/product\/78539","targetHints":{"allow":["GET"]}}],"collection":[{"href":"https:\/\/www.autonvaraosahaku.fi\/index.php?rest_route=\/wp\/v2\/product"}],"about":[{"href":"https:\/\/www.autonvaraosahaku.fi\/index.php?rest_route=\/wp\/v2\/types\/product"}],"wp:attachment":[{"href":"https:\/\/www.autonvaraosahaku.fi\/index.php?rest_route=%2Fwp%2Fv2%2Fmedia&parent=78539"}],"wp:term":[{"taxonomy":"pwb-brand","embeddable":true,"href":"https:\/\/www.autonvaraosahaku.fi\/index.php?rest_route=%2Fwp%2Fv2%2Fpwb-brand&post=78539"},{"taxonomy":"product_cat","embeddable":true,"href":"https:\/\/www.autonvaraosahaku.fi\/index.php?rest_route=%2Fwp%2Fv2%2Fproduct_cat&post=78539"},{"taxonomy":"product_tag","embeddable":true,"href":"https:\/\/www.autonvaraosahaku.fi\/index.php?rest_route=%2Fwp%2Fv2%2Fproduct_tag&post=78539"}],"curies":[{"name":"wp","href":"https:\/\/api.w.org\/{rel}","templated":true}]}}