{"id":78560,"date":"2021-02-21T19:58:55","date_gmt":"2021-02-21T19:58:55","guid":{"rendered":"https:\/\/www.autonvaraosahaku.fi\/?product=ate-03-0137-0015-2-jarrukengat"},"modified":"2021-02-21T19:58:58","modified_gmt":"2021-02-21T19:58:58","slug":"ate-03-0137-0015-2-jarrukengat","status":"publish","type":"product","link":"https:\/\/www.autonvaraosahaku.fi\/?product=ate-03-0137-0015-2-jarrukengat","title":{"rendered":"ATE 03.0137-0015.2 Jarrukeng\u00e4t"},"content":{"rendered":"<p>Rumpul\u00e4pimitta: 185; Leveys (mm): 31; J\u00e4lkis\u00e4\u00e4t\u00f6: Automaattisella s\u00e4\u00e4d\u00f6ll\u00e4; Jarruj\u00e4rjestelm\u00e4: Fiat; Tarkistuskilpi: E1 90R-011043\/028; MAPP-koodi saatavilla: ; Suositellun tarvikkeen tuotenumero: 03.0137-9021.2, 03.0137-9700.2; Huomioi mitat: ; Asennuspuoli: Hinterachse; SEAT: MARBELLA 28,IBIZA I 021A,TERRA Kasten 024A,MARBELLA Kasten 028A,MALAGA 023A,TERRA 24,RONDA 022A,PANDA 141A; LANCIA: DELTA I 831AB0,Y10 156,A 112,PRISMA 831AB0; FIAT: SEICENTO 187,CINQUECENTO 170,PANDA 141A_,126,UNO 146A\/E,127,FIORINO Kasten 146,SEICENTO Van 187,850 Spider,850,128 Coupe,128,850 Coupe,PANDA Van 141_,RITMO I 138A,FIORINO Pick up 146,FIORINO 147,REGATA 138,RITMO Cabriolet,127 Panorama,128 Familiare,FIORINO 127,UNO Kasten 146,FIORINO Pick up 147,REGATA Weekend 138,DUNA 146 B,ELBA 146_,DUNA Weekend 146 B; AUTOBIANCHI: A 112,Y10; 5880891, 5881040, 5881214, 5888144, 5890763, 71738375, 77362292, 77362318, 77362423, 77362424, 9948235, SE021165299A, SE028165299B, SE138165209A, SE141165209A, XE028165299B; Jarrukenk\u00e4sarja<\/p>\n","protected":false},"excerpt":{"rendered":"<p>ATE Jarrukeng\u00e4t 03.0137-0015.2 Jarrukenk\u00e4sarja SEAT,LANCIA,FIAT,MARBELLA 28,IBIZA I 021A,TERRA Kasten 024A,MARBELLA Kasten 028A,MALAGA 023A,TERRA 24<\/p>\n","protected":false},"featured_media":0,"template":"","meta":{"site-sidebar-layout":"default","site-content-layout":"default","ast-global-header-display":"","ast-main-header-display":"","ast-hfb-above-header-display":"","ast-hfb-below-header-display":"","ast-hfb-mobile-header-display":"","site-post-title":"","ast-breadcrumbs-content":"","ast-featured-img":"","footer-sml-layout":"","theme-transparent-header-meta":"","adv-header-id-meta":"","stick-header-meta":"","header-above-stick-meta":"","header-main-stick-meta":"","header-below-stick-meta":""},"pwb-brand":[108],"product_cat":[176],"product_tag":[],"class_list":{"0":"post-78560","1":"product","2":"type-product","3":"status-publish","5":"pwb-brand-ate","6":"product_cat-jarrukengat","7":"desktop-align-left","8":"tablet-align-left","9":"mobile-align-left","11":"first","12":"instock","13":"product-type-external"},"brands":[{"id":108,"name":"ATE","slug":"ate"}],"_links":{"self":[{"href":"https:\/\/www.autonvaraosahaku.fi\/index.php?rest_route=\/wp\/v2\/product\/78560","targetHints":{"allow":["GET"]}}],"collection":[{"href":"https:\/\/www.autonvaraosahaku.fi\/index.php?rest_route=\/wp\/v2\/product"}],"about":[{"href":"https:\/\/www.autonvaraosahaku.fi\/index.php?rest_route=\/wp\/v2\/types\/product"}],"wp:attachment":[{"href":"https:\/\/www.autonvaraosahaku.fi\/index.php?rest_route=%2Fwp%2Fv2%2Fmedia&parent=78560"}],"wp:term":[{"taxonomy":"pwb-brand","embeddable":true,"href":"https:\/\/www.autonvaraosahaku.fi\/index.php?rest_route=%2Fwp%2Fv2%2Fpwb-brand&post=78560"},{"taxonomy":"product_cat","embeddable":true,"href":"https:\/\/www.autonvaraosahaku.fi\/index.php?rest_route=%2Fwp%2Fv2%2Fproduct_cat&post=78560"},{"taxonomy":"product_tag","embeddable":true,"href":"https:\/\/www.autonvaraosahaku.fi\/index.php?rest_route=%2Fwp%2Fv2%2Fproduct_tag&post=78560"}],"curies":[{"name":"wp","href":"https:\/\/api.w.org\/{rel}","templated":true}]}}