{"id":7861,"date":"2021-02-21T14:01:24","date_gmt":"2021-02-21T14:01:24","guid":{"rendered":"https:\/\/www.autonvaraosahaku.fi\/?product=amio-02370-takavalot"},"modified":"2021-02-21T14:01:24","modified_gmt":"2021-02-21T14:01:24","slug":"amio-02370-takavalot","status":"publish","type":"product","link":"https:\/\/www.autonvaraosahaku.fi\/?product=amio-02370-takavalot","title":{"rendered":"AMiO 02370 Takavalot"},"content":{"rendered":"<p>Asennuspuoli: Takana; Tuotelinja: RCL-05-LR; Valotoiminto: peruutusvalolla, kilpivalolla, Sivuvalolla (LED), jarruvalolla; Suojausmalli (IP-koodi): IP67; Tarkistuskilpi: ECE R10 ; J\u00e4nnite [V] alkaen: 10; J\u00e4nnite korkeint. [V]: 30; Pituus (mm): 108; Leveys (mm): 102; Madallus (mm): 46; M\u00e4\u00e4r\u00e4yksikk\u00f6: Kappale; Takavalo<\/p>\n","protected":false},"excerpt":{"rendered":"<p>AMiO Takavalot 02370 Takavalo<\/p>\n","protected":false},"featured_media":0,"template":"","meta":{"site-sidebar-layout":"default","site-content-layout":"default","ast-global-header-display":"","ast-main-header-display":"","ast-hfb-above-header-display":"","ast-hfb-below-header-display":"","ast-hfb-mobile-header-display":"","site-post-title":"","ast-breadcrumbs-content":"","ast-featured-img":"","footer-sml-layout":"","theme-transparent-header-meta":"","adv-header-id-meta":"","stick-header-meta":"","header-above-stick-meta":"","header-main-stick-meta":"","header-below-stick-meta":""},"pwb-brand":[161],"product_cat":[159],"product_tag":[],"class_list":{"0":"post-7861","1":"product","2":"type-product","3":"status-publish","5":"pwb-brand-amio","6":"product_cat-takavalot","7":"desktop-align-left","8":"tablet-align-left","9":"mobile-align-left","11":"first","12":"instock","13":"product-type-external"},"brands":[{"id":161,"name":"AMiO","slug":"amio"}],"_links":{"self":[{"href":"https:\/\/www.autonvaraosahaku.fi\/index.php?rest_route=\/wp\/v2\/product\/7861","targetHints":{"allow":["GET"]}}],"collection":[{"href":"https:\/\/www.autonvaraosahaku.fi\/index.php?rest_route=\/wp\/v2\/product"}],"about":[{"href":"https:\/\/www.autonvaraosahaku.fi\/index.php?rest_route=\/wp\/v2\/types\/product"}],"wp:attachment":[{"href":"https:\/\/www.autonvaraosahaku.fi\/index.php?rest_route=%2Fwp%2Fv2%2Fmedia&parent=7861"}],"wp:term":[{"taxonomy":"pwb-brand","embeddable":true,"href":"https:\/\/www.autonvaraosahaku.fi\/index.php?rest_route=%2Fwp%2Fv2%2Fpwb-brand&post=7861"},{"taxonomy":"product_cat","embeddable":true,"href":"https:\/\/www.autonvaraosahaku.fi\/index.php?rest_route=%2Fwp%2Fv2%2Fproduct_cat&post=7861"},{"taxonomy":"product_tag","embeddable":true,"href":"https:\/\/www.autonvaraosahaku.fi\/index.php?rest_route=%2Fwp%2Fv2%2Fproduct_tag&post=7861"}],"curies":[{"name":"wp","href":"https:\/\/api.w.org\/{rel}","templated":true}]}}