{"id":78611,"date":"2021-02-21T19:59:17","date_gmt":"2021-02-21T19:59:17","guid":{"rendered":"https:\/\/www.autonvaraosahaku.fi\/?product=elring-757-292-kampiakselin-tiiviste"},"modified":"2021-02-21T19:59:17","modified_gmt":"2021-02-21T19:59:17","slug":"elring-757-292-kampiakselin-tiiviste","status":"publish","type":"product","link":"https:\/\/www.autonvaraosahaku.fi\/?product=elring-757-292-kampiakselin-tiiviste","title":{"rendered":"ELRING 757.292 Kampiakselin tiiviste"},"content":{"rendered":"<p>Sis\u00e4l\u00e4pimitta [mm]: 35; Ulkol\u00e4pimitta [mm]: 50; Korkeus (mm): 7; Akselitiivisteen malli: ASW; Rihlamalli: Oikea kierre; Materiaali: FPM (fluori-kumi); Suojavaippa: Suojakumilla; Asennuspuoli: stirnseitig; VW: GOL I,PARATI III; MAZDA: TRIBUTE EP; FORD: FOCUS Kombi DNW,FOCUS DAW, DBW,GALAXY WGR,FOCUS Stufenheck DFW,MONDEO II Kombi BNP,FIESTA III GFJ,TRANSIT CONNECT P65_, P70_, P80_,TRANSIT Bus FD_ _, FB_ _, FS_ _, FZ_ _, FC_ _,COUGAR EC_,MONDEO II BAP,TOURNEO CONNECT,RANGER ER, EQ,ESCORT VII GAL, AAL, ABL,ESCORT IV Cabriolet ALF,MONDEO II Stufenheck BFP,MONDEO I Kombi BNP,SIERRA GBG, GB4,MONDEO I GBP,ESCORT VII Kombi GAL, ANL,TRANSIT  MK-5 Bus E_ _,ESCORT VII Cabriolet ALL,ESCORT VI Cabriolet ALL,ESCORT VI GAL,SCORPIO II GFR, GGR,SIERRA Schr\u00e4gheck GBC, GBG,TRANSIT MK-5 Pritsche\/Fahrgestell E_ _,ESCORT IV GAF, AWF, ABFT,FIESTA II FBD,SCORPIO I GAE, GGE,ESCORT V Cabriolet ALL,MONDEO I Stufenheck GBP,TRANSIT MK-5 Kasten E_ _,ESCORT &#8217;95 Express AVL,ESCORT III GAA,SCORPIO II Kombi GNR, GGR,SCORPIO I Stufenheck GGE,ESCORT V GAL,ESCORT VII Stufenheck GAL, AFL,SIERRA Kombi BNG,ESCORT III Cabriolet ALD,ESCORT VI Kombi GAL,ESCORT CLASSIC AAL, ABL,ESCORT CLASSIC Turnier ANL,ESCORT VI Stufenheck GAL,SCORPIO I Kombi GGE,TRAN; CITRO\u00cbN: XM Y4,JUMPER Kasten 230L,JUMPER Bus 230P,XM Break Y4,JUMPER Pritsche\/Fahrgestell 230; ALFA ROMEO: SPIDER 115,75 162B,164 164,155 167,SPIDER 105,GIULIA,GT,GTV 116,ALFETTA GT 116,1750-2000,ALFETTA 116,GIULIETTA 116,GIULIA GT,GIULIETTA Sprint,90 162,BERLINA Stufenheck US,GIULIA SPIDER 101,GTA Coupe; PEUGEOT: BOXER Kasten 230L,BOXER Bus 230P,BOXER Pritsche\/Fahrgestell ZCT_,605 6B; MITSUBISHI: OUTLANDER XL II CW_W,OUTLANDER III GG_W, GF_W, ZJ,PAJERO SPORT K90,PAJERO SPORT II KH_, KG_; CHERY: COWIN; MORGAN: PLUS FOUR,FOUR FOUR; 4801011020, 080714, 1614995, 6165499, 6165500, 83SM6700A5A, 86SM6700A1A, 86SM6700A6A, 928M6700B5A, 080714; Akselitiiviste, Kampiakseli<\/p>\n","protected":false},"excerpt":{"rendered":"<p>ELRING Kampiakselin Tiiviste 757.292 Akselitiiviste, Kampiakseli VW,MAZDA,FORD,GOL I,PARATI III,TRIBUTE EP,FOCUS Kombi DNW,FOCUS DAW, DBW,GALAXY WGR<\/p>\n","protected":false},"featured_media":0,"template":"","meta":{"site-sidebar-layout":"default","site-content-layout":"default","ast-global-header-display":"","ast-main-header-display":"","ast-hfb-above-header-display":"","ast-hfb-below-header-display":"","ast-hfb-mobile-header-display":"","site-post-title":"","ast-breadcrumbs-content":"","ast-featured-img":"","footer-sml-layout":"","theme-transparent-header-meta":"","adv-header-id-meta":"","stick-header-meta":"","header-above-stick-meta":"","header-main-stick-meta":"","header-below-stick-meta":""},"pwb-brand":[26],"product_cat":[88],"product_tag":[],"class_list":{"0":"post-78611","1":"product","2":"type-product","3":"status-publish","5":"pwb-brand-elring","6":"product_cat-kampiakselin-tiiviste","7":"desktop-align-left","8":"tablet-align-left","9":"mobile-align-left","11":"first","12":"instock","13":"product-type-external"},"brands":[{"id":26,"name":"ELRING","slug":"elring"}],"_links":{"self":[{"href":"https:\/\/www.autonvaraosahaku.fi\/index.php?rest_route=\/wp\/v2\/product\/78611","targetHints":{"allow":["GET"]}}],"collection":[{"href":"https:\/\/www.autonvaraosahaku.fi\/index.php?rest_route=\/wp\/v2\/product"}],"about":[{"href":"https:\/\/www.autonvaraosahaku.fi\/index.php?rest_route=\/wp\/v2\/types\/product"}],"wp:attachment":[{"href":"https:\/\/www.autonvaraosahaku.fi\/index.php?rest_route=%2Fwp%2Fv2%2Fmedia&parent=78611"}],"wp:term":[{"taxonomy":"pwb-brand","embeddable":true,"href":"https:\/\/www.autonvaraosahaku.fi\/index.php?rest_route=%2Fwp%2Fv2%2Fpwb-brand&post=78611"},{"taxonomy":"product_cat","embeddable":true,"href":"https:\/\/www.autonvaraosahaku.fi\/index.php?rest_route=%2Fwp%2Fv2%2Fproduct_cat&post=78611"},{"taxonomy":"product_tag","embeddable":true,"href":"https:\/\/www.autonvaraosahaku.fi\/index.php?rest_route=%2Fwp%2Fv2%2Fproduct_tag&post=78611"}],"curies":[{"name":"wp","href":"https:\/\/api.w.org\/{rel}","templated":true}]}}