{"id":78643,"date":"2021-02-21T19:59:24","date_gmt":"2021-02-21T19:59:24","guid":{"rendered":"https:\/\/www.autonvaraosahaku.fi\/?product=elwis-royal-1052012-oljypohjan-tiiviste"},"modified":"2021-02-21T19:59:29","modified_gmt":"2021-02-21T19:59:29","slug":"elwis-royal-1052012-oljypohjan-tiiviste","status":"publish","type":"product","link":"https:\/\/www.autonvaraosahaku.fi\/?product=elwis-royal-1052012-oljypohjan-tiiviste","title":{"rendered":"ELWIS ROYAL 1052012 \u00d6ljypohjan tiiviste"},"content":{"rendered":"<p>Tarvittava kappalem\u00e4\u00e4r\u00e4: 1; Tiivistetyyppi: Komposiitti-tiiviste; SUZUKI: SAMURAI SJ,GRAND VITARA I FT,SWIFT II Schr\u00e4gheck EA, MA,VITARA ET, TA,VITARA Cabrio ET, TA,SJ 413,BALENO Kombi EG,BALENO EG,BALENO Schr\u00e4gheck EG,JIMNY SJ, JA, JB,X-90 EL,SWIFT I AA,SWIFT Cabriolet SF413,SWIFT II Stufenheck AH, AJ,GRAND VITARA I Cabriolet GT,SAMURAI Gel\u00e4ndewagen offen SJ; 1151082600; Tiiviste, \u00d6ljypohja<\/p>\n","protected":false},"excerpt":{"rendered":"<p>ELWIS ROYAL \u00d6ljypohjan Tiiviste 1052012 Tiiviste, \u00d6ljypohja SUZUKI,SAMURAI SJ,GRAND VITARA I FT,SWIFT II Schr\u00e4gheck EA, MA,VITARA ET, TA<\/p>\n","protected":false},"featured_media":0,"template":"","meta":{"site-sidebar-layout":"default","site-content-layout":"default","ast-global-header-display":"","ast-main-header-display":"","ast-hfb-above-header-display":"","ast-hfb-below-header-display":"","ast-hfb-mobile-header-display":"","site-post-title":"","ast-breadcrumbs-content":"","ast-featured-img":"","footer-sml-layout":"","theme-transparent-header-meta":"","adv-header-id-meta":"","stick-header-meta":"","header-above-stick-meta":"","header-main-stick-meta":"","header-below-stick-meta":""},"pwb-brand":[120],"product_cat":[180],"product_tag":[],"class_list":{"0":"post-78643","1":"product","2":"type-product","3":"status-publish","5":"pwb-brand-elwis-royal","6":"product_cat-oljypohjan-tiiviste","7":"desktop-align-left","8":"tablet-align-left","9":"mobile-align-left","11":"first","12":"instock","13":"product-type-external"},"brands":[{"id":120,"name":"ELWIS ROYAL","slug":"elwis-royal"}],"_links":{"self":[{"href":"https:\/\/www.autonvaraosahaku.fi\/index.php?rest_route=\/wp\/v2\/product\/78643","targetHints":{"allow":["GET"]}}],"collection":[{"href":"https:\/\/www.autonvaraosahaku.fi\/index.php?rest_route=\/wp\/v2\/product"}],"about":[{"href":"https:\/\/www.autonvaraosahaku.fi\/index.php?rest_route=\/wp\/v2\/types\/product"}],"wp:attachment":[{"href":"https:\/\/www.autonvaraosahaku.fi\/index.php?rest_route=%2Fwp%2Fv2%2Fmedia&parent=78643"}],"wp:term":[{"taxonomy":"pwb-brand","embeddable":true,"href":"https:\/\/www.autonvaraosahaku.fi\/index.php?rest_route=%2Fwp%2Fv2%2Fpwb-brand&post=78643"},{"taxonomy":"product_cat","embeddable":true,"href":"https:\/\/www.autonvaraosahaku.fi\/index.php?rest_route=%2Fwp%2Fv2%2Fproduct_cat&post=78643"},{"taxonomy":"product_tag","embeddable":true,"href":"https:\/\/www.autonvaraosahaku.fi\/index.php?rest_route=%2Fwp%2Fv2%2Fproduct_tag&post=78643"}],"curies":[{"name":"wp","href":"https:\/\/api.w.org\/{rel}","templated":true}]}}