{"id":78658,"date":"2021-02-21T19:59:32","date_gmt":"2021-02-21T19:59:32","guid":{"rendered":"https:\/\/www.autonvaraosahaku.fi\/?product=hella-6pu-009-163-331-kampiakselin-asentotunnistin"},"modified":"2021-02-21T19:59:34","modified_gmt":"2021-02-21T19:59:34","slug":"hella-6pu-009-163-331-kampiakselin-asentotunnistin","status":"publish","type":"product","link":"https:\/\/www.autonvaraosahaku.fi\/?product=hella-6pu-009-163-331-kampiakselin-asentotunnistin","title":{"rendered":"HELLA 6PU 009 163-331 Kampiakselin asentotunnistin"},"content":{"rendered":"<p>Korvaava tuote\/korvaava tiedote 2: ilman kaapelia; Kiinnitysreikien lukum\u00e4\u00e4r\u00e4: 1; Nimellisj\u00e4nnite (V): 12; Napojen m\u00e4\u00e4r\u00e4: 3; Pituus 1 (mm): 65; Tunnistinmalli: Hall-anturi; Moottorinumero: N45B16A; BMW: 3 E46,3 Touring E91,3 E90,5 E60,1 E87,3 Touring E46,X3 E83,3 Compact E46,3 Coupe E46,X1 E84,1 E81,3 Coupe E92,3 Cabriolet E46,Z4 E85,3 Cabriolet E93,1 Cabriolet E88,1 Coupe E82; 13627548994, 7548994; Kampiakselin Anturi,Impulssianturi, Kampiakseli<\/p>\n","protected":false},"excerpt":{"rendered":"<p>HELLA Kampiakselin Asentotunnistin 6PU 009 163-331 Kampiakselin Anturi,Impulssianturi, Kampiakseli BMW,3 E46,3 Touring E91,3 E90,5 E60,1 E87<\/p>\n","protected":false},"featured_media":0,"template":"","meta":{"site-sidebar-layout":"default","site-content-layout":"default","ast-global-header-display":"","ast-main-header-display":"","ast-hfb-above-header-display":"","ast-hfb-below-header-display":"","ast-hfb-mobile-header-display":"","site-post-title":"","ast-breadcrumbs-content":"","ast-featured-img":"","footer-sml-layout":"","theme-transparent-header-meta":"","adv-header-id-meta":"","stick-header-meta":"","header-above-stick-meta":"","header-main-stick-meta":"","header-below-stick-meta":""},"pwb-brand":[24],"product_cat":[184],"product_tag":[],"class_list":{"0":"post-78658","1":"product","2":"type-product","3":"status-publish","5":"pwb-brand-hella","6":"product_cat-kampiakselin-asentotunnistin","7":"desktop-align-left","8":"tablet-align-left","9":"mobile-align-left","11":"first","12":"instock","13":"product-type-external"},"brands":[{"id":24,"name":"HELLA","slug":"hella"}],"_links":{"self":[{"href":"https:\/\/www.autonvaraosahaku.fi\/index.php?rest_route=\/wp\/v2\/product\/78658","targetHints":{"allow":["GET"]}}],"collection":[{"href":"https:\/\/www.autonvaraosahaku.fi\/index.php?rest_route=\/wp\/v2\/product"}],"about":[{"href":"https:\/\/www.autonvaraosahaku.fi\/index.php?rest_route=\/wp\/v2\/types\/product"}],"wp:attachment":[{"href":"https:\/\/www.autonvaraosahaku.fi\/index.php?rest_route=%2Fwp%2Fv2%2Fmedia&parent=78658"}],"wp:term":[{"taxonomy":"pwb-brand","embeddable":true,"href":"https:\/\/www.autonvaraosahaku.fi\/index.php?rest_route=%2Fwp%2Fv2%2Fpwb-brand&post=78658"},{"taxonomy":"product_cat","embeddable":true,"href":"https:\/\/www.autonvaraosahaku.fi\/index.php?rest_route=%2Fwp%2Fv2%2Fproduct_cat&post=78658"},{"taxonomy":"product_tag","embeddable":true,"href":"https:\/\/www.autonvaraosahaku.fi\/index.php?rest_route=%2Fwp%2Fv2%2Fproduct_tag&post=78658"}],"curies":[{"name":"wp","href":"https:\/\/api.w.org\/{rel}","templated":true}]}}