{"id":78694,"date":"2021-02-21T19:59:46","date_gmt":"2021-02-21T19:59:46","guid":{"rendered":"https:\/\/www.autonvaraosahaku.fi\/?product=elring-180-260-kannentiiviste"},"modified":"2021-02-21T19:59:48","modified_gmt":"2021-02-21T19:59:48","slug":"elring-180-260-kannentiiviste","status":"publish","type":"product","link":"https:\/\/www.autonvaraosahaku.fi\/?product=elring-180-260-kannentiiviste","title":{"rendered":"ELRING 180.260 Kannentiiviste"},"content":{"rendered":"<p>Lis\u00e4tarvike\/lis\u00e4tieto: Venttiilivarren tiivisteell\u00e4; Lis\u00e4ksi tarvittavat tuotteet (tuotenumero): 760.720; sis\u00e4lt\u00e4\u00e4 useampia tuotteita OE-sarjana (tuote-nro.): 71716868; TECDOC-moottorinumero: 15501; LANCIA: Y 840A; FIAT: PUNTO 188,DOBLO Cargo 223,DOBLO 119,STRADA Pick-up 178E,PUNTO Van 188AX,PALIO Weekend 178DX,PALIO 178BX,UNO 146 A\/E,SIENA 178_; 71716868<\/p>\n","protected":false},"excerpt":{"rendered":"<p>ELRING Tiivistesarja Sylinterikansi 180.260  LANCIA,FIAT,Y 840A,PUNTO 188,DOBLO Cargo 223,DOBLO 119,STRADA Pick-up 178E,PUNTO Van 188AX<\/p>\n","protected":false},"featured_media":0,"template":"","meta":{"site-sidebar-layout":"default","site-content-layout":"default","ast-global-header-display":"","ast-main-header-display":"","ast-hfb-above-header-display":"","ast-hfb-below-header-display":"","ast-hfb-mobile-header-display":"","site-post-title":"","ast-breadcrumbs-content":"","ast-featured-img":"","footer-sml-layout":"","theme-transparent-header-meta":"","adv-header-id-meta":"","stick-header-meta":"","header-above-stick-meta":"","header-main-stick-meta":"","header-below-stick-meta":""},"pwb-brand":[26],"product_cat":[230],"product_tag":[],"class_list":{"0":"post-78694","1":"product","2":"type-product","3":"status-publish","5":"pwb-brand-elring","6":"product_cat-kannentiiviste","7":"desktop-align-left","8":"tablet-align-left","9":"mobile-align-left","11":"first","12":"instock","13":"product-type-external"},"brands":[{"id":26,"name":"ELRING","slug":"elring"}],"_links":{"self":[{"href":"https:\/\/www.autonvaraosahaku.fi\/index.php?rest_route=\/wp\/v2\/product\/78694","targetHints":{"allow":["GET"]}}],"collection":[{"href":"https:\/\/www.autonvaraosahaku.fi\/index.php?rest_route=\/wp\/v2\/product"}],"about":[{"href":"https:\/\/www.autonvaraosahaku.fi\/index.php?rest_route=\/wp\/v2\/types\/product"}],"wp:attachment":[{"href":"https:\/\/www.autonvaraosahaku.fi\/index.php?rest_route=%2Fwp%2Fv2%2Fmedia&parent=78694"}],"wp:term":[{"taxonomy":"pwb-brand","embeddable":true,"href":"https:\/\/www.autonvaraosahaku.fi\/index.php?rest_route=%2Fwp%2Fv2%2Fpwb-brand&post=78694"},{"taxonomy":"product_cat","embeddable":true,"href":"https:\/\/www.autonvaraosahaku.fi\/index.php?rest_route=%2Fwp%2Fv2%2Fproduct_cat&post=78694"},{"taxonomy":"product_tag","embeddable":true,"href":"https:\/\/www.autonvaraosahaku.fi\/index.php?rest_route=%2Fwp%2Fv2%2Fproduct_tag&post=78694"}],"curies":[{"name":"wp","href":"https:\/\/api.w.org\/{rel}","templated":true}]}}