{"id":78722,"date":"2021-02-21T19:59:53","date_gmt":"2021-02-21T19:59:53","guid":{"rendered":"https:\/\/www.autonvaraosahaku.fi\/?product=trw-jte1008-raidetangon-paa"},"modified":"2021-02-21T19:59:57","modified_gmt":"2021-02-21T19:59:57","slug":"trw-jte1008-raidetangon-paa","status":"publish","type":"product","link":"https:\/\/www.autonvaraosahaku.fi\/?product=trw-jte1008-raidetangon-paa","title":{"rendered":"TRW JTE1008 Raidetangon p\u00e4\u00e4"},"content":{"rendered":"<p>Asennuspuoli: Etuakseli, Oikea, Ulompi; Lis\u00e4tarvike\/lis\u00e4tieto: Tarvikkeilla; Sis\u00e4kierre (mm): M12x1,5; Ulkokierre [mm]: M10x1,5; Varustelumahdollisuudet: NEW; MAZDA: 2 DY; FORD: FIESTA V JH_, JD_,FIESTA VI,FUSION JU_,FIESTA Stufenheck JA8 JR8,FIESTA V Van,KA RU,ECOSPORT; 1202548, 2S6J3289AC, DD3232280, DE9032280<\/p>\n","protected":false},"excerpt":{"rendered":"<p>TRW Raidetangon P\u00e4\u00e4 JTE1008  MAZDA,FORD,2 DY,FIESTA V JH_, JD_,FIESTA VI,FUSION JU_,FIESTA Stufenheck JA8 JR8,FIESTA V Van,KA RU,ECOSPORT<\/p>\n","protected":false},"featured_media":0,"template":"","meta":{"site-sidebar-layout":"default","site-content-layout":"default","ast-global-header-display":"","ast-main-header-display":"","ast-hfb-above-header-display":"","ast-hfb-below-header-display":"","ast-hfb-mobile-header-display":"","site-post-title":"","ast-breadcrumbs-content":"","ast-featured-img":"","footer-sml-layout":"","theme-transparent-header-meta":"","adv-header-id-meta":"","stick-header-meta":"","header-above-stick-meta":"","header-main-stick-meta":"","header-below-stick-meta":""},"pwb-brand":[332],"product_cat":[96],"product_tag":[],"class_list":{"0":"post-78722","1":"product","2":"type-product","3":"status-publish","5":"pwb-brand-trw","6":"product_cat-raidetangon-paa","7":"desktop-align-left","8":"tablet-align-left","9":"mobile-align-left","11":"first","12":"instock","13":"product-type-external"},"brands":[{"id":332,"name":"TRW","slug":"trw"}],"_links":{"self":[{"href":"https:\/\/www.autonvaraosahaku.fi\/index.php?rest_route=\/wp\/v2\/product\/78722","targetHints":{"allow":["GET"]}}],"collection":[{"href":"https:\/\/www.autonvaraosahaku.fi\/index.php?rest_route=\/wp\/v2\/product"}],"about":[{"href":"https:\/\/www.autonvaraosahaku.fi\/index.php?rest_route=\/wp\/v2\/types\/product"}],"wp:attachment":[{"href":"https:\/\/www.autonvaraosahaku.fi\/index.php?rest_route=%2Fwp%2Fv2%2Fmedia&parent=78722"}],"wp:term":[{"taxonomy":"pwb-brand","embeddable":true,"href":"https:\/\/www.autonvaraosahaku.fi\/index.php?rest_route=%2Fwp%2Fv2%2Fpwb-brand&post=78722"},{"taxonomy":"product_cat","embeddable":true,"href":"https:\/\/www.autonvaraosahaku.fi\/index.php?rest_route=%2Fwp%2Fv2%2Fproduct_cat&post=78722"},{"taxonomy":"product_tag","embeddable":true,"href":"https:\/\/www.autonvaraosahaku.fi\/index.php?rest_route=%2Fwp%2Fv2%2Fproduct_tag&post=78722"}],"curies":[{"name":"wp","href":"https:\/\/api.w.org\/{rel}","templated":true}]}}