{"id":78730,"date":"2021-02-21T20:00:01","date_gmt":"2021-02-21T20:00:01","guid":{"rendered":"https:\/\/www.autonvaraosahaku.fi\/?product=lpr-07165-jarrukengat"},"modified":"2021-02-21T20:00:01","modified_gmt":"2021-02-21T20:00:01","slug":"lpr-07165-jarrukengat","status":"publish","type":"product","link":"https:\/\/www.autonvaraosahaku.fi\/?product=lpr-07165-jarrukengat","title":{"rendered":"LPR 07165 Jarrukeng\u00e4t"},"content":{"rendered":"<p>Leveys (mm): 40; Korvaava tuote\/korvaava tiedote 2: Seisontajarrukahvalla, Seisontajarrukahvalla; L\u00e4pimitta [mm]: 228; Jarruj\u00e4rjestelm\u00e4: TRW; Valmistusvuoteen: 06\/1994; RENAULT: SC\u00c9NIC I JA0\/1_,MEGANE Scenic JA0\/1_,MEGANE I Grandtour KA0\/1_,LAGUNA I Grandtour K56_; PEUGEOT: PARTNER Tepee,PARTNER Combispace 5F,PARTNER Kasten 5,PARTNER Kasten,405 II 4B,405 II Break 4E; CITRO\u00cbN: BERLINGO MF,XSARA PICASSO N68,BERLINGO Kasten M_; 6025370302, 6025370305, 7701205339; Jarrukenk\u00e4sarja<\/p>\n","protected":false},"excerpt":{"rendered":"<p>LPR Jarrukeng\u00e4t 07165 Jarrukenk\u00e4sarja RENAULT,PEUGEOT,CITRO\u00cbN,SC\u00c9NIC I JA0\/1_,MEGANE Scenic JA0\/1_,MEGANE I Grandtour KA0\/1_,LAGUNA I Grandtour K56_<\/p>\n","protected":false},"featured_media":0,"template":"","meta":{"site-sidebar-layout":"default","site-content-layout":"default","ast-global-header-display":"","ast-main-header-display":"","ast-hfb-above-header-display":"","ast-hfb-below-header-display":"","ast-hfb-mobile-header-display":"","site-post-title":"","ast-breadcrumbs-content":"","ast-featured-img":"","footer-sml-layout":"","theme-transparent-header-meta":"","adv-header-id-meta":"","stick-header-meta":"","header-above-stick-meta":"","header-main-stick-meta":"","header-below-stick-meta":""},"pwb-brand":[238],"product_cat":[176],"product_tag":[],"class_list":{"0":"post-78730","1":"product","2":"type-product","3":"status-publish","5":"pwb-brand-lpr","6":"product_cat-jarrukengat","7":"desktop-align-left","8":"tablet-align-left","9":"mobile-align-left","11":"first","12":"instock","13":"product-type-external"},"brands":[{"id":238,"name":"LPR","slug":"lpr"}],"_links":{"self":[{"href":"https:\/\/www.autonvaraosahaku.fi\/index.php?rest_route=\/wp\/v2\/product\/78730","targetHints":{"allow":["GET"]}}],"collection":[{"href":"https:\/\/www.autonvaraosahaku.fi\/index.php?rest_route=\/wp\/v2\/product"}],"about":[{"href":"https:\/\/www.autonvaraosahaku.fi\/index.php?rest_route=\/wp\/v2\/types\/product"}],"wp:attachment":[{"href":"https:\/\/www.autonvaraosahaku.fi\/index.php?rest_route=%2Fwp%2Fv2%2Fmedia&parent=78730"}],"wp:term":[{"taxonomy":"pwb-brand","embeddable":true,"href":"https:\/\/www.autonvaraosahaku.fi\/index.php?rest_route=%2Fwp%2Fv2%2Fpwb-brand&post=78730"},{"taxonomy":"product_cat","embeddable":true,"href":"https:\/\/www.autonvaraosahaku.fi\/index.php?rest_route=%2Fwp%2Fv2%2Fproduct_cat&post=78730"},{"taxonomy":"product_tag","embeddable":true,"href":"https:\/\/www.autonvaraosahaku.fi\/index.php?rest_route=%2Fwp%2Fv2%2Fproduct_tag&post=78730"}],"curies":[{"name":"wp","href":"https:\/\/api.w.org\/{rel}","templated":true}]}}