{"id":78771,"date":"2021-02-21T20:00:16","date_gmt":"2021-02-21T20:00:16","guid":{"rendered":"https:\/\/www.autonvaraosahaku.fi\/?product=febi-bilstein-30757-polttoainesuodatin"},"modified":"2021-02-21T20:00:17","modified_gmt":"2021-02-21T20:00:17","slug":"febi-bilstein-30757-polttoainesuodatin","status":"publish","type":"product","link":"https:\/\/www.autonvaraosahaku.fi\/?product=febi-bilstein-30757-polttoainesuodatin","title":{"rendered":"FEBI BILSTEIN 30757 Polttoainesuodatin"},"content":{"rendered":"<p>Suodatintyyppi: Letkusuodatin, ilman suodatinl\u00e4mmityst\u00e4; Korkeus (mm): 210; Ulkol\u00e4pimitta [mm]: 90,0; Putki-\u00d8 (mm): 8, 10; Paino [kg]: 0,450; Moottorinumero: 198A3000; OPEL: COMBO Kasten\/Kombi X12,COMBO Tour X12; FORD: KA RU8; FIAT: GRANDE PUNTO 199,PANDA 169,DUCATO Kasten 250,500 312,STILO 192,BRAVO II 198,DUCATO Pritsche\/Fahrgestell 250,PUNTO EVO 199,DUCATO Bus 250,DUCATO Kasten 244,DOBLO Cargo 223,500 C 312,STILO Multi Wagon 192,DOBLO 119,CROMA 194,DUCATO Pritsche\/Fahrgestell 244,DOBLO Kasten\/Kombi 263,PANDA Van 169,PUNTO 199,DUCATO Bus 244, Z_,IDEA,STRADA Pick-up 178E,QUBO 225,500L,DOBLO Gro\u00dfraumlimousine 152, 263,FIORINO Kasten\/Kombi 225,LINEA 323,PUNTO Van 199,DOBLO Pritsche\/Fahrgestell 263,STRADA Pick-up 578_,500X,GRANDE PUNTO Van 199_,PUNTO EVO Van 199_; PEUGEOT: BOXER Kasten,BOXER Bus,BOXER Pritsche\/Fahrgestell,BIPPER AA_,BIPPER Tepee; CITRO\u00cbN: JUMPER Kasten,NEMO Kasten AA_,JUMPER Pritsche\/Fahrgestell,NEMO Kombi; ALFA ROMEO: 159 Sportwagon 939,GIULIETTA 940,MITO 955,159 939,BRERA,SPIDER 939; LANCIA: YPSILON 843,DELTA III 844,MUSA 350,YPSILON 312, 846; VAUXHALL: COMBO Mk III D Kasten\/Kombi; 60693681, 77363657, 0077363657, 77363657, 1606384980, 1901A3, 60693681, 71773197, 77363657, 1729042, 60693681, 77363657, 0818020, 818020, 1606384980, 1901A3, 095514995, 95514995<\/p>\n","protected":false},"excerpt":{"rendered":"<p>FEBI BILSTEIN Polttoainesuodatin 30757  OPEL,FORD,FIAT,COMBO Kasten\/Kombi X12,COMBO Tour X12,KA RU8,GRANDE PUNTO 199,PANDA 169,DUCATO Kasten 250<\/p>\n","protected":false},"featured_media":0,"template":"","meta":{"site-sidebar-layout":"default","site-content-layout":"default","ast-global-header-display":"","ast-main-header-display":"","ast-hfb-above-header-display":"","ast-hfb-below-header-display":"","ast-hfb-mobile-header-display":"","site-post-title":"","ast-breadcrumbs-content":"","ast-featured-img":"","footer-sml-layout":"","theme-transparent-header-meta":"","adv-header-id-meta":"","stick-header-meta":"","header-above-stick-meta":"","header-main-stick-meta":"","header-below-stick-meta":""},"pwb-brand":[50],"product_cat":[29],"product_tag":[],"class_list":{"0":"post-78771","1":"product","2":"type-product","3":"status-publish","5":"pwb-brand-febi-bilstein","6":"product_cat-polttoainesuodatin","7":"desktop-align-left","8":"tablet-align-left","9":"mobile-align-left","11":"first","12":"instock","13":"product-type-external"},"brands":[{"id":50,"name":"FEBI BILSTEIN","slug":"febi-bilstein"}],"_links":{"self":[{"href":"https:\/\/www.autonvaraosahaku.fi\/index.php?rest_route=\/wp\/v2\/product\/78771","targetHints":{"allow":["GET"]}}],"collection":[{"href":"https:\/\/www.autonvaraosahaku.fi\/index.php?rest_route=\/wp\/v2\/product"}],"about":[{"href":"https:\/\/www.autonvaraosahaku.fi\/index.php?rest_route=\/wp\/v2\/types\/product"}],"wp:attachment":[{"href":"https:\/\/www.autonvaraosahaku.fi\/index.php?rest_route=%2Fwp%2Fv2%2Fmedia&parent=78771"}],"wp:term":[{"taxonomy":"pwb-brand","embeddable":true,"href":"https:\/\/www.autonvaraosahaku.fi\/index.php?rest_route=%2Fwp%2Fv2%2Fpwb-brand&post=78771"},{"taxonomy":"product_cat","embeddable":true,"href":"https:\/\/www.autonvaraosahaku.fi\/index.php?rest_route=%2Fwp%2Fv2%2Fproduct_cat&post=78771"},{"taxonomy":"product_tag","embeddable":true,"href":"https:\/\/www.autonvaraosahaku.fi\/index.php?rest_route=%2Fwp%2Fv2%2Fproduct_tag&post=78771"}],"curies":[{"name":"wp","href":"https:\/\/api.w.org\/{rel}","templated":true}]}}