{"id":78782,"date":"2021-02-21T20:00:16","date_gmt":"2021-02-21T20:00:16","guid":{"rendered":"https:\/\/www.autonvaraosahaku.fi\/?product=mapco-36957-jousilautanen"},"modified":"2021-02-21T20:00:20","modified_gmt":"2021-02-21T20:00:20","slug":"mapco-36957-jousilautanen","status":"publish","type":"product","link":"https:\/\/www.autonvaraosahaku.fi\/?product=mapco-36957-jousilautanen","title":{"rendered":"MAPCO 36957 Jousilautanen"},"content":{"rendered":"<p>Vaihdettava pareittain: ; Asennuspuoli: Etuakseli, Yl\u00e4puolella; Sis\u00e4l\u00e4pimitta [mm]: 22; Korvaava tuote\/korvaava tiedote 2: Ilman kuulalaakeria; Tarvittava kappalem\u00e4\u00e4r\u00e4: 2; Valmistusvuosi alkaen: 01\/1993; VW: GOLF IV 1J1,LUPO 6X1, 6E1,GOLF III 1H1,GOLF IV Variant 1J5,POLO 6N1,PASSAT Variant 3A5, 35I,BORA 1J2,NEW BEETLE 9C1, 1C1,BORA Kombi 1J6,GOLF III Variant 1H5,NEW BEETLE Cabriolet 1Y7,PASSAT 3A2, 35I,CORRADO 53I,VENTO 1H2; AUDI: A3 8L1,TT 8N3,TT Roadster 8N9; SKODA: OCTAVIA Combi 1Z5,OCTAVIA Combi 1U5,OCTAVIA 1Z3,OCTAVIA 1U2; SEAT: LEON 1P1,IBIZA V 6J5, 6P5,LEON 1M1,AROSA 6H,TOLEDO II 1M2; 1J0412341, 357412341A, 1J0412341, 357412341A, 1J0412341, 357412341A, 1J0412341, 357412341A<\/p>\n","protected":false},"excerpt":{"rendered":"<p>MAPCO Jousilautanen 36957  VW,AUDI,SKODA,GOLF IV 1J1,LUPO 6X1, 6E1,GOLF III 1H1,GOLF IV Variant 1J5,POLO 6N1,PASSAT Variant 3A5, 35I,BORA 1J2<\/p>\n","protected":false},"featured_media":0,"template":"","meta":{"site-sidebar-layout":"default","site-content-layout":"default","ast-global-header-display":"","ast-main-header-display":"","ast-hfb-above-header-display":"","ast-hfb-below-header-display":"","ast-hfb-mobile-header-display":"","site-post-title":"","ast-breadcrumbs-content":"","ast-featured-img":"","footer-sml-layout":"","theme-transparent-header-meta":"","adv-header-id-meta":"","stick-header-meta":"","header-above-stick-meta":"","header-main-stick-meta":"","header-below-stick-meta":""},"pwb-brand":[36],"product_cat":[188],"product_tag":[],"class_list":{"0":"post-78782","1":"product","2":"type-product","3":"status-publish","5":"pwb-brand-mapco","6":"product_cat-jousilautanen","7":"desktop-align-left","8":"tablet-align-left","9":"mobile-align-left","11":"first","12":"instock","13":"product-type-external"},"brands":[{"id":36,"name":"MAPCO","slug":"mapco"}],"_links":{"self":[{"href":"https:\/\/www.autonvaraosahaku.fi\/index.php?rest_route=\/wp\/v2\/product\/78782","targetHints":{"allow":["GET"]}}],"collection":[{"href":"https:\/\/www.autonvaraosahaku.fi\/index.php?rest_route=\/wp\/v2\/product"}],"about":[{"href":"https:\/\/www.autonvaraosahaku.fi\/index.php?rest_route=\/wp\/v2\/types\/product"}],"wp:attachment":[{"href":"https:\/\/www.autonvaraosahaku.fi\/index.php?rest_route=%2Fwp%2Fv2%2Fmedia&parent=78782"}],"wp:term":[{"taxonomy":"pwb-brand","embeddable":true,"href":"https:\/\/www.autonvaraosahaku.fi\/index.php?rest_route=%2Fwp%2Fv2%2Fpwb-brand&post=78782"},{"taxonomy":"product_cat","embeddable":true,"href":"https:\/\/www.autonvaraosahaku.fi\/index.php?rest_route=%2Fwp%2Fv2%2Fproduct_cat&post=78782"},{"taxonomy":"product_tag","embeddable":true,"href":"https:\/\/www.autonvaraosahaku.fi\/index.php?rest_route=%2Fwp%2Fv2%2Fproduct_tag&post=78782"}],"curies":[{"name":"wp","href":"https:\/\/api.w.org\/{rel}","templated":true}]}}