{"id":78809,"date":"2021-02-21T20:00:24","date_gmt":"2021-02-21T20:00:24","guid":{"rendered":"https:\/\/www.autonvaraosahaku.fi\/?product=vaico-v20-0542-alatukivarsi"},"modified":"2021-02-21T20:00:31","modified_gmt":"2021-02-21T20:00:31","slug":"vaico-v20-0542-alatukivarsi","status":"publish","type":"product","link":"https:\/\/www.autonvaraosahaku.fi\/?product=vaico-v20-0542-alatukivarsi","title":{"rendered":"VAICO V20-0542 Alatukivarsi"},"content":{"rendered":"<p>Korvaava tuote\/korvaava tiedote 2: Kumilaakerilla; Ohjausmalli: Poikittaistukivarsi; Kierremitta: M10x1,5; Asennuspuoli: Molemminpuolin, Taka-akseli, yl\u00e4, Edess\u00e4, au\u00dfen; Materiaali: Alumiini; Akselimittaus asennuksen j\u00e4lkeen: ; Suositellun erikoisty\u00f6kalun tuotenumero: V99-1020; Paino [kg]: 0,386; Pakkausleveys [cm]: 7,5; Pakkauskorkeus [mm]: 8; lis\u00e4tieto: CST99; BMW: 5 E39,5 E60,5 Touring E61,5 Touring E39,7 E65, E66, E67,6 E63,6 Cabriolet E64; 0300946, 0398361, 0403294, 0414345, 0421750, 1096797, 2282065, 2348886, 33320300946, 33320398361, 33320403294, 33320414345, 33320421750, 33321096797, 33322282065, 33322348886, 33326763324, 33326768268, 33326770753, 33326774795, 33326777424, 6763324, 6768268, 6770753, 6774795, 6777424; Tukivarsi,Tukivarsi, Py\u00f6r\u00e4ntuenta<\/p>\n","protected":false},"excerpt":{"rendered":"<p>VAICO Alatukivarsi V20-0542 Tukivarsi,Tukivarsi, Py\u00f6r\u00e4ntuenta BMW,5 E39,5 E60,5 Touring E61,5 Touring E39,7 E65, E66, E67,6 E63,6 Cabriolet E64<\/p>\n","protected":false},"featured_media":0,"template":"","meta":{"site-sidebar-layout":"default","site-content-layout":"default","ast-global-header-display":"","ast-main-header-display":"","ast-hfb-above-header-display":"","ast-hfb-below-header-display":"","ast-hfb-mobile-header-display":"","site-post-title":"","ast-breadcrumbs-content":"","ast-featured-img":"","footer-sml-layout":"","theme-transparent-header-meta":"","adv-header-id-meta":"","stick-header-meta":"","header-above-stick-meta":"","header-main-stick-meta":"","header-below-stick-meta":""},"pwb-brand":[330],"product_cat":[62],"product_tag":[],"class_list":{"0":"post-78809","1":"product","2":"type-product","3":"status-publish","5":"pwb-brand-vaico","6":"product_cat-alatukivarsi","7":"desktop-align-left","8":"tablet-align-left","9":"mobile-align-left","11":"first","12":"instock","13":"product-type-external"},"brands":[{"id":330,"name":"VAICO","slug":"vaico"}],"_links":{"self":[{"href":"https:\/\/www.autonvaraosahaku.fi\/index.php?rest_route=\/wp\/v2\/product\/78809","targetHints":{"allow":["GET"]}}],"collection":[{"href":"https:\/\/www.autonvaraosahaku.fi\/index.php?rest_route=\/wp\/v2\/product"}],"about":[{"href":"https:\/\/www.autonvaraosahaku.fi\/index.php?rest_route=\/wp\/v2\/types\/product"}],"wp:attachment":[{"href":"https:\/\/www.autonvaraosahaku.fi\/index.php?rest_route=%2Fwp%2Fv2%2Fmedia&parent=78809"}],"wp:term":[{"taxonomy":"pwb-brand","embeddable":true,"href":"https:\/\/www.autonvaraosahaku.fi\/index.php?rest_route=%2Fwp%2Fv2%2Fpwb-brand&post=78809"},{"taxonomy":"product_cat","embeddable":true,"href":"https:\/\/www.autonvaraosahaku.fi\/index.php?rest_route=%2Fwp%2Fv2%2Fproduct_cat&post=78809"},{"taxonomy":"product_tag","embeddable":true,"href":"https:\/\/www.autonvaraosahaku.fi\/index.php?rest_route=%2Fwp%2Fv2%2Fproduct_tag&post=78809"}],"curies":[{"name":"wp","href":"https:\/\/api.w.org\/{rel}","templated":true}]}}