{"id":78815,"date":"2021-02-21T20:00:32","date_gmt":"2021-02-21T20:00:32","guid":{"rendered":"https:\/\/www.autonvaraosahaku.fi\/?product=mapco-26117-pyoranlaakerit"},"modified":"2021-02-21T20:00:34","modified_gmt":"2021-02-21T20:00:34","slug":"mapco-26117-pyoranlaakerit","status":"publish","type":"product","link":"https:\/\/www.autonvaraosahaku.fi\/?product=mapco-26117-pyoranlaakerit","title":{"rendered":"MAPCO 26117 Py\u00f6r\u00e4nlaakerit"},"content":{"rendered":"<p>Leveys 1 (mm): 23; Leveys 2 (mm): 18; Ulkol\u00e4pimitta 1 [mm]: 72; Ulkol\u00e4pimitta 2 [mm]: 52; Sis\u00e4l\u00e4pimitta 1 [mm]: 35; Sis\u00e4l\u00e4pimitta 2 [mm]: 25; Asennuspuoli: Hinterachse beidseitig; OPEL: ARENA Kasten TB, TF; RENAULT: TRAFIC Kasten TXX,TRAFIC Bus TXW,MASTER I Kasten T__,TRAFIC Kasten T1, T3, T4,TRAFIC Bus T5, T6, T7,MASTER I Bus T__,ESTAFETTE 213_,TRAFIC Pritsche\/Fahrgestell P6,MASTER I Pritsche\/Fahrgestell P__,TRAFIC Pritsche\/Fahrgestell PXX; 4403943, 9111943, 7701465647, 9111943; Py\u00f6r\u00e4nlaakerisarja<\/p>\n","protected":false},"excerpt":{"rendered":"<p>MAPCO Py\u00f6r\u00e4nlaakerit 26117 Py\u00f6r\u00e4nlaakerisarja OPEL,RENAULT,ARENA Kasten TB, TF,TRAFIC Kasten TXX,TRAFIC Bus TXW,MASTER I Kasten T__<\/p>\n","protected":false},"featured_media":0,"template":"","meta":{"site-sidebar-layout":"default","site-content-layout":"default","ast-global-header-display":"","ast-main-header-display":"","ast-hfb-above-header-display":"","ast-hfb-below-header-display":"","ast-hfb-mobile-header-display":"","site-post-title":"","ast-breadcrumbs-content":"","ast-featured-img":"","footer-sml-layout":"","theme-transparent-header-meta":"","adv-header-id-meta":"","stick-header-meta":"","header-above-stick-meta":"","header-main-stick-meta":"","header-below-stick-meta":""},"pwb-brand":[36],"product_cat":[83],"product_tag":[],"class_list":{"0":"post-78815","1":"product","2":"type-product","3":"status-publish","5":"pwb-brand-mapco","6":"product_cat-pyoranlaakerit","7":"desktop-align-left","8":"tablet-align-left","9":"mobile-align-left","11":"first","12":"instock","13":"product-type-external"},"brands":[{"id":36,"name":"MAPCO","slug":"mapco"}],"_links":{"self":[{"href":"https:\/\/www.autonvaraosahaku.fi\/index.php?rest_route=\/wp\/v2\/product\/78815","targetHints":{"allow":["GET"]}}],"collection":[{"href":"https:\/\/www.autonvaraosahaku.fi\/index.php?rest_route=\/wp\/v2\/product"}],"about":[{"href":"https:\/\/www.autonvaraosahaku.fi\/index.php?rest_route=\/wp\/v2\/types\/product"}],"wp:attachment":[{"href":"https:\/\/www.autonvaraosahaku.fi\/index.php?rest_route=%2Fwp%2Fv2%2Fmedia&parent=78815"}],"wp:term":[{"taxonomy":"pwb-brand","embeddable":true,"href":"https:\/\/www.autonvaraosahaku.fi\/index.php?rest_route=%2Fwp%2Fv2%2Fpwb-brand&post=78815"},{"taxonomy":"product_cat","embeddable":true,"href":"https:\/\/www.autonvaraosahaku.fi\/index.php?rest_route=%2Fwp%2Fv2%2Fproduct_cat&post=78815"},{"taxonomy":"product_tag","embeddable":true,"href":"https:\/\/www.autonvaraosahaku.fi\/index.php?rest_route=%2Fwp%2Fv2%2Fproduct_tag&post=78815"}],"curies":[{"name":"wp","href":"https:\/\/api.w.org\/{rel}","templated":true}]}}