{"id":78816,"date":"2021-02-21T20:00:32","date_gmt":"2021-02-21T20:00:32","guid":{"rendered":"https:\/\/www.autonvaraosahaku.fi\/?product=mapco-22760-polttoainepumppu"},"modified":"2021-02-21T20:00:34","modified_gmt":"2021-02-21T20:00:34","slug":"mapco-22760-polttoainepumppu","status":"publish","type":"product","link":"https:\/\/www.autonvaraosahaku.fi\/?product=mapco-22760-polttoainepumppu","title":{"rendered":"MAPCO 22760 Polttoainepumppu"},"content":{"rendered":"<p>K\u00e4ytt\u00f6: S\u00e4hk\u00f6inen; Polttoaine: Bensiini; Korvaava tuote\/korvaava tiedote 2: Esisuodattimella, Ilman liit\u00e4nt\u00e4osia; Paine (bar): 3,8; Valmistusvuoteen: 04\/1994; FORD: FOCUS Kombi DNW,FOCUS DAW, DBW,KA RB_,FOCUS Stufenheck DFW,MONDEO II Kombi BNP,FIESTA III GFJ,MONDEO II BAP,PUMA EC_,MONDEO II Stufenheck BFP,MONDEO I Kombi BNP,MONDEO I GBP,TRANSIT  MK-5 Bus E_ _,SCORPIO II GFR, GGR,TRANSIT MK-5 Pritsche\/Fahrgestell E_ _,MONDEO I Stufenheck GBP,TRANSIT MK-5 Kasten E_ _,FIESTA Kasten F3L, F5L; HYUNDAI: COUPE RD,ACCENT I X-3,ACCENT Stufenheck X-3,SONATA III Y-3,LANTRA I J-1; NISSAN: PATHFINDER R50,PICK UP D21,200 SX S14,MAXIMA QX A32; MAZDA: MX-5 II NB,MX-5 I NA,MX-3 EC,323 C IV BG,FAMILIA IV BF,MX-6 GE,FAMILIA IV BG,MPV I LV; HONDA: CR-V I RD,CIVIC V Hatchback EG,CIVIC V Coupe EJ,ACCORD IV CB,CIVIC V Stufenheck EG, EH,ACCORD V Aerodeck CE,ACCORD V Coupe CD,LEGEND II Coupe KA8,ACCORD IV Aerodeck CB,LEGEND II KA7; MITSUBISHI: PAJERO II V3_W, V2_W, V4_W,COLT IV CA_A,3000 GT Z16A,LANCER V CB\/D_A,GALANT V Stufenheck E5_A, E7_A, E8_A,GALANT V E5_A, E7_A, E8_A; SUBARU: IMPREZA Stufenheck GC,LEGACY II Station Wagon BD, BG,IMPREZA Station Wagon GF,JUSTY I KAD,LEGACY I Station Wagon BC, BJF,LEGACY II BD, BG,IMPREZA Coupe GFC,LEGACY I BC; DAIHATSU: CHARADE IV G200, G202,APPLAUSE I A101, A111; 2310087737000, 23100B1070, 2321087103000, 1382124, 1467015, 1542745, F2A79A407A, F7UZ9H307BC, F7UZ9U307CC, F7UZ9U307DB, 17040S04L00, 17040S04L01, 17040S10A00, 17040S10A01, 17040S10C01, 17040S84A01, 17040S84A02, 17040SR1A30, 17040SR1A31, 17040SR2A32, 17040SR2A33, 17040SR2A50, 17040SR2A51, 17040SS8A00, 17040SS8A01, 17040SS8A02, 17040ST7L00, 17040ST7L01, 17040SV1A30, 17040SV1A31, 17040SV1A32, 17040SV1L00, 17040SV1L01, 17040SV1L02, 17040SV4A30, 17040SV4A31, 17040SV5A30, 17040SV5A31, 17040SV5A32, 17040SX0A30, 17040SX0A31, 17040SX0A32, 17040SY8A01, 3111023300, 3111028100, 3111028300, 311111R500, 3111122050, 3111123300, 3111128150, 3111128300, 3111137150, 3111137200, 3111137250, 3111137300, B16P13ZE0, B3C713350, B3E713350, B3E713350A, B3E71335ZB, B61P13350B, B61P13350BMV, B61P13ZE0, B6BF13350MV, B6BF1335Z, B6BG1335Z, B6DA13350, BPE813350, BPE81335Z, JE451335ZB, JE471335ZA, JE481335ZC, KL2213350, KL4713350, KL471335ZB, KLK11335Z, MB658436, MB678038, MB678398, MB698623, MB698857, MB831262, MB&#8230;<\/p>\n","protected":false},"excerpt":{"rendered":"<p>MAPCO Polttoainepumppu 22760  FORD,HYUNDAI,NISSAN,FOCUS Kombi DNW,FOCUS DAW, DBW,KA RB_,FOCUS Stufenheck DFW,MONDEO II Kombi BNP,FIESTA III GFJ<\/p>\n","protected":false},"featured_media":0,"template":"","meta":{"site-sidebar-layout":"default","site-content-layout":"default","ast-global-header-display":"","ast-main-header-display":"","ast-hfb-above-header-display":"","ast-hfb-below-header-display":"","ast-hfb-mobile-header-display":"","site-post-title":"","ast-breadcrumbs-content":"","ast-featured-img":"","footer-sml-layout":"","theme-transparent-header-meta":"","adv-header-id-meta":"","stick-header-meta":"","header-above-stick-meta":"","header-main-stick-meta":"","header-below-stick-meta":""},"pwb-brand":[36],"product_cat":[73],"product_tag":[],"class_list":{"0":"post-78816","1":"product","2":"type-product","3":"status-publish","5":"pwb-brand-mapco","6":"product_cat-polttoainepumppu","7":"desktop-align-left","8":"tablet-align-left","9":"mobile-align-left","11":"first","12":"instock","13":"product-type-external"},"brands":[{"id":36,"name":"MAPCO","slug":"mapco"}],"_links":{"self":[{"href":"https:\/\/www.autonvaraosahaku.fi\/index.php?rest_route=\/wp\/v2\/product\/78816","targetHints":{"allow":["GET"]}}],"collection":[{"href":"https:\/\/www.autonvaraosahaku.fi\/index.php?rest_route=\/wp\/v2\/product"}],"about":[{"href":"https:\/\/www.autonvaraosahaku.fi\/index.php?rest_route=\/wp\/v2\/types\/product"}],"wp:attachment":[{"href":"https:\/\/www.autonvaraosahaku.fi\/index.php?rest_route=%2Fwp%2Fv2%2Fmedia&parent=78816"}],"wp:term":[{"taxonomy":"pwb-brand","embeddable":true,"href":"https:\/\/www.autonvaraosahaku.fi\/index.php?rest_route=%2Fwp%2Fv2%2Fpwb-brand&post=78816"},{"taxonomy":"product_cat","embeddable":true,"href":"https:\/\/www.autonvaraosahaku.fi\/index.php?rest_route=%2Fwp%2Fv2%2Fproduct_cat&post=78816"},{"taxonomy":"product_tag","embeddable":true,"href":"https:\/\/www.autonvaraosahaku.fi\/index.php?rest_route=%2Fwp%2Fv2%2Fproduct_tag&post=78816"}],"curies":[{"name":"wp","href":"https:\/\/api.w.org\/{rel}","templated":true}]}}