{"id":78821,"date":"2021-02-21T20:00:32","date_gmt":"2021-02-21T20:00:32","guid":{"rendered":"https:\/\/www.autonvaraosahaku.fi\/?product=optimal-922854-pyoranlaakerit"},"modified":"2021-02-21T20:00:36","modified_gmt":"2021-02-21T20:00:36","slug":"optimal-922854-pyoranlaakerit","status":"publish","type":"product","link":"https:\/\/www.autonvaraosahaku.fi\/?product=optimal-922854-pyoranlaakerit","title":{"rendered":"OPTIMAL 922854 Py\u00f6r\u00e4nlaakerit"},"content":{"rendered":"<p>Asennuspuoli: Oikea, Taka-akseli, Vasen; Leveys (mm): 22,1; Sis\u00e4l\u00e4pimitta [mm]: 39,7; Ulkol\u00e4pimitta [mm]: 73; Leveys 2 (mm): 18,5; Valmistusvuoteen: 12\/1989; JEEP: CHEROKEE XJ,CHEROKEE; KIA: SPORTAGE K00,RETONA CE,PREGIO Kasten TB,PREGIO Bus; SSANGYONG: REXTON GAB_,MUSSO FJ,ACTYON SPORTS I QJ,ACTYON I,KORANDO KJ; HYUNDAI: H100 Bus P,H100 Kasten,PORTER Pritsche\/Fahrgestell,H100 Pick-up; 0K72A26151, 5261243400, 5270143300, 5270143310, 5270143320, 527014A000, 527104F400, 5281043000, 5281043000AT, 5282043300, 5282043300AT, 8970819450, 0K72A26151, 0K72A26152, 0K72A26156, 0K72A26157, 5270143300, 5270143310, 4242305000, 4242505001, 4242605000, 4243105000, 4243105600, 4243205000; Py\u00f6r\u00e4nlaakerisarja<\/p>\n","protected":false},"excerpt":{"rendered":"<p>OPTIMAL Py\u00f6r\u00e4nlaakerit 922854 Py\u00f6r\u00e4nlaakerisarja JEEP,KIA,SSANGYONG,CHEROKEE XJ,CHEROKEE,SPORTAGE K00,RETONA CE,PREGIO Kasten TB,PREGIO Bus<\/p>\n","protected":false},"featured_media":0,"template":"","meta":{"site-sidebar-layout":"default","site-content-layout":"default","ast-global-header-display":"","ast-main-header-display":"","ast-hfb-above-header-display":"","ast-hfb-below-header-display":"","ast-hfb-mobile-header-display":"","site-post-title":"","ast-breadcrumbs-content":"","ast-featured-img":"","footer-sml-layout":"","theme-transparent-header-meta":"","adv-header-id-meta":"","stick-header-meta":"","header-above-stick-meta":"","header-main-stick-meta":"","header-below-stick-meta":""},"pwb-brand":[307],"product_cat":[83],"product_tag":[],"class_list":{"0":"post-78821","1":"product","2":"type-product","3":"status-publish","5":"pwb-brand-optimal","6":"product_cat-pyoranlaakerit","7":"desktop-align-left","8":"tablet-align-left","9":"mobile-align-left","11":"first","12":"instock","13":"product-type-external"},"brands":[{"id":307,"name":"OPTIMAL","slug":"optimal"}],"_links":{"self":[{"href":"https:\/\/www.autonvaraosahaku.fi\/index.php?rest_route=\/wp\/v2\/product\/78821","targetHints":{"allow":["GET"]}}],"collection":[{"href":"https:\/\/www.autonvaraosahaku.fi\/index.php?rest_route=\/wp\/v2\/product"}],"about":[{"href":"https:\/\/www.autonvaraosahaku.fi\/index.php?rest_route=\/wp\/v2\/types\/product"}],"wp:attachment":[{"href":"https:\/\/www.autonvaraosahaku.fi\/index.php?rest_route=%2Fwp%2Fv2%2Fmedia&parent=78821"}],"wp:term":[{"taxonomy":"pwb-brand","embeddable":true,"href":"https:\/\/www.autonvaraosahaku.fi\/index.php?rest_route=%2Fwp%2Fv2%2Fpwb-brand&post=78821"},{"taxonomy":"product_cat","embeddable":true,"href":"https:\/\/www.autonvaraosahaku.fi\/index.php?rest_route=%2Fwp%2Fv2%2Fproduct_cat&post=78821"},{"taxonomy":"product_tag","embeddable":true,"href":"https:\/\/www.autonvaraosahaku.fi\/index.php?rest_route=%2Fwp%2Fv2%2Fproduct_tag&post=78821"}],"curies":[{"name":"wp","href":"https:\/\/api.w.org\/{rel}","templated":true}]}}