{"id":78840,"date":"2021-02-21T20:00:39","date_gmt":"2021-02-21T20:00:39","guid":{"rendered":"https:\/\/www.autonvaraosahaku.fi\/?product=vaico-v10-1752-iskunvaimennin"},"modified":"2021-02-21T20:00:43","modified_gmt":"2021-02-21T20:00:43","slug":"vaico-v10-1752-iskunvaimennin","status":"publish","type":"product","link":"https:\/\/www.autonvaraosahaku.fi\/?product=vaico-v10-1752-iskunvaimennin","title":{"rendered":"VAICO V10-1752 Iskunvaimennin"},"content":{"rendered":"<p>Iskunvaimennin asennustapa: Tappi ylh\u00e4\u00e4ll\u00e4; Iskunvaimennin malli: Vaimennin, jousituella; Iskunvaimennin tyyppi: Kaasupaine; Asennuspuoli: Taka-akseli, Taka-akseli; Paino [kg]: 2,49; Pakkausleveys [cm]: 7; Pakkauskorkeus [mm]: 7; Pakkaussyvyys [cm]: 60; Alustarakenne: f\u00fcr Fahrzeuge mit Standard Fahrwerk; VW: GOLF IV 1J1,BORA 1J2,NEW BEETLE 9C1, 1C1,NEW BEETLE Cabriolet 1Y7; SKODA: OCTAVIA 1U2; SEAT: LEON 1M1,TOLEDO II 1M2; 1J0512011AA, 1J0513025AQ, 1J0513025AR, 1J0513025BF, 1J0513025BG, 1J0513025BL, 1J0513025BP, 1J0513025BR, 1J0513025BS, 1J0513025C, 1J0513025CD, 1J0513025CE, 1J0513025DA, 1J0513025DC, 1J0513025E, 1J0513025F, 1J0513025P, 1J0513025Q, 8N0513025, 8N0513025A, 8N0513025C, 8N0513025H, 8N0513025J, 1J0513025AQ, 1J0513025AR, 1J0513025BF, 1J0513025BG, 1J0513025BL, 1J0513025BP, 1J0513025BR, 1J0513025BS, 1J0513025C, 1J0513025CD, 1J0513025CE, 1J0513025DA, 1J0513025DC, 1J0513025E, 1J0513025F, 1J0513025P, 1J0513025Q, 8N0513025A, 8N0513025C, 8N0513025H, 8N0513025J, 1J0513025AQ, 1J0513025AR, 1J0513025BF, 1J0513025BG, 1J0513025BL, 1J0513025BP, 1J0513025BR, 1J0513025BS, 1J0513025C, 1J0513025CD, 1J0513025CE, 1J0513025DA, 1J0513025DC, 1J0513025E, 1J0513025F, 1J0513025P, 1J0513025Q, 8N0513025A, 8N0513025C, 8N0513025H, 8N0513025J, 1J0512011AA, 1J0513025AQ, 1J0513025AR, 1J0513025BF, 1J0513025BG, 1J0513025BL, 1J0513025BP, 1J0513025BR, 1J0513025BS, 1J0513025C, 1J0513025CD, 1J0513025CE, 1J0513025CT, 1J0513025DA, 1&#8230;; Iskarit,Iskunvaimennin<\/p>\n","protected":false},"excerpt":{"rendered":"<p>VAICO Iskunvaimentimet V10-1752 Iskarit,Iskunvaimennin VW,SKODA,SEAT,GOLF IV 1J1,BORA 1J2,NEW BEETLE 9C1, 1C1,NEW BEETLE Cabriolet 1Y7,OCTAVIA 1U2<\/p>\n","protected":false},"featured_media":0,"template":"","meta":{"site-sidebar-layout":"default","site-content-layout":"default","ast-global-header-display":"","ast-main-header-display":"","ast-hfb-above-header-display":"","ast-hfb-below-header-display":"","ast-hfb-mobile-header-display":"","site-post-title":"","ast-breadcrumbs-content":"","ast-featured-img":"","footer-sml-layout":"","theme-transparent-header-meta":"","adv-header-id-meta":"","stick-header-meta":"","header-above-stick-meta":"","header-main-stick-meta":"","header-below-stick-meta":""},"pwb-brand":[330],"product_cat":[80],"product_tag":[],"class_list":{"0":"post-78840","1":"product","2":"type-product","3":"status-publish","5":"pwb-brand-vaico","6":"product_cat-iskunvaimennin","7":"desktop-align-left","8":"tablet-align-left","9":"mobile-align-left","11":"first","12":"instock","13":"product-type-external"},"brands":[{"id":330,"name":"VAICO","slug":"vaico"}],"_links":{"self":[{"href":"https:\/\/www.autonvaraosahaku.fi\/index.php?rest_route=\/wp\/v2\/product\/78840","targetHints":{"allow":["GET"]}}],"collection":[{"href":"https:\/\/www.autonvaraosahaku.fi\/index.php?rest_route=\/wp\/v2\/product"}],"about":[{"href":"https:\/\/www.autonvaraosahaku.fi\/index.php?rest_route=\/wp\/v2\/types\/product"}],"wp:attachment":[{"href":"https:\/\/www.autonvaraosahaku.fi\/index.php?rest_route=%2Fwp%2Fv2%2Fmedia&parent=78840"}],"wp:term":[{"taxonomy":"pwb-brand","embeddable":true,"href":"https:\/\/www.autonvaraosahaku.fi\/index.php?rest_route=%2Fwp%2Fv2%2Fpwb-brand&post=78840"},{"taxonomy":"product_cat","embeddable":true,"href":"https:\/\/www.autonvaraosahaku.fi\/index.php?rest_route=%2Fwp%2Fv2%2Fproduct_cat&post=78840"},{"taxonomy":"product_tag","embeddable":true,"href":"https:\/\/www.autonvaraosahaku.fi\/index.php?rest_route=%2Fwp%2Fv2%2Fproduct_tag&post=78840"}],"curies":[{"name":"wp","href":"https:\/\/api.w.org\/{rel}","templated":true}]}}