{"id":78850,"date":"2021-02-21T20:00:46","date_gmt":"2021-02-21T20:00:46","guid":{"rendered":"https:\/\/www.autonvaraosahaku.fi\/?product=hepu-p547-vesipumppu"},"modified":"2021-02-21T20:00:47","modified_gmt":"2021-02-21T20:00:47","slug":"hepu-p547-vesipumppu","status":"publish","type":"product","link":"https:\/\/www.autonvaraosahaku.fi\/?product=hepu-p547-vesipumppu","title":{"rendered":"HEPU P547 Vesipumppu"},"content":{"rendered":"<p>K\u00e4ytt\u00f6: Mekaaninen; Lis\u00e4tarvike\/lis\u00e4tieto: Tiivisteill\u00e4; Hammasluku: 23; Impellerdiameter [mm]: 60; Materiaali vesipumpun siipipy\u00f6r\u00e4: Metalli; TECDOC-moottorinumero: 15335; VW: GOLF IV 1J1,GOLF V 1K1,POLO 9N_,TOURAN 1T1, 1T2,PASSAT Variant 3B6,GOLF IV Variant 1J5,SHARAN 7M8, 7M9, 7M6,CADDY III Kombi 2KB, 2KJ, 2CB, 2CJ,PASSAT Variant 3B5,TRANSPORTER V Bus 7HB, 7HJ, 7EB, 7EJ, 7EF,MULTIVAN V 7HM, 7HN, 7HF, 7EF, 7EM, 7EN,CADDY III Kasten 2KA, 2KH, 2CA, 2CH,BORA 1J2,PASSAT 3B2,TRANSPORTER V Kasten 7HA, 7HH, 7EA, 7EH,NEW BEETLE 9C1, 1C1,PASSAT 3B3,BORA Kombi 1J6,NEW BEETLE Cabriolet 1Y7,JETTA IV 162, 163,TRANSPORTER V Pritsche\/Fahrgestell 7JD, 7JE, 7JL, 7JY, 7JZ,,SANTANA; AUDI: A3 8L1,A4 8D2, B5,A4 Avant 8ED, B7,A4 Avant 8E5, B6,A6 Avant 4B5, C5,A4 Avant 8D5, B5,A4 8E2, B6,A6 4B2, C5,A4 Cabriolet 8H7, B6, 8HE, B7,A4 8EC, B7,TT 8N3,TT Roadster 8N9; SKODA: FABIA Combi 6Y5,FABIA 6Y2,OCTAVIA Combi 1U5,OCTAVIA 1U2,SUPERB 3U4,FABIA Stufenheck 6Y3; SEAT: IBIZA IV 6L1,IBIZA V 6J5, 6P5,LEON 1M1,ALHAMBRA 7V8, 7V9,EXEO ST 3R5,IBIZA II 6K1,TOLEDO II 1M2,IBIZA V SPORTCOUPE 6J1, 6P1,EXEO 3R2,CORDOBA 6K1, 6K2,CORDOBA 6L2; 06A121011C, 06A121011E, 06A121011F, 06A121011G, 06A121011H, 06A121011L, 06A121011Q, 06A121011T, 06A121012, 06A121012B, 06A121012D, 06A121012E, 06A121012G, 06A121012V, 06A121012X, 06A121011C, 06A121011E, 06A121011F, 06A121011G, 06A121011H, 06A121011L, 06A121011Q, 06A121011T, 06A121012, 06A121012B, 06A121012D, 06A121012E, 06A121012G, 06A121012V, 06A121012X, 06A121011C, 06A121011E, 06A121011F, 06A121011G, 06A121011H, 06A121011L, 06A121011Q, 06A121011T, 06A121012, 06A121012B, 06A121012D, 06A121012E, 06A121012G, 06A121012V, 06A121012X, 06A121011C, 06A121011E, 06A121011F, 06A121011G, 06A121011H, 06A121011L, 06A121011Q, 06A121011T, 06A121012, 06A121012B, 06A121012D, 06A121012E, 06A121012G, 06A121012V, 06A121012X<\/p>\n","protected":false},"excerpt":{"rendered":"<p>HEPU Vesipumppu P547  VW,AUDI,SKODA,GOLF IV 1J1,GOLF V 1K1,POLO 9N_,TOURAN 1T1, 1T2,PASSAT Variant 3B6,GOLF IV Variant 1J5,SHARAN 7M8, 7M9, 7M6<\/p>\n","protected":false},"featured_media":0,"template":"","meta":{"site-sidebar-layout":"default","site-content-layout":"default","ast-global-header-display":"","ast-main-header-display":"","ast-hfb-above-header-display":"","ast-hfb-below-header-display":"","ast-hfb-mobile-header-display":"","site-post-title":"","ast-breadcrumbs-content":"","ast-featured-img":"","footer-sml-layout":"","theme-transparent-header-meta":"","adv-header-id-meta":"","stick-header-meta":"","header-above-stick-meta":"","header-main-stick-meta":"","header-below-stick-meta":""},"pwb-brand":[413],"product_cat":[279],"product_tag":[],"class_list":{"0":"post-78850","1":"product","2":"type-product","3":"status-publish","5":"pwb-brand-hepu","6":"product_cat-vesipumppu","7":"desktop-align-left","8":"tablet-align-left","9":"mobile-align-left","11":"first","12":"instock","13":"product-type-external"},"brands":[{"id":413,"name":"HEPU","slug":"hepu"}],"_links":{"self":[{"href":"https:\/\/www.autonvaraosahaku.fi\/index.php?rest_route=\/wp\/v2\/product\/78850","targetHints":{"allow":["GET"]}}],"collection":[{"href":"https:\/\/www.autonvaraosahaku.fi\/index.php?rest_route=\/wp\/v2\/product"}],"about":[{"href":"https:\/\/www.autonvaraosahaku.fi\/index.php?rest_route=\/wp\/v2\/types\/product"}],"wp:attachment":[{"href":"https:\/\/www.autonvaraosahaku.fi\/index.php?rest_route=%2Fwp%2Fv2%2Fmedia&parent=78850"}],"wp:term":[{"taxonomy":"pwb-brand","embeddable":true,"href":"https:\/\/www.autonvaraosahaku.fi\/index.php?rest_route=%2Fwp%2Fv2%2Fpwb-brand&post=78850"},{"taxonomy":"product_cat","embeddable":true,"href":"https:\/\/www.autonvaraosahaku.fi\/index.php?rest_route=%2Fwp%2Fv2%2Fproduct_cat&post=78850"},{"taxonomy":"product_tag","embeddable":true,"href":"https:\/\/www.autonvaraosahaku.fi\/index.php?rest_route=%2Fwp%2Fv2%2Fproduct_tag&post=78850"}],"curies":[{"name":"wp","href":"https:\/\/api.w.org\/{rel}","templated":true}]}}