{"id":78858,"date":"2021-02-21T20:00:46","date_gmt":"2021-02-21T20:00:46","guid":{"rendered":"https:\/\/www.autonvaraosahaku.fi\/?product=ajusa-14028200-oljypohjan-tiiviste"},"modified":"2021-02-21T20:00:49","modified_gmt":"2021-02-21T20:00:49","slug":"ajusa-14028200-oljypohjan-tiiviste","status":"publish","type":"product","link":"https:\/\/www.autonvaraosahaku.fi\/?product=ajusa-14028200-oljypohjan-tiiviste","title":{"rendered":"AJUSA 14028200 \u00d6ljypohjan tiiviste"},"content":{"rendered":"<p>Paksuus [mm]: 0,8; Leveys (mm): 234; Pituus (mm): 410; Paino [g]: 18,481; TECDOC-moottorinumero: 648; PEUGEOT: 205 II 20A\/C,205 I 741A\/C,309 I 10C, 10A; CITRO\u00cbN: C15 VD-_; TALBOT: MURENA,SIMCA 1000,HORIZON,SIMCA 1100 Schr\u00e4gheck,RANCHO,1307-1510,SOLARA; 030432, 030432, 0012853300, 0012853400, 0012853500, 0012853600, 0055182800, 102206, 12853300, 12853400, 12853500, 29944Z, 30197J, 32449U; Tiiviste, \u00d6ljypohja<\/p>\n","protected":false},"excerpt":{"rendered":"<p>AJUSA \u00d6ljypohjan Tiiviste 14028200 Tiiviste, \u00d6ljypohja PEUGEOT,CITRO\u00cbN,TALBOT,205 II 20A\/C,205 I 741A\/C,309 I 10C, 10A,C15 VD-_,MURENA,SIMCA 1000<\/p>\n","protected":false},"featured_media":0,"template":"","meta":{"site-sidebar-layout":"default","site-content-layout":"default","ast-global-header-display":"","ast-main-header-display":"","ast-hfb-above-header-display":"","ast-hfb-below-header-display":"","ast-hfb-mobile-header-display":"","site-post-title":"","ast-breadcrumbs-content":"","ast-featured-img":"","footer-sml-layout":"","theme-transparent-header-meta":"","adv-header-id-meta":"","stick-header-meta":"","header-above-stick-meta":"","header-main-stick-meta":"","header-below-stick-meta":""},"pwb-brand":[211],"product_cat":[180],"product_tag":[],"class_list":{"0":"post-78858","1":"product","2":"type-product","3":"status-publish","5":"pwb-brand-ajusa","6":"product_cat-oljypohjan-tiiviste","7":"desktop-align-left","8":"tablet-align-left","9":"mobile-align-left","11":"first","12":"instock","13":"product-type-external"},"brands":[{"id":211,"name":"AJUSA","slug":"ajusa"}],"_links":{"self":[{"href":"https:\/\/www.autonvaraosahaku.fi\/index.php?rest_route=\/wp\/v2\/product\/78858","targetHints":{"allow":["GET"]}}],"collection":[{"href":"https:\/\/www.autonvaraosahaku.fi\/index.php?rest_route=\/wp\/v2\/product"}],"about":[{"href":"https:\/\/www.autonvaraosahaku.fi\/index.php?rest_route=\/wp\/v2\/types\/product"}],"wp:attachment":[{"href":"https:\/\/www.autonvaraosahaku.fi\/index.php?rest_route=%2Fwp%2Fv2%2Fmedia&parent=78858"}],"wp:term":[{"taxonomy":"pwb-brand","embeddable":true,"href":"https:\/\/www.autonvaraosahaku.fi\/index.php?rest_route=%2Fwp%2Fv2%2Fpwb-brand&post=78858"},{"taxonomy":"product_cat","embeddable":true,"href":"https:\/\/www.autonvaraosahaku.fi\/index.php?rest_route=%2Fwp%2Fv2%2Fproduct_cat&post=78858"},{"taxonomy":"product_tag","embeddable":true,"href":"https:\/\/www.autonvaraosahaku.fi\/index.php?rest_route=%2Fwp%2Fv2%2Fproduct_tag&post=78858"}],"curies":[{"name":"wp","href":"https:\/\/api.w.org\/{rel}","templated":true}]}}