{"id":78865,"date":"2021-02-21T20:00:46","date_gmt":"2021-02-21T20:00:46","guid":{"rendered":"https:\/\/www.autonvaraosahaku.fi\/?product=vaico-v10-0328-oljynsuodatin"},"modified":"2021-02-21T20:00:51","modified_gmt":"2021-02-21T20:00:51","slug":"vaico-v10-0328-oljynsuodatin","status":"publish","type":"product","link":"https:\/\/www.autonvaraosahaku.fi\/?product=vaico-v10-0328-oljynsuodatin","title":{"rendered":"VAICO V10-0328 \u00d6ljynsuodatin"},"content":{"rendered":"<p>Sis\u00e4l\u00e4pimitta [mm]: 23,3; Suodatintyyppi: Suodatinpanos; Ulkol\u00e4pimitta [mm]: 84; Sis\u00e4l\u00e4pimitta 1 [mm]: 30,2; Avauspaine ohitusventtiili [bar]: 2,5; Korkeus (mm): 106,2; Paino [kg]: 0,2265; Pakkausleveys [cm]: 8,8; Pakkauskorkeus [mm]: 11,5; Pakkaussyvyys [cm]: 8,8; lis\u00e4tieto: CST99; Valmistusvuoteen: 12\/1995; VW: GOLF III 1H1,SHARAN 7M8, 7M9, 7M6,PASSAT Variant 3A5, 35I,GOLF III Variant 1H5,PASSAT 3A2, 35I,CORRADO 53I,VENTO 1H2; FORD: GALAXY WGR; 1669779, 021115562, 21115562, 021115562, 21115562, 021115561A, 021115562, 21115562<\/p>\n","protected":false},"excerpt":{"rendered":"<p>VAICO \u00d6ljynsuodatin V10-0328  VW,FORD,GOLF III 1H1,SHARAN 7M8, 7M9, 7M6,PASSAT Variant 3A5, 35I,GOLF III Variant 1H5,PASSAT 3A2, 35I,CORRADO 53I<\/p>\n","protected":false},"featured_media":0,"template":"","meta":{"site-sidebar-layout":"default","site-content-layout":"default","ast-global-header-display":"","ast-main-header-display":"","ast-hfb-above-header-display":"","ast-hfb-below-header-display":"","ast-hfb-mobile-header-display":"","site-post-title":"","ast-breadcrumbs-content":"","ast-featured-img":"","footer-sml-layout":"","theme-transparent-header-meta":"","adv-header-id-meta":"","stick-header-meta":"","header-above-stick-meta":"","header-main-stick-meta":"","header-below-stick-meta":""},"pwb-brand":[330],"product_cat":[30],"product_tag":[],"class_list":{"0":"post-78865","1":"product","2":"type-product","3":"status-publish","5":"pwb-brand-vaico","6":"product_cat-oljynsuodatin","7":"desktop-align-left","8":"tablet-align-left","9":"mobile-align-left","11":"first","12":"instock","13":"product-type-external"},"brands":[{"id":330,"name":"VAICO","slug":"vaico"}],"_links":{"self":[{"href":"https:\/\/www.autonvaraosahaku.fi\/index.php?rest_route=\/wp\/v2\/product\/78865","targetHints":{"allow":["GET"]}}],"collection":[{"href":"https:\/\/www.autonvaraosahaku.fi\/index.php?rest_route=\/wp\/v2\/product"}],"about":[{"href":"https:\/\/www.autonvaraosahaku.fi\/index.php?rest_route=\/wp\/v2\/types\/product"}],"wp:attachment":[{"href":"https:\/\/www.autonvaraosahaku.fi\/index.php?rest_route=%2Fwp%2Fv2%2Fmedia&parent=78865"}],"wp:term":[{"taxonomy":"pwb-brand","embeddable":true,"href":"https:\/\/www.autonvaraosahaku.fi\/index.php?rest_route=%2Fwp%2Fv2%2Fpwb-brand&post=78865"},{"taxonomy":"product_cat","embeddable":true,"href":"https:\/\/www.autonvaraosahaku.fi\/index.php?rest_route=%2Fwp%2Fv2%2Fproduct_cat&post=78865"},{"taxonomy":"product_tag","embeddable":true,"href":"https:\/\/www.autonvaraosahaku.fi\/index.php?rest_route=%2Fwp%2Fv2%2Fproduct_tag&post=78865"}],"curies":[{"name":"wp","href":"https:\/\/api.w.org\/{rel}","templated":true}]}}