{"id":78870,"date":"2021-02-21T20:00:54","date_gmt":"2021-02-21T20:00:54","guid":{"rendered":"https:\/\/www.autonvaraosahaku.fi\/?product=lesjofors-4256827-jouset"},"modified":"2021-02-21T20:00:54","modified_gmt":"2021-02-21T20:00:54","slug":"lesjofors-4256827-jouset","status":"publish","type":"product","link":"https:\/\/www.autonvaraosahaku.fi\/?product=lesjofors-4256827-jouset","title":{"rendered":"LESJ\u00d6FORS 4256827 Jouset"},"content":{"rendered":"<p>Asennuspuoli: Taka-akseli; Jousimalli: Kierrejousi; Akseliv\u00e4li: lyhyt akseliv\u00e4li; Akseliv\u00e4li (mm): 2400; Valmistusvuoteen: 12\/1990; MERCEDES-BENZ: G-CLASS W460; 4603240304; Kierrejousi<\/p>\n","protected":false},"excerpt":{"rendered":"<p>LESJ\u00d6FORS Jousi 4256827 Kierrejousi MERCEDES-BENZ,G-CLASS W460<\/p>\n","protected":false},"featured_media":0,"template":"","meta":{"site-sidebar-layout":"default","site-content-layout":"default","ast-global-header-display":"","ast-main-header-display":"","ast-hfb-above-header-display":"","ast-hfb-below-header-display":"","ast-hfb-mobile-header-display":"","site-post-title":"","ast-breadcrumbs-content":"","ast-featured-img":"","footer-sml-layout":"","theme-transparent-header-meta":"","adv-header-id-meta":"","stick-header-meta":"","header-above-stick-meta":"","header-main-stick-meta":"","header-below-stick-meta":""},"pwb-brand":[193],"product_cat":[171],"product_tag":[],"class_list":{"0":"post-78870","1":"product","2":"type-product","3":"status-publish","5":"pwb-brand-lesjofors","6":"product_cat-jouset","7":"desktop-align-left","8":"tablet-align-left","9":"mobile-align-left","11":"first","12":"instock","13":"product-type-external"},"brands":[{"id":193,"name":"LESJ\u00d6FORS","slug":"lesjofors"}],"_links":{"self":[{"href":"https:\/\/www.autonvaraosahaku.fi\/index.php?rest_route=\/wp\/v2\/product\/78870","targetHints":{"allow":["GET"]}}],"collection":[{"href":"https:\/\/www.autonvaraosahaku.fi\/index.php?rest_route=\/wp\/v2\/product"}],"about":[{"href":"https:\/\/www.autonvaraosahaku.fi\/index.php?rest_route=\/wp\/v2\/types\/product"}],"wp:attachment":[{"href":"https:\/\/www.autonvaraosahaku.fi\/index.php?rest_route=%2Fwp%2Fv2%2Fmedia&parent=78870"}],"wp:term":[{"taxonomy":"pwb-brand","embeddable":true,"href":"https:\/\/www.autonvaraosahaku.fi\/index.php?rest_route=%2Fwp%2Fv2%2Fpwb-brand&post=78870"},{"taxonomy":"product_cat","embeddable":true,"href":"https:\/\/www.autonvaraosahaku.fi\/index.php?rest_route=%2Fwp%2Fv2%2Fproduct_cat&post=78870"},{"taxonomy":"product_tag","embeddable":true,"href":"https:\/\/www.autonvaraosahaku.fi\/index.php?rest_route=%2Fwp%2Fv2%2Fproduct_tag&post=78870"}],"curies":[{"name":"wp","href":"https:\/\/api.w.org\/{rel}","templated":true}]}}