{"id":78915,"date":"2021-02-21T20:01:08","date_gmt":"2021-02-21T20:01:08","guid":{"rendered":"https:\/\/www.autonvaraosahaku.fi\/?product=vaico-v30-80034-jarrulevyt"},"modified":"2021-02-21T20:01:10","modified_gmt":"2021-02-21T20:01:10","slug":"vaico-v30-80034-jarrulevyt","status":"publish","type":"product","link":"https:\/\/www.autonvaraosahaku.fi\/?product=vaico-v30-80034-jarrulevyt","title":{"rendered":"VAICO V30-80034 Jarrulevyt"},"content":{"rendered":"<p>Asennuspuoli: Etuakseli; Jarrulevyn navan korkeus [mm]: 21,4; Vanne, aukkoja: 5; Korkeus (mm): 46,5; Jarrulevytyyppi: Tuuletettu, sis\u00e4; Jarrulevyn paksuus (mm): 25; V\u00e4himm\u00e4ispaksuus (mm): 22,4; Ulkol\u00e4pimitta [mm]: 288; keskitt\u00e4misl\u00e4pimitta [mm]: 67, 67; Reik\u00e4ympyr\u00e4-\u00d8 [mm]: 112, 112; Pakkausleveys [cm]: 30, 30; Pakkauskorkeus [mm]: 10, 10; Pakkaussyvyys [cm]: 30, 30; Reik\u00e4-\u00d8 1 [mm]: 13,3; Reik\u00e4-\u00d8 2 [mm]: 9,25; t\u00e4ytt\u00e4\u00e4 ECE-normin: R90; Paino [kg]: 7,398; lis\u00e4tieto: CST99; Vannekoko (tuumaa): 15; MERCEDES-BENZ: C-CLASS W203,C-CLASS T-Model S203,C-CLASS W202,SLK R170,E-CLASS W210,C-CLASS Coupe CL203,E-CLASS Kombi S210,SLK R171,CLK C208,CLK C209,C-CLASS Kombi S202,CLK Cabriolet A208,CLK Cabriolet A209,CLC-CLASS CL203; 2104210712, 2104212412, 210421241264, 2104212512, A2104210712, A2104212412, A210421241264, A2104212512; Jarrulevy<\/p>\n","protected":false},"excerpt":{"rendered":"<p>VAICO Jarrulevyt V30-80034 Jarrulevy MERCEDES-BENZ,C-CLASS W203,C-CLASS T-Model S203,C-CLASS W202,SLK R170,E-CLASS W210,C-CLASS Coupe CL203<\/p>\n","protected":false},"featured_media":0,"template":"","meta":{"site-sidebar-layout":"default","site-content-layout":"default","ast-global-header-display":"","ast-main-header-display":"","ast-hfb-above-header-display":"","ast-hfb-below-header-display":"","ast-hfb-mobile-header-display":"","site-post-title":"","ast-breadcrumbs-content":"","ast-featured-img":"","footer-sml-layout":"","theme-transparent-header-meta":"","adv-header-id-meta":"","stick-header-meta":"","header-above-stick-meta":"","header-main-stick-meta":"","header-below-stick-meta":""},"pwb-brand":[330],"product_cat":[66],"product_tag":[],"class_list":{"0":"post-78915","1":"product","2":"type-product","3":"status-publish","5":"pwb-brand-vaico","6":"product_cat-jarrulevyt","7":"desktop-align-left","8":"tablet-align-left","9":"mobile-align-left","11":"first","12":"instock","13":"product-type-external"},"brands":[{"id":330,"name":"VAICO","slug":"vaico"}],"_links":{"self":[{"href":"https:\/\/www.autonvaraosahaku.fi\/index.php?rest_route=\/wp\/v2\/product\/78915","targetHints":{"allow":["GET"]}}],"collection":[{"href":"https:\/\/www.autonvaraosahaku.fi\/index.php?rest_route=\/wp\/v2\/product"}],"about":[{"href":"https:\/\/www.autonvaraosahaku.fi\/index.php?rest_route=\/wp\/v2\/types\/product"}],"wp:attachment":[{"href":"https:\/\/www.autonvaraosahaku.fi\/index.php?rest_route=%2Fwp%2Fv2%2Fmedia&parent=78915"}],"wp:term":[{"taxonomy":"pwb-brand","embeddable":true,"href":"https:\/\/www.autonvaraosahaku.fi\/index.php?rest_route=%2Fwp%2Fv2%2Fpwb-brand&post=78915"},{"taxonomy":"product_cat","embeddable":true,"href":"https:\/\/www.autonvaraosahaku.fi\/index.php?rest_route=%2Fwp%2Fv2%2Fproduct_cat&post=78915"},{"taxonomy":"product_tag","embeddable":true,"href":"https:\/\/www.autonvaraosahaku.fi\/index.php?rest_route=%2Fwp%2Fv2%2Fproduct_tag&post=78915"}],"curies":[{"name":"wp","href":"https:\/\/api.w.org\/{rel}","templated":true}]}}