{"id":78939,"date":"2021-02-21T20:01:16","date_gmt":"2021-02-21T20:01:16","guid":{"rendered":"https:\/\/www.autonvaraosahaku.fi\/?product=vaico-v25-7066-alatukivarsi"},"modified":"2021-02-21T20:01:19","modified_gmt":"2021-02-21T20:01:19","slug":"vaico-v25-7066-alatukivarsi","status":"publish","type":"product","link":"https:\/\/www.autonvaraosahaku.fi\/?product=vaico-v25-7066-alatukivarsi","title":{"rendered":"VAICO V25-7066 Alatukivarsi"},"content":{"rendered":"<p>Parilliset tuotenumerot: V25-7067; Ohjausmalli: Poikittaistukivarsi; Asennuspuoli: Oikea, Etuakseli, ala; Korvaava tuote\/korvaava tiedote 2: Ilman alapallo-\/pallonivelt\u00e4; Suositellun erikoisty\u00f6kalun tuotenumero: V99-1020; Akselimittaus asennuksen j\u00e4lkeen: ; Paino [kg]: 6,2; Pakkausleveys [cm]: 7,5; Pakkauskorkeus [mm]: 49,4; Pakkaussyvyys [cm]: 46; lis\u00e4tieto: CST99; Alustarakenne: f\u00fcr Fahrzeuge mit Standard Fahrwerk; FORD: TRANSIT MK-7 Kasten,TRANSIT MK-7 Bus,TRANSIT Kasten FA_ _,TRANSIT Bus FD_ _, FB_ _, FS_ _, FZ_ _, FC_ _,TRANSIT MK-7 Pritsche\/Fahrgestell,TRANSIT Pritsche\/Fahrgestell FM_ _, FN_ _,TRANSIT TOURNEO FB,TRANSIT TOURNEO E_,TRANSIT CUSTOM Kasten,TRANSIT Custom  Bus,TRANSIT Custom Pritsche\/Fahrgestell; 1438315, 1438316, 1495666, 1553246, 1735889, 4042022, 4140393, 4164518, 4372130, 4540774, 6C113A052EA, 6C113A052EB, 6C113A052FA, 6C113A052FB, 6C113A052FC, YC153A052AH, YC153A052AJ, YC153A052AK, YC153A052AL, YC153A052AM, 6C113A042EA; Tukivarsi,Tukivarsi, Py\u00f6r\u00e4ntuenta<\/p>\n","protected":false},"excerpt":{"rendered":"<p>VAICO Alatukivarsi V25-7066 Tukivarsi,Tukivarsi, Py\u00f6r\u00e4ntuenta FORD,TRANSIT MK-7 Kasten,TRANSIT MK-7 Bus,TRANSIT Kasten FA_ _<\/p>\n","protected":false},"featured_media":0,"template":"","meta":{"site-sidebar-layout":"default","site-content-layout":"default","ast-global-header-display":"","ast-main-header-display":"","ast-hfb-above-header-display":"","ast-hfb-below-header-display":"","ast-hfb-mobile-header-display":"","site-post-title":"","ast-breadcrumbs-content":"","ast-featured-img":"","footer-sml-layout":"","theme-transparent-header-meta":"","adv-header-id-meta":"","stick-header-meta":"","header-above-stick-meta":"","header-main-stick-meta":"","header-below-stick-meta":""},"pwb-brand":[330],"product_cat":[62],"product_tag":[],"class_list":{"0":"post-78939","1":"product","2":"type-product","3":"status-publish","5":"pwb-brand-vaico","6":"product_cat-alatukivarsi","7":"desktop-align-left","8":"tablet-align-left","9":"mobile-align-left","11":"first","12":"instock","13":"product-type-external"},"brands":[{"id":330,"name":"VAICO","slug":"vaico"}],"_links":{"self":[{"href":"https:\/\/www.autonvaraosahaku.fi\/index.php?rest_route=\/wp\/v2\/product\/78939","targetHints":{"allow":["GET"]}}],"collection":[{"href":"https:\/\/www.autonvaraosahaku.fi\/index.php?rest_route=\/wp\/v2\/product"}],"about":[{"href":"https:\/\/www.autonvaraosahaku.fi\/index.php?rest_route=\/wp\/v2\/types\/product"}],"wp:attachment":[{"href":"https:\/\/www.autonvaraosahaku.fi\/index.php?rest_route=%2Fwp%2Fv2%2Fmedia&parent=78939"}],"wp:term":[{"taxonomy":"pwb-brand","embeddable":true,"href":"https:\/\/www.autonvaraosahaku.fi\/index.php?rest_route=%2Fwp%2Fv2%2Fpwb-brand&post=78939"},{"taxonomy":"product_cat","embeddable":true,"href":"https:\/\/www.autonvaraosahaku.fi\/index.php?rest_route=%2Fwp%2Fv2%2Fproduct_cat&post=78939"},{"taxonomy":"product_tag","embeddable":true,"href":"https:\/\/www.autonvaraosahaku.fi\/index.php?rest_route=%2Fwp%2Fv2%2Fproduct_tag&post=78939"}],"curies":[{"name":"wp","href":"https:\/\/api.w.org\/{rel}","templated":true}]}}