{"id":78971,"date":"2021-02-21T20:01:31","date_gmt":"2021-02-21T20:01:31","guid":{"rendered":"https:\/\/www.autonvaraosahaku.fi\/?product=vegaz-hod-112-pakosarjan-tiivisteet"},"modified":"2021-02-21T20:01:32","modified_gmt":"2021-02-21T20:01:32","slug":"vegaz-hod-112-pakosarjan-tiivisteet","status":"publish","type":"product","link":"https:\/\/www.autonvaraosahaku.fi\/?product=vegaz-hod-112-pakosarjan-tiivisteet","title":{"rendered":"VEGAZ HOD-112 Pakosarjan tiivisteet"},"content":{"rendered":"<p>Korkeus (mm): 4,3; Materiaali: Ter\u00e4s; Sis\u00e4l\u00e4pimitta [mm]: 53; Ulkol\u00e4pimitta [mm]: 61; Muoto: O-muoto; Paksuus [mm]: 4; Valmistusvuosi alkaen: 01\/1991; NISSAN: PRIMERA Traveller W10; HONDA: CIVIC VII Hatchback EU, EP, EV,CR-V II RD_,CIVIC VI Hatchback EJ, EK,CIVIC VI Fastback MA, MB,CRX III EH, EG,LOGO GA3,CIVIC VI Aerodeck MB, MC,STREAM RN,CR-V I RD,HR-V GH,CRX II ED, EE,CIVIC V Hatchback EG,ACCORD V CE, CF,CIVIC VI Stufenheck EJ, EK,PRELUDE IV BB,CIVIC VI Coupe EJ, EM1,CIVIC V Coupe EJ,PRELUDE III BA,ACCORD IV CB,CIVIC V Stufenheck EG, EH,ACCORD V CC, CD,CONCERTO HW,CRX I AF, AS,PRELUDE II AB,ACCORD III CA,ACCORD IV Aerodeck CB,CONCERTO Stufenheck HWW,ACCORD III Aerodeck CA,ACCORD IV Coupe CB, CC,LEGEND I Coupe KA3,CIVIC II Shuttle EE,LEGEND I HS, KA; ROVER: 600 RH,CABRIOLET XW,800 XS,200 Hatchback XW,200 Coupe XW,800 Hatchback XS,400 Tourer XW,400 XW; LANCIA: LYBRA SW 839BX,LYBRA 839AX; FIAT: PUNTO 188,STILO 192,DOBLO Cargo 223,STILO Multi Wagon 192,DOBLO 119,BRAVO I 182,BRAVA 182,MAREA Weekend 185,MAREA 185; GEX7728, GEX7748, 46753222, 18393S39000, 18393S39S00, 18393SA0000, 18393SG9000, 18393SH3000, 18393SH3S00, 854956, 2069130P00, 2069151E01, 854956, GEX7728, GEX7748, 854956<\/p>\n","protected":false},"excerpt":{"rendered":"<p>VEGAZ Tiivisterengas, Pakoputki HOD-112  NISSAN,HONDA,ROVER,PRIMERA Traveller W10,CIVIC VII Hatchback EU, EP, EV,CR-V II RD_,CIVIC VI Hatchback EJ, EK<\/p>\n","protected":false},"featured_media":0,"template":"","meta":{"site-sidebar-layout":"default","site-content-layout":"default","ast-global-header-display":"","ast-main-header-display":"","ast-hfb-above-header-display":"","ast-hfb-below-header-display":"","ast-hfb-mobile-header-display":"","site-post-title":"","ast-breadcrumbs-content":"","ast-featured-img":"","footer-sml-layout":"","theme-transparent-header-meta":"","adv-header-id-meta":"","stick-header-meta":"","header-above-stick-meta":"","header-main-stick-meta":"","header-below-stick-meta":""},"pwb-brand":[306],"product_cat":[123],"product_tag":[],"class_list":{"0":"post-78971","1":"product","2":"type-product","3":"status-publish","5":"pwb-brand-vegaz","6":"product_cat-pakosarjan-tiivisteet","7":"desktop-align-left","8":"tablet-align-left","9":"mobile-align-left","11":"first","12":"instock","13":"product-type-external"},"brands":[{"id":306,"name":"VEGAZ","slug":"vegaz"}],"_links":{"self":[{"href":"https:\/\/www.autonvaraosahaku.fi\/index.php?rest_route=\/wp\/v2\/product\/78971","targetHints":{"allow":["GET"]}}],"collection":[{"href":"https:\/\/www.autonvaraosahaku.fi\/index.php?rest_route=\/wp\/v2\/product"}],"about":[{"href":"https:\/\/www.autonvaraosahaku.fi\/index.php?rest_route=\/wp\/v2\/types\/product"}],"wp:attachment":[{"href":"https:\/\/www.autonvaraosahaku.fi\/index.php?rest_route=%2Fwp%2Fv2%2Fmedia&parent=78971"}],"wp:term":[{"taxonomy":"pwb-brand","embeddable":true,"href":"https:\/\/www.autonvaraosahaku.fi\/index.php?rest_route=%2Fwp%2Fv2%2Fpwb-brand&post=78971"},{"taxonomy":"product_cat","embeddable":true,"href":"https:\/\/www.autonvaraosahaku.fi\/index.php?rest_route=%2Fwp%2Fv2%2Fproduct_cat&post=78971"},{"taxonomy":"product_tag","embeddable":true,"href":"https:\/\/www.autonvaraosahaku.fi\/index.php?rest_route=%2Fwp%2Fv2%2Fproduct_tag&post=78971"}],"curies":[{"name":"wp","href":"https:\/\/api.w.org\/{rel}","templated":true}]}}