{"id":78979,"date":"2021-02-21T20:01:31","date_gmt":"2021-02-21T20:01:31","guid":{"rendered":"https:\/\/www.autonvaraosahaku.fi\/?product=japanparts-pa-h05af-jarrupalat"},"modified":"2021-02-21T20:01:34","modified_gmt":"2021-02-21T20:01:34","slug":"japanparts-pa-h05af-jarrupalat","status":"publish","type":"product","link":"https:\/\/www.autonvaraosahaku.fi\/?product=japanparts-pa-h05af-jarrupalat","title":{"rendered":"JAPANPARTS PA-H05AF Jarrupalat"},"content":{"rendered":"<p>Asennuspuoli: Etuakseli; Jarrutyyppi: Levyjarru; Pituus (mm): 149,1; Korkeus (mm): 58,7; Paksuus [mm]: 16; WVA-numero: 23571; Tarkistuskilpi: ECE R90 APPROVED; M\u00e4\u00e4r\u00e4yksikk\u00f6: Akselisarja; Valmistusvuosi alkaen: 01\/2002; HYUNDAI: SANTA F\u00c9 I SM,TRAJET FO,H-1 Kasten,H-1 \/ STAREX,XG XG,H-1 Pritsche\/Fahrgestell; DAEWOO: REXTON GAB_; SSANGYONG: REXTON GAB_,KYRON,ACTYON SPORTS I QJ,ACTYON I; 1Y040NS041, 410604L092, 410605L725, 410609E025, 41060ZG225, 48130090A1, 48130090A2, 48130091A0, 55861370260, 5810126A00, 5810126A10, 5810126A20, 5810126A30, 5810139A20, 5810139A30, 5810139A40, 581013AA10, 581013AA20, 581013AA30, 5810147A00, 581014AA26, 581014AA90, AY040NS048, AY040NS054, AY040NS081, AY040NS090, OK52Y3523Z, 581014AA90, V9118N021, 410606M090, 41060MB225, D1060MB20C, 4813008250, 4813008260, 4813008BA0, 48130090A1, 48130090A2, 48130091A0; Jarrupalasarja,Jarrupala, Levyjarru<\/p>\n","protected":false},"excerpt":{"rendered":"<p>JAPANPARTS Jarrupalat PA-H05AF Jarrupalasarja,Jarrupala, Levyjarru HYUNDAI,DAEWOO,SSANGYONG,SANTA F\u00c9 I SM,TRAJET FO,H-1 Kasten,H-1 \/ STAREX,XG XG<\/p>\n","protected":false},"featured_media":0,"template":"","meta":{"site-sidebar-layout":"default","site-content-layout":"default","ast-global-header-display":"","ast-main-header-display":"","ast-hfb-above-header-display":"","ast-hfb-below-header-display":"","ast-hfb-mobile-header-display":"","site-post-title":"","ast-breadcrumbs-content":"","ast-featured-img":"","footer-sml-layout":"","theme-transparent-header-meta":"","adv-header-id-meta":"","stick-header-meta":"","header-above-stick-meta":"","header-main-stick-meta":"","header-below-stick-meta":""},"pwb-brand":[334],"product_cat":[100],"product_tag":[],"class_list":{"0":"post-78979","1":"product","2":"type-product","3":"status-publish","5":"pwb-brand-japanparts","6":"product_cat-jarrupalat","7":"desktop-align-left","8":"tablet-align-left","9":"mobile-align-left","11":"first","12":"instock","13":"product-type-external"},"brands":[{"id":334,"name":"JAPANPARTS","slug":"japanparts"}],"_links":{"self":[{"href":"https:\/\/www.autonvaraosahaku.fi\/index.php?rest_route=\/wp\/v2\/product\/78979","targetHints":{"allow":["GET"]}}],"collection":[{"href":"https:\/\/www.autonvaraosahaku.fi\/index.php?rest_route=\/wp\/v2\/product"}],"about":[{"href":"https:\/\/www.autonvaraosahaku.fi\/index.php?rest_route=\/wp\/v2\/types\/product"}],"wp:attachment":[{"href":"https:\/\/www.autonvaraosahaku.fi\/index.php?rest_route=%2Fwp%2Fv2%2Fmedia&parent=78979"}],"wp:term":[{"taxonomy":"pwb-brand","embeddable":true,"href":"https:\/\/www.autonvaraosahaku.fi\/index.php?rest_route=%2Fwp%2Fv2%2Fpwb-brand&post=78979"},{"taxonomy":"product_cat","embeddable":true,"href":"https:\/\/www.autonvaraosahaku.fi\/index.php?rest_route=%2Fwp%2Fv2%2Fproduct_cat&post=78979"},{"taxonomy":"product_tag","embeddable":true,"href":"https:\/\/www.autonvaraosahaku.fi\/index.php?rest_route=%2Fwp%2Fv2%2Fproduct_tag&post=78979"}],"curies":[{"name":"wp","href":"https:\/\/api.w.org\/{rel}","templated":true}]}}