{"id":78981,"date":"2021-02-21T20:01:31","date_gmt":"2021-02-21T20:01:31","guid":{"rendered":"https:\/\/www.autonvaraosahaku.fi\/?product=japanparts-pa-435af-jarrupalat"},"modified":"2021-02-21T20:01:35","modified_gmt":"2021-02-21T20:01:35","slug":"japanparts-pa-435af-jarrupalat","status":"publish","type":"product","link":"https:\/\/www.autonvaraosahaku.fi\/?product=japanparts-pa-435af-jarrupalat","title":{"rendered":"JAPANPARTS PA-435AF Jarrupalat"},"content":{"rendered":"<p>Asennuspuoli: Etuakseli; Jarrutyyppi: Levyjarru; Pituus (mm): 136,7; Korkeus (mm): 58,3; Paksuus [mm]: 16; Jarruj\u00e4rjestelm\u00e4: AKEBONO; WVA-numero: 21694; Tarkistuskilpi: ECE R90 APPROVED; M\u00e4\u00e4r\u00e4yksikk\u00f6: Akselisarja; Valmistusvuosi alkaen: 01\/1998; HONDA: CIVIC VII Hatchback EU, EP, EV,CIVIC VI Hatchback EJ, EK,CIVIC VI Fastback MA, MB,CRX III EH, EG,CIVIC V Hatchback EG,CIVIC VII Coupe EM2,CIVIC VI Stufenheck EJ, EK,CIVIC VI Coupe EJ, EM1,CIVIC V Coupe EJ,CIVIC VII Stufenheck ES,CIVIC V Stufenheck EG, EH; 45022S7A000, 06450S5AE50, 06450S5AG00, 06450S5AJ00, 06450S5BJ00, 06450S7AJ00, 45022504V10, 45022S04408, 45022S04E60, 45022S04V00, 45022S04V01, 45022S04V02, 45022S04V03, 45022S04V10, 45022S04V11, 45022S04V12, 45022S5AE50, 45022S5AG00, 45022S5AG01, 45022S5AJ00, 45022S5BE00, 45022S5BJ00, 45022S5BJ01, 45022S7A000, 45022S7A010, 45022SCC000, 45022SLNA01, 45022SO4V10, 45022SO4V11, 45022SO4V12, 45022SP3V03, 45022SR3307, 45022SR3V00, 45022SR3V01, 45022SR3V02, 45022SR3V03, 45022SR3V10, 45022SR3V11, 45022SR3V12, 45022TR2A00, 45022TR2A01, 4502S7A003, 4502SCC003, 4502SO4003, 5860144560, 5860148340, H4502S04003, H4502S7A003, H4502SCC003, 586005260, 5860052600, 586005261, 5860052610, 586009207, 5860092070, 586014123, 5860141230, 586014456, 5860144560, 586014834, 5860148340, AY040HN017, V9118H013, AY040HN007; Jarrupalasarja,Jarrupala, Levyjarru<\/p>\n","protected":false},"excerpt":{"rendered":"<p>JAPANPARTS Jarrupalat PA-435AF Jarrupalasarja,Jarrupala, Levyjarru HONDA,CIVIC VII Hatchback EU, EP, EV,CIVIC VI Hatchback EJ, EK<\/p>\n","protected":false},"featured_media":0,"template":"","meta":{"site-sidebar-layout":"default","site-content-layout":"default","ast-global-header-display":"","ast-main-header-display":"","ast-hfb-above-header-display":"","ast-hfb-below-header-display":"","ast-hfb-mobile-header-display":"","site-post-title":"","ast-breadcrumbs-content":"","ast-featured-img":"","footer-sml-layout":"","theme-transparent-header-meta":"","adv-header-id-meta":"","stick-header-meta":"","header-above-stick-meta":"","header-main-stick-meta":"","header-below-stick-meta":""},"pwb-brand":[334],"product_cat":[100],"product_tag":[],"class_list":{"0":"post-78981","1":"product","2":"type-product","3":"status-publish","5":"pwb-brand-japanparts","6":"product_cat-jarrupalat","7":"desktop-align-left","8":"tablet-align-left","9":"mobile-align-left","11":"first","12":"instock","13":"product-type-external"},"brands":[{"id":334,"name":"JAPANPARTS","slug":"japanparts"}],"_links":{"self":[{"href":"https:\/\/www.autonvaraosahaku.fi\/index.php?rest_route=\/wp\/v2\/product\/78981","targetHints":{"allow":["GET"]}}],"collection":[{"href":"https:\/\/www.autonvaraosahaku.fi\/index.php?rest_route=\/wp\/v2\/product"}],"about":[{"href":"https:\/\/www.autonvaraosahaku.fi\/index.php?rest_route=\/wp\/v2\/types\/product"}],"wp:attachment":[{"href":"https:\/\/www.autonvaraosahaku.fi\/index.php?rest_route=%2Fwp%2Fv2%2Fmedia&parent=78981"}],"wp:term":[{"taxonomy":"pwb-brand","embeddable":true,"href":"https:\/\/www.autonvaraosahaku.fi\/index.php?rest_route=%2Fwp%2Fv2%2Fpwb-brand&post=78981"},{"taxonomy":"product_cat","embeddable":true,"href":"https:\/\/www.autonvaraosahaku.fi\/index.php?rest_route=%2Fwp%2Fv2%2Fproduct_cat&post=78981"},{"taxonomy":"product_tag","embeddable":true,"href":"https:\/\/www.autonvaraosahaku.fi\/index.php?rest_route=%2Fwp%2Fv2%2Fproduct_tag&post=78981"}],"curies":[{"name":"wp","href":"https:\/\/api.w.org\/{rel}","templated":true}]}}