{"id":7899,"date":"2021-02-21T14:01:31","date_gmt":"2021-02-21T14:01:31","guid":{"rendered":"https:\/\/www.autonvaraosahaku.fi\/?product=metzger-2317014-keskuslukitus"},"modified":"2021-02-21T14:01:31","modified_gmt":"2021-02-21T14:01:31","slug":"metzger-2317014-keskuslukitus","status":"publish","type":"product","link":"https:\/\/www.autonvaraosahaku.fi\/?product=metzger-2317014-keskuslukitus","title":{"rendered":"METZGER 2317014 Keskuslukitus"},"content":{"rendered":"<p>K\u00e4ytt\u00f6: S\u00e4hk\u00f6inen; Asennuspuoli: Tavaratila; RENAULT: TWINGO I C06_,CLIO II BB0\/1\/2_, CB0\/1\/2_,KANGOO KC0\/1_,SC\u00c9NIC I JA0\/1_,ESPACE III JE0_,MEGANE I BA0\/1_,KANGOO Express FC0\/1_,MEGANE I Cabriolet EA0\/1_,CLIO I B\/C57_, 5\/357_,MEGANE I Classic LA0\/1_,19 II B\/C53_,19 II Cabriolet D53_, 853_,SUPER 5 B\/C40_,RAPID Kasten F40_, G40_,19 I B\/C53_,SAFRANE II B54_,SAFRANE I B54_,19 II Chamade L53_,19 I Chamade L53_,19 I Cabriolet D53_,EXPRESS Kasten\/Kombi; 7700712901, 7700790616; Keskuslukitussarja,S\u00e4\u00e4t\u00f6elementti, Keskuslukitus<\/p>\n","protected":false},"excerpt":{"rendered":"<p>METZGER Keskuslukitus 2317014 Keskuslukitussarja,S\u00e4\u00e4t\u00f6elementti, Keskuslukitus RENAULT,TWINGO I C06_,CLIO II BB0\/1\/2_, CB0\/1\/2_,KANGOO KC0\/1_<\/p>\n","protected":false},"featured_media":0,"template":"","meta":{"site-sidebar-layout":"default","site-content-layout":"default","ast-global-header-display":"","ast-main-header-display":"","ast-hfb-above-header-display":"","ast-hfb-below-header-display":"","ast-hfb-mobile-header-display":"","site-post-title":"","ast-breadcrumbs-content":"","ast-featured-img":"","footer-sml-layout":"","theme-transparent-header-meta":"","adv-header-id-meta":"","stick-header-meta":"","header-above-stick-meta":"","header-main-stick-meta":"","header-below-stick-meta":""},"pwb-brand":[69],"product_cat":[202],"product_tag":[],"class_list":{"0":"post-7899","1":"product","2":"type-product","3":"status-publish","5":"pwb-brand-metzger","6":"product_cat-keskuslukitus","7":"desktop-align-left","8":"tablet-align-left","9":"mobile-align-left","11":"first","12":"instock","13":"product-type-external"},"brands":[{"id":69,"name":"METZGER","slug":"metzger"}],"_links":{"self":[{"href":"https:\/\/www.autonvaraosahaku.fi\/index.php?rest_route=\/wp\/v2\/product\/7899","targetHints":{"allow":["GET"]}}],"collection":[{"href":"https:\/\/www.autonvaraosahaku.fi\/index.php?rest_route=\/wp\/v2\/product"}],"about":[{"href":"https:\/\/www.autonvaraosahaku.fi\/index.php?rest_route=\/wp\/v2\/types\/product"}],"wp:attachment":[{"href":"https:\/\/www.autonvaraosahaku.fi\/index.php?rest_route=%2Fwp%2Fv2%2Fmedia&parent=7899"}],"wp:term":[{"taxonomy":"pwb-brand","embeddable":true,"href":"https:\/\/www.autonvaraosahaku.fi\/index.php?rest_route=%2Fwp%2Fv2%2Fpwb-brand&post=7899"},{"taxonomy":"product_cat","embeddable":true,"href":"https:\/\/www.autonvaraosahaku.fi\/index.php?rest_route=%2Fwp%2Fv2%2Fproduct_cat&post=7899"},{"taxonomy":"product_tag","embeddable":true,"href":"https:\/\/www.autonvaraosahaku.fi\/index.php?rest_route=%2Fwp%2Fv2%2Fproduct_tag&post=7899"}],"curies":[{"name":"wp","href":"https:\/\/api.w.org\/{rel}","templated":true}]}}